{"id":850,"date":"2020-02-16T07:27:06","date_gmt":"2020-02-16T06:27:06","guid":{"rendered":"https:\/\/www.minibini.at\/shop\/?post_type=product&#038;p=850"},"modified":"2023-10-28T13:44:40","modified_gmt":"2023-10-28T11:44:40","slug":"damen-geldboerse","status":"publish","type":"product","link":"https:\/\/www.minibini.at\/shop\/produkt\/damen-geldboerse\/","title":{"rendered":"Damen Geldb\u00f6rsen"},"content":{"rendered":"<p>Diese edle Kunstleder-Geldb\u00f6rse ist ca. 21 cm breit, 12 cm hoch und enth\u00e4lt 12 Pl\u00e4tze f\u00fcr Karten. Innen ist ein Fach mit Rei\u00dfverschluss und zwei Hauptf\u00e4cher f\u00fcr Banknoten oder anderes. Die Geldb\u00f6rse wurde sorgf\u00e4ltig entworfen, um die Transparenz und Ordnung Deiner Dokumente und Deines Geldes zu gew\u00e4hrleisten.<\/p>\n<p>Die Farben der abgebildeten Artikel k\u00f6nnen vom Original je nach Monitor und Aufl\u00f6sung abweichen, daf\u00fcr k\u00f6nnen wir keine Garantie \u00fcbernehmen.<\/p>\n<p><img loading=\"lazy\" decoding=\"async\" class=\"wp-image-3676 size-thumbnail aligncenter\" src=\"https:\/\/www.minibini.at\/shop\/wp-content\/uploads\/2020\/02\/IMG_20201109_141306-150x150.jpg\" alt=\"\" width=\"150\" height=\"150\" srcset=\"https:\/\/www.minibini.at\/shop\/wp-content\/uploads\/2020\/02\/IMG_20201109_141306-150x150.jpg 150w, https:\/\/www.minibini.at\/shop\/wp-content\/uploads\/2020\/02\/IMG_20201109_141306-scaled-340x340.jpg 340w, https:\/\/www.minibini.at\/shop\/wp-content\/uploads\/2020\/02\/IMG_20201109_141306-scaled-100x100.jpg 100w, https:\/\/www.minibini.at\/shop\/wp-content\/uploads\/2020\/02\/IMG_20201109_141306-scaled-600x600.jpg 600w, https:\/\/www.minibini.at\/shop\/wp-content\/uploads\/2020\/02\/IMG_20201109_141306-300x300.jpg 300w, https:\/\/www.minibini.at\/shop\/wp-content\/uploads\/2020\/02\/IMG_20201109_141306-1024x1024.jpg 1024w, https:\/\/www.minibini.at\/shop\/wp-content\/uploads\/2020\/02\/IMG_20201109_141306-768x768.jpg 768w, https:\/\/www.minibini.at\/shop\/wp-content\/uploads\/2020\/02\/IMG_20201109_141306-1536x1536.jpg 1536w, https:\/\/www.minibini.at\/shop\/wp-content\/uploads\/2020\/02\/IMG_20201109_141306-scaled.jpg 2048w\" sizes=\"auto, (max-width: 150px) 100vw, 150px\" \/><\/p>\n","protected":false},"excerpt":{"rendered":"<ul>\n<li>21&#215;12 cm, hochwertiges Material<\/li>\n<li>12 Kartenpl\u00e4tze &amp; Rei\u00dfverschluss<\/li>\n<li>H\u00e4lt Ordnung Deiner Dokumente und Deines Geldes<\/li>\n<li>Sorgf\u00e4ltig entworfen<\/li>\n<li>Fragen -&gt; <a href=\"mailto:kontakt@minibini.at\" target=\"_blank\" rel=\"noopener\">kontakt@minibini.at<\/a><\/li>\n<\/ul>\n","protected":false},"featured_media":3679,"comment_status":"open","ping_status":"closed","template":"","meta":[],"product_brand":[],"product_cat":[114],"product_tag":[84,85,186,83,86],"class_list":{"0":"post-850","1":"product","2":"type-product","3":"status-publish","4":"has-post-thumbnail","6":"product_cat-not-published","7":"product_tag-damen-geldboerse","8":"product_tag-frauen-geldboerse","9":"product_tag-geldbeutel","10":"product_tag-geldboerse","11":"product_tag-unikat-geldboerse","12":"alm-qv-enable","13":"almaira-woo-hover-zoom","14":"almaira-woo-alignment-center","15":"almaira-single-product-tab-horizontal","16":"almaira-shadow-0","17":"almaira-shadow-hover-0","19":"first","20":"instock","21":"shipping-taxable","22":"purchasable","23":"product-type-variable"},"jetpack_sharing_enabled":true,"_links":{"self":[{"href":"https:\/\/www.minibini.at\/shop\/wp-json\/wp\/v2\/product\/850","targetHints":{"allow":["GET"]}}],"collection":[{"href":"https:\/\/www.minibini.at\/shop\/wp-json\/wp\/v2\/product"}],"about":[{"href":"https:\/\/www.minibini.at\/shop\/wp-json\/wp\/v2\/types\/product"}],"replies":[{"embeddable":true,"href":"https:\/\/www.minibini.at\/shop\/wp-json\/wp\/v2\/comments?post=850"}],"wp:featuredmedia":[{"embeddable":true,"href":"https:\/\/www.minibini.at\/shop\/wp-json\/wp\/v2\/media\/3679"}],"wp:attachment":[{"href":"https:\/\/www.minibini.at\/shop\/wp-json\/wp\/v2\/media?parent=850"}],"wp:term":[{"taxonomy":"product_brand","embeddable":true,"href":"https:\/\/www.minibini.at\/shop\/wp-json\/wp\/v2\/product_brand?post=850"},{"taxonomy":"product_cat","embeddable":true,"href":"https:\/\/www.minibini.at\/shop\/wp-json\/wp\/v2\/product_cat?post=850"},{"taxonomy":"product_tag","embeddable":true,"href":"https:\/\/www.minibini.at\/shop\/wp-json\/wp\/v2\/product_tag?post=850"}],"curies":[{"name":"wp","href":"https:\/\/api.w.org\/{rel}","templated":true}]}}