{"id":8232,"date":"2026-05-06T14:40:14","date_gmt":"2026-05-06T12:40:14","guid":{"rendered":"https:\/\/www.minibini.at\/shop\/?post_type=product&#038;p=8232"},"modified":"2026-05-07T08:04:15","modified_gmt":"2026-05-07T06:04:15","slug":"damen-baumwoll-body","status":"publish","type":"product","link":"https:\/\/www.minibini.at\/shop\/produkt\/damen-baumwoll-body\/","title":{"rendered":"Damen Baumwoll-BODY"},"content":{"rendered":"<p data-start=\"0\" data-end=\"83\">MiniBini Baumwoll-Body \ud83c\udf3f<br data-start=\"25\" data-end=\"28\" \/>Bequem, weich und mit Liebe f\u00fcr den Alltag gefertigt.<\/p>\n<p data-start=\"85\" data-end=\"365\">Unser MiniBini Baumwoll-Body besteht aus hochwertiger, elastischer Baumwolle, die sich perfekt an den K\u00f6rper anpasst und den ganzen Tag \u00fcber h\u00f6chsten Tragekomfort bietet. Die ideale Wahl f\u00fcr alle, die nat\u00fcrliche Materialien und zeitlose Schlichtheit mit modernem Touch sch\u00e4tzen.<\/p>\n<p data-start=\"367\" data-end=\"629\">Das Besondere an diesem St\u00fcck ist die M\u00f6glichkeit, deine Lieblingsfarbe selbst auszuw\u00e4hlen \u2013 von sanften Pastellt\u00f6nen bis hin zu kr\u00e4ftigen Herbstnuancen.<br data-start=\"520\" data-end=\"523\" \/>Mit feinen N\u00e4hten und Druckknopfverschluss an den Schultern ist der Body zugleich praktisch und elegant.<\/p>\n<p data-start=\"631\" data-end=\"772\">Ob als Basic zum Layern oder als eigenst\u00e4ndiges Fashion-Statement \u2013 perfekt f\u00fcr die Arbeit, Zuhause oder einen Spaziergang durch die Stadt.<\/p>\n<p data-start=\"774\" data-end=\"872\">\ud83e\uddf5 Material: 95 % Baumwolle, 5 % Elasthan<br data-start=\"815\" data-end=\"818\" \/>\ud83c\udfa8 Farbe nach Wahl<br data-start=\"836\" data-end=\"839\" \/>\ud83c\uddf8\ud83c\uddee Handgefertigt in Slowenien<\/p>\n<p data-start=\"874\" data-end=\"911\" data-is-last-node=\"\" data-is-only-node=\"\">Das Model auf dem Bild tr\u00e4gt Gr\u00f6\u00dfe L.<\/p>\n<p style=\"text-align: center;\" data-start=\"874\" data-end=\"911\" data-is-last-node=\"\" data-is-only-node=\"\">Farben links nach rechts:<\/p>\n<p style=\"text-align: center;\" data-start=\"874\" data-end=\"911\" data-is-last-node=\"\" data-is-only-node=\"\">wei\u00df | pastelgelb | ocker | orange | ziegelrot | rot | dunkelrot | puderrosa | lavendel | pink | hellblau | petrolblau | dunkelblau | olivgr\u00fcn | nussbraun | cognac | hellgrau | dunkelgrau | schwarz | t\u00fcrkis<\/p>\n<p data-start=\"874\" data-end=\"911\" data-is-last-node=\"\" data-is-only-node=\"\"><img loading=\"lazy\" decoding=\"async\" class=\"aligncenter size-full wp-image-8238\" src=\"https:\/\/www.minibini.at\/shop\/wp-content\/uploads\/2026\/05\/farbentabelle.jpg\" alt=\"\" width=\"762\" height=\"292\" srcset=\"https:\/\/www.minibini.at\/shop\/wp-content\/uploads\/2026\/05\/farbentabelle.jpg 762w, https:\/\/www.minibini.at\/shop\/wp-content\/uploads\/2026\/05\/farbentabelle-300x115.jpg 300w, https:\/\/www.minibini.at\/shop\/wp-content\/uploads\/2026\/05\/farbentabelle-600x230.jpg 600w, https:\/\/www.minibini.at\/shop\/wp-content\/uploads\/2026\/05\/farbentabelle-48x18.jpg 48w\" sizes=\"auto, (max-width: 762px) 100vw, 762px\" \/><\/p>\n","protected":false},"excerpt":{"rendered":"<ul>\n<li>Weiche, elastische Baumwolle<\/li>\n<li>Bequeme Passform<\/li>\n<li>Druckknopfverschluss an den Schultern<\/li>\n<li>Normale Damengr\u00f6\u00dfen<\/li>\n<li>Du hast Fragen?\n<ul>\n<li><a href=\"mailto:kontakt@minibini.at\" target=\"_blank\" rel=\"noopener\">kontakt@minibini.at<\/a><\/li>\n<li><a href=\"https:\/\/wa.me\/436606202357\">WhatsApp Direkt<\/a><\/li>\n<\/ul>\n<\/li>\n<\/ul>\n","protected":false},"featured_media":8237,"comment_status":"open","ping_status":"closed","template":"","meta":[],"product_brand":[],"product_cat":[90,353,24,198],"product_tag":[545,544,543,269,546,268,267],"class_list":{"0":"post-8232","1":"product","2":"type-product","3":"status-publish","4":"has-post-thumbnail","6":"product_cat-alle-produkte","7":"product_cat-sommerkollektion","8":"product_cat-damen-mode-kleidung","9":"product_cat-minibini-sonstiges","10":"product_tag-baumwoll-body-damen","11":"product_tag-body-damen","12":"product_tag-damen-body","13":"product_tag-damentunika","14":"product_tag-frauen-body","15":"product_tag-longshirt-damen","16":"product_tag-tunikakleid","17":"alm-qv-enable","18":"almaira-woo-hover-zoom","19":"almaira-woo-alignment-center","20":"almaira-single-product-tab-horizontal","21":"almaira-shadow-0","22":"almaira-shadow-hover-0","24":"first","25":"onbackorder","26":"shipping-taxable","27":"purchasable","28":"product-type-variable"},"jetpack_sharing_enabled":true,"_links":{"self":[{"href":"https:\/\/www.minibini.at\/shop\/wp-json\/wp\/v2\/product\/8232","targetHints":{"allow":["GET"]}}],"collection":[{"href":"https:\/\/www.minibini.at\/shop\/wp-json\/wp\/v2\/product"}],"about":[{"href":"https:\/\/www.minibini.at\/shop\/wp-json\/wp\/v2\/types\/product"}],"replies":[{"embeddable":true,"href":"https:\/\/www.minibini.at\/shop\/wp-json\/wp\/v2\/comments?post=8232"}],"wp:featuredmedia":[{"embeddable":true,"href":"https:\/\/www.minibini.at\/shop\/wp-json\/wp\/v2\/media\/8237"}],"wp:attachment":[{"href":"https:\/\/www.minibini.at\/shop\/wp-json\/wp\/v2\/media?parent=8232"}],"wp:term":[{"taxonomy":"product_brand","embeddable":true,"href":"https:\/\/www.minibini.at\/shop\/wp-json\/wp\/v2\/product_brand?post=8232"},{"taxonomy":"product_cat","embeddable":true,"href":"https:\/\/www.minibini.at\/shop\/wp-json\/wp\/v2\/product_cat?post=8232"},{"taxonomy":"product_tag","embeddable":true,"href":"https:\/\/www.minibini.at\/shop\/wp-json\/wp\/v2\/product_tag?post=8232"}],"curies":[{"name":"wp","href":"https:\/\/api.w.org\/{rel}","templated":true}]}}