{"id":8043,"date":"2025-10-30T07:43:13","date_gmt":"2025-10-30T06:43:13","guid":{"rendered":"https:\/\/www.minibini.at\/shop\/?post_type=product&#038;p=8043"},"modified":"2025-10-30T07:52:21","modified_gmt":"2025-10-30T06:52:21","slug":"musselin-halstuch","status":"publish","type":"product","link":"https:\/\/www.minibini.at\/shop\/produkt\/musselin-halstuch\/","title":{"rendered":"Musselin Halstuch"},"content":{"rendered":"<p data-start=\"237\" data-end=\"527\"><strong data-start=\"237\" data-end=\"292\">Stylisch &amp; praktisch \u2013 das Must-have f\u00fcr jeden Tag.<\/strong><br data-start=\"292\" data-end=\"295\" \/>Unsere Halst\u00fccher aus weichen, hautfreundlichen Materialien sind nicht nur ein s\u00fc\u00dfer Hingucker, sondern sch\u00fctzen auch zuverl\u00e4ssig vor Sabber &amp; K\u00e4lte. Mit Druckknopfverschluss f\u00fcr leichtes An- und Ausziehen. Ideal ab dem ersten Zahn.<\/p>\n<p>&nbsp;<\/p>\n","protected":false},"excerpt":{"rendered":"<ul>\n<li>100% Baumwolle (Musselin)<\/li>\n<li>Sch\u00f6nes Geschenk<\/li>\n<li>Fragen\n<ul>\n<li><a href=\"mailto:kontakt@minibini.at\" target=\"_blank\" rel=\"noopener\">kontakt@minibini.at<\/a><\/li>\n<li><a href=\"https:\/\/wa.me\/436606202357\" target=\"_blank\" rel=\"noopener\">WhatsApp direkt<\/a><\/li>\n<\/ul>\n<\/li>\n<\/ul>\n","protected":false},"featured_media":8047,"comment_status":"open","ping_status":"closed","template":"","meta":[],"product_brand":[],"product_cat":[503,20,249,198],"product_tag":[103,66,169,102,104,68,67],"class_list":{"0":"post-8043","1":"product","2":"type-product","3":"status-publish","4":"has-post-thumbnail","6":"product_cat-herbst-winter-minibini-kollektion","7":"product_cat-baby-kinder-mode","8":"product_cat-hauben-schals","9":"product_cat-minibini-sonstiges","10":"product_tag-baby-halstuch","11":"product_tag-baby-laetzchen","12":"product_tag-beissecke","13":"product_tag-halstuch","14":"product_tag-kinder-dreieckstuch","15":"product_tag-kinder-laetzchen","16":"product_tag-laetzchen","17":"product_shipping_class-nieriger-versand","18":"alm-qv-enable","19":"almaira-woo-hover-zoom","20":"almaira-woo-alignment-center","21":"almaira-single-product-tab-horizontal","22":"almaira-shadow-0","23":"almaira-shadow-hover-0","25":"first","26":"instock","27":"shipping-taxable","28":"purchasable","29":"product-type-variable"},"jetpack_sharing_enabled":true,"_links":{"self":[{"href":"https:\/\/www.minibini.at\/shop\/wp-json\/wp\/v2\/product\/8043","targetHints":{"allow":["GET"]}}],"collection":[{"href":"https:\/\/www.minibini.at\/shop\/wp-json\/wp\/v2\/product"}],"about":[{"href":"https:\/\/www.minibini.at\/shop\/wp-json\/wp\/v2\/types\/product"}],"replies":[{"embeddable":true,"href":"https:\/\/www.minibini.at\/shop\/wp-json\/wp\/v2\/comments?post=8043"}],"wp:featuredmedia":[{"embeddable":true,"href":"https:\/\/www.minibini.at\/shop\/wp-json\/wp\/v2\/media\/8047"}],"wp:attachment":[{"href":"https:\/\/www.minibini.at\/shop\/wp-json\/wp\/v2\/media?parent=8043"}],"wp:term":[{"taxonomy":"product_brand","embeddable":true,"href":"https:\/\/www.minibini.at\/shop\/wp-json\/wp\/v2\/product_brand?post=8043"},{"taxonomy":"product_cat","embeddable":true,"href":"https:\/\/www.minibini.at\/shop\/wp-json\/wp\/v2\/product_cat?post=8043"},{"taxonomy":"product_tag","embeddable":true,"href":"https:\/\/www.minibini.at\/shop\/wp-json\/wp\/v2\/product_tag?post=8043"}],"curies":[{"name":"wp","href":"https:\/\/api.w.org\/{rel}","templated":true}]}}