{"id":8039,"date":"2025-10-28T10:05:20","date_gmt":"2025-10-28T09:05:20","guid":{"rendered":"https:\/\/www.minibini.at\/shop\/?post_type=product&#038;p=8039"},"modified":"2025-10-30T07:33:32","modified_gmt":"2025-10-30T06:33:32","slug":"stirnband-maxi-schleife","status":"publish","type":"product","link":"https:\/\/www.minibini.at\/shop\/produkt\/stirnband-maxi-schleife\/","title":{"rendered":"Stirnband MAXi Schleife"},"content":{"rendered":"<p><strong>Entdecke unsere weichen und extra dehnbaren Minibini Stirnb\u00e4nder aus hochwertiger Baumwolle!<\/strong><\/p>\n<p>Dank des breiten Schnitts bieten sie optimalen Schutz f\u00fcr die Ohren \u2013 perfekt f\u00fcr k\u00fchle Tage oder windige Spazierg\u00e4nge.<\/p>\n<p>Hast du spezielle W\u00fcnsche oder Fragen? Kein Problem! Melde dich einfach per <a href=\"https:\/\/wa.me\/436606202357\" target=\"_blank\" rel=\"noopener\"><strong>WhatsApp<\/strong><\/a> oder schicke mir eine kurze E-Mail an <strong><a href=\"mailto:kontakt@minibini.at\" target=\"_blank\" rel=\"noopener\">kontakt@minibini.at<\/a><\/strong> \u2013 ich antworte dir blitzschnell!<\/p>\n<p>Farben von links nach Rechts:<\/p>\n<p>blumen | beige | dunkelrot | lavendel<\/p>\n<p>&nbsp;<\/p>\n","protected":false},"excerpt":{"rendered":"<ul>\n<li>MAXI gro\u00dfe Schleife<\/li>\n<li>Weiche Baumwolle &amp; super dehnbar<\/li>\n<li>Breiter Schnitt f\u00fcr optimalen Ohrenschutz<\/li>\n<li>Fragen?\n<ul>\n<li>Direkt <a href=\"https:\/\/wa.me\/436606202357\" target=\"_blank\" rel=\"noopener\">WhatsApp 06606202357<\/a><\/li>\n<li><a href=\"mailto:kontakt@minibini.at\" target=\"_blank\" rel=\"noopener noreferrer\">kontakt@minibini.at<\/a><\/li>\n<\/ul>\n<\/li>\n<\/ul>\n","protected":false},"featured_media":8036,"comment_status":"open","ping_status":"closed","template":"","meta":[],"product_brand":[],"product_cat":[503,20,499],"product_tag":[60,63,61,59,532,370],"class_list":{"0":"post-8039","1":"product","2":"type-product","3":"status-publish","4":"has-post-thumbnail","6":"product_cat-herbst-winter-minibini-kollektion","7":"product_cat-baby-kinder-mode","8":"product_cat-stirnbaender","9":"product_tag-baby-stirnbaender","10":"product_tag-kinder-stirnband","11":"product_tag-maedchen-stirnband","12":"product_tag-stirnband","13":"product_tag-stirnband-grosse-schleife","14":"product_tag-stirnband-mit-schleife","15":"product_shipping_class-nieriger-versand","16":"alm-qv-enable","17":"almaira-woo-hover-zoom","18":"almaira-woo-alignment-center","19":"almaira-single-product-tab-horizontal","20":"almaira-shadow-0","21":"almaira-shadow-hover-0","23":"first","24":"instock","25":"shipping-taxable","26":"purchasable","27":"product-type-variable"},"jetpack_sharing_enabled":true,"_links":{"self":[{"href":"https:\/\/www.minibini.at\/shop\/wp-json\/wp\/v2\/product\/8039","targetHints":{"allow":["GET"]}}],"collection":[{"href":"https:\/\/www.minibini.at\/shop\/wp-json\/wp\/v2\/product"}],"about":[{"href":"https:\/\/www.minibini.at\/shop\/wp-json\/wp\/v2\/types\/product"}],"replies":[{"embeddable":true,"href":"https:\/\/www.minibini.at\/shop\/wp-json\/wp\/v2\/comments?post=8039"}],"wp:featuredmedia":[{"embeddable":true,"href":"https:\/\/www.minibini.at\/shop\/wp-json\/wp\/v2\/media\/8036"}],"wp:attachment":[{"href":"https:\/\/www.minibini.at\/shop\/wp-json\/wp\/v2\/media?parent=8039"}],"wp:term":[{"taxonomy":"product_brand","embeddable":true,"href":"https:\/\/www.minibini.at\/shop\/wp-json\/wp\/v2\/product_brand?post=8039"},{"taxonomy":"product_cat","embeddable":true,"href":"https:\/\/www.minibini.at\/shop\/wp-json\/wp\/v2\/product_cat?post=8039"},{"taxonomy":"product_tag","embeddable":true,"href":"https:\/\/www.minibini.at\/shop\/wp-json\/wp\/v2\/product_tag?post=8039"}],"curies":[{"name":"wp","href":"https:\/\/api.w.org\/{rel}","templated":true}]}}