{"id":7969,"date":"2025-10-09T08:12:02","date_gmt":"2025-10-09T06:12:02","guid":{"rendered":"https:\/\/www.minibini.at\/shop\/?post_type=product&#038;p=7969"},"modified":"2025-10-24T06:11:15","modified_gmt":"2025-10-24T04:11:15","slug":"leo-stirnbaender","status":"publish","type":"product","link":"https:\/\/www.minibini.at\/shop\/produkt\/leo-stirnbaender\/","title":{"rendered":"&#8222;Leo&#8220; Stirnb\u00e4nder"},"content":{"rendered":"<p><strong>Entdecke unsere weichen und extra dehnbaren Minibini Stirnb\u00e4nder aus hochwertiger Baumwolle!<\/strong><\/p>\n<p>Dank des breiten Schnitts bieten sie optimalen Schutz f\u00fcr die Ohren \u2013 perfekt f\u00fcr k\u00fchle Tage oder windige Spazierg\u00e4nge.<\/p>\n<p>Hast du spezielle W\u00fcnsche oder Fragen? Kein Problem! Melde dich einfach per <a href=\"https:\/\/wa.me\/436606202357\" target=\"_blank\" rel=\"noopener\"><strong>WhatsApp<\/strong><\/a> oder schicke mir eine kurze E-Mail an <strong><a href=\"mailto:kontakt@minibini.at\" target=\"_blank\" rel=\"noopener\">kontakt@minibini.at<\/a><\/strong> \u2013 ich antworte dir blitzschnell!<\/p>\n","protected":false},"excerpt":{"rendered":"<p>Breit geschnitten<\/p>\n<ul>\n<li>Gesch\u00fctzt &amp; schick gleichzeitig<\/li>\n<li>Fragen?\n<ul>\n<li><a href=\"mailto:kontakt@minibini.at\" target=\"_blank\" rel=\"noopener\">kontakt@minibini.at<\/a><\/li>\n<li><a href=\"https:\/\/wa.me\/436606202357\">WhatsAppDirekt<\/a><\/li>\n<\/ul>\n<\/li>\n<\/ul>\n","protected":false},"featured_media":7973,"comment_status":"open","ping_status":"closed","template":"","meta":[],"product_brand":[],"product_cat":[503,20,499,24],"product_tag":[99,100,526,525,515,358,101,519,518,517,516],"class_list":{"0":"post-7969","1":"product","2":"type-product","3":"status-publish","4":"has-post-thumbnail","6":"product_cat-herbst-winter-minibini-kollektion","7":"product_cat-baby-kinder-mode","8":"product_cat-stirnbaender","9":"product_cat-damen-mode-kleidung","10":"product_tag-damen-stirnband","11":"product_tag-frauen-stirnband","12":"product_tag-leo-stirnband","13":"product_tag-leopard-stirnband","14":"product_tag-samt-kinder-stirnband","15":"product_tag-samt-stirnband","16":"product_tag-stirnband-mit-knoten","17":"product_tag-stirnband-samt","18":"product_tag-stirnband-warm","19":"product_tag-stirnband-winter","20":"product_tag-warmes-stirnband","21":"product_shipping_class-nieriger-versand","22":"alm-qv-enable","23":"almaira-woo-hover-zoom","24":"almaira-woo-alignment-center","25":"almaira-single-product-tab-horizontal","26":"almaira-shadow-0","27":"almaira-shadow-hover-0","29":"first","30":"instock","31":"shipping-taxable","32":"purchasable","33":"product-type-variable"},"jetpack_sharing_enabled":true,"_links":{"self":[{"href":"https:\/\/www.minibini.at\/shop\/wp-json\/wp\/v2\/product\/7969","targetHints":{"allow":["GET"]}}],"collection":[{"href":"https:\/\/www.minibini.at\/shop\/wp-json\/wp\/v2\/product"}],"about":[{"href":"https:\/\/www.minibini.at\/shop\/wp-json\/wp\/v2\/types\/product"}],"replies":[{"embeddable":true,"href":"https:\/\/www.minibini.at\/shop\/wp-json\/wp\/v2\/comments?post=7969"}],"wp:featuredmedia":[{"embeddable":true,"href":"https:\/\/www.minibini.at\/shop\/wp-json\/wp\/v2\/media\/7973"}],"wp:attachment":[{"href":"https:\/\/www.minibini.at\/shop\/wp-json\/wp\/v2\/media?parent=7969"}],"wp:term":[{"taxonomy":"product_brand","embeddable":true,"href":"https:\/\/www.minibini.at\/shop\/wp-json\/wp\/v2\/product_brand?post=7969"},{"taxonomy":"product_cat","embeddable":true,"href":"https:\/\/www.minibini.at\/shop\/wp-json\/wp\/v2\/product_cat?post=7969"},{"taxonomy":"product_tag","embeddable":true,"href":"https:\/\/www.minibini.at\/shop\/wp-json\/wp\/v2\/product_tag?post=7969"}],"curies":[{"name":"wp","href":"https:\/\/api.w.org\/{rel}","templated":true}]}}