{"id":7740,"date":"2025-04-02T20:17:19","date_gmt":"2025-04-02T18:17:19","guid":{"rendered":"https:\/\/www.minibini.at\/shop\/?post_type=product&#038;p=7740"},"modified":"2025-06-25T17:02:25","modified_gmt":"2025-06-25T15:02:25","slug":"maedchenkleid-musselin","status":"publish","type":"product","link":"https:\/\/www.minibini.at\/shop\/produkt\/maedchenkleid-musselin\/","title":{"rendered":"M\u00e4dchenkleid &#8222;Musselin&#8220;"},"content":{"rendered":"<p>M\u00e4dchenkleid aus Musselin Stoff &#8211; in vielen Farben. Kurz\u00e4rmlig, sch\u00f6ner Schnitt. Hochwertige Baumwolle &amp; pflegeleicht.<\/p>\n<p>Jedes Kleid wird auf Wunsch angefertigt &#8211; f\u00fcr besondere W\u00fcnsche einfach bei mir melden -&gt; <a href=\"mailto:kontakt@minibini.at\" target=\"_blank\" rel=\"noopener\">kontakt@minibini.at<\/a><\/p>\n<p>FARBEN von links nach rechts:<\/p>\n<p>wei\u00df | blau | altrose | ziegelrot | sand | gelb | hell-lila<\/p>\n<p><img loading=\"lazy\" decoding=\"async\" class=\"aligncenter size-full wp-image-7808\" src=\"https:\/\/www.minibini.at\/shop\/wp-content\/uploads\/2021\/07\/Farbentabelle_neu2025.jpg\" alt=\"\" width=\"624\" height=\"114\" srcset=\"https:\/\/www.minibini.at\/shop\/wp-content\/uploads\/2021\/07\/Farbentabelle_neu2025.jpg 624w, https:\/\/www.minibini.at\/shop\/wp-content\/uploads\/2021\/07\/Farbentabelle_neu2025-300x55.jpg 300w, https:\/\/www.minibini.at\/shop\/wp-content\/uploads\/2021\/07\/Farbentabelle_neu2025-600x110.jpg 600w, https:\/\/www.minibini.at\/shop\/wp-content\/uploads\/2021\/07\/Farbentabelle_neu2025-48x9.jpg 48w\" sizes=\"auto, (max-width: 624px) 100vw, 624px\" \/><\/p>\n<p>Die Farben der abgebildeten Artikel k\u00f6nnen vom Original je nach Monitor und Aufl\u00f6sung abweichen, daf\u00fcr kann ich keine Garantie \u00fcbernehmen.<\/p>\n","protected":false},"excerpt":{"rendered":"<ul>\n<li>Musselinkleid in vielen Farben<\/li>\n<li>100% Baumwolle &amp; pflegeleicht<\/li>\n<li>Du hast Fragen?\n<ul>\n<li><a href=\"https:\/\/wa.me\/436606202357\" target=\"_blank\" rel=\"noopener\">WhatsApp direkt<\/a><\/li>\n<li><a href=\"mailto:kontakt@minibini.at\" target=\"_blank\" rel=\"noopener noreferrer\">kontakt@minibini.at<\/a><\/li>\n<\/ul>\n<\/li>\n<\/ul>\n","protected":false},"featured_media":7816,"comment_status":"open","ping_status":"closed","template":"","meta":[],"product_brand":[],"product_cat":[353,20,250,198],"product_tag":[216,217,140,218,88,337,336,335],"class_list":{"0":"post-7740","1":"product","2":"type-product","3":"status-publish","4":"has-post-thumbnail","6":"product_cat-sommerkollektion","7":"product_cat-baby-kinder-mode","8":"product_cat-personalisierte-geschenke","9":"product_cat-minibini-sonstiges","10":"product_tag-festkleid","11":"product_tag-festkleider","12":"product_tag-kinderkleid","13":"product_tag-maedchen-festkleid","14":"product_tag-maedchenkleid","15":"product_tag-musselin","16":"product_tag-musselin-festkleid","17":"product_tag-musselinkleid","18":"alm-qv-enable","19":"almaira-woo-hover-zoom","20":"almaira-woo-alignment-center","21":"almaira-single-product-tab-horizontal","22":"almaira-shadow-0","23":"almaira-shadow-hover-0","25":"first","26":"instock","27":"shipping-taxable","28":"purchasable","29":"product-type-variable"},"jetpack_sharing_enabled":true,"_links":{"self":[{"href":"https:\/\/www.minibini.at\/shop\/wp-json\/wp\/v2\/product\/7740","targetHints":{"allow":["GET"]}}],"collection":[{"href":"https:\/\/www.minibini.at\/shop\/wp-json\/wp\/v2\/product"}],"about":[{"href":"https:\/\/www.minibini.at\/shop\/wp-json\/wp\/v2\/types\/product"}],"replies":[{"embeddable":true,"href":"https:\/\/www.minibini.at\/shop\/wp-json\/wp\/v2\/comments?post=7740"}],"wp:featuredmedia":[{"embeddable":true,"href":"https:\/\/www.minibini.at\/shop\/wp-json\/wp\/v2\/media\/7816"}],"wp:attachment":[{"href":"https:\/\/www.minibini.at\/shop\/wp-json\/wp\/v2\/media?parent=7740"}],"wp:term":[{"taxonomy":"product_brand","embeddable":true,"href":"https:\/\/www.minibini.at\/shop\/wp-json\/wp\/v2\/product_brand?post=7740"},{"taxonomy":"product_cat","embeddable":true,"href":"https:\/\/www.minibini.at\/shop\/wp-json\/wp\/v2\/product_cat?post=7740"},{"taxonomy":"product_tag","embeddable":true,"href":"https:\/\/www.minibini.at\/shop\/wp-json\/wp\/v2\/product_tag?post=7740"}],"curies":[{"name":"wp","href":"https:\/\/api.w.org\/{rel}","templated":true}]}}