{"id":7684,"date":"2025-02-25T12:21:09","date_gmt":"2025-02-25T11:21:09","guid":{"rendered":"https:\/\/www.minibini.at\/shop\/?post_type=product&#038;p=7684"},"modified":"2025-02-25T12:25:57","modified_gmt":"2025-02-25T11:25:57","slug":"tasche-miss-italy-mini","status":"publish","type":"product","link":"https:\/\/www.minibini.at\/shop\/produkt\/tasche-miss-italy-mini\/","title":{"rendered":"Tasche &#8222;Miss Italy MINI&#8220;"},"content":{"rendered":"<p>Miss Italy ist eine Tasche, in die du dich verlieben wirst. Klein und super tragbar an jedem Tag des Jahres.<\/p>\n<p>M\u00f6chtest du eine andere Farbkombination? Kontaktiere mich per <a href=\"kontakt@minibini.at\" target=\"_blank\" rel=\"noopener\">E-Mail<\/a> oder <a href=\"https:\/\/wa.me\/436606202357\" target=\"_blank\" rel=\"noopener\">Whatsapp<\/a>, und ich helfe dir gerne bei der Auswahl des Materials.<\/p>\n<p>Material: Kunstleder<br \/>\nFutter: Polyester, kompakte Steppung, die die Form der Tasche bewahrt<br \/>\nInnenausstattung: 1 Tasche<br \/>\nGr\u00f6\u00dfe: ca. 20\u00d715 cm<\/p>\n<p>Die Tasche ist unempfindlich, leicht zu pflegen und freut sich bereits auf neue Abenteuer mit dir!<\/p>\n<p><strong>FARBEN NACH WUNSCH!<\/strong><\/p>\n","protected":false},"excerpt":{"rendered":"<ul>\n<li>Moderne kleine Umh\u00e4ngetasche<\/li>\n<li>20&#215;15 cm<\/li>\n<li>Andere Farben m\u00f6glich\n<ul>\n<li><a href=\"https:\/\/wa.me\/436606202357\" target=\"_blank\" rel=\"noopener\">WhatsApp Direkt<\/a><\/li>\n<li><a href=\"mailto:kontakt@minibini.at\" target=\"_blank\" rel=\"noopener noreferrer\">kontakt@minibini.at<\/a><\/li>\n<\/ul>\n<\/li>\n<\/ul>\n","protected":false},"featured_media":7697,"comment_status":"open","ping_status":"closed","template":"","meta":[],"product_brand":[],"product_cat":[503,353,38],"product_tag":[52,49,120,51,45,468,470,469,50,121],"class_list":{"0":"post-7684","1":"product","2":"type-product","3":"status-publish","4":"has-post-thumbnail","6":"product_cat-herbst-winter-minibini-kollektion","7":"product_cat-sommerkollektion","8":"product_cat-frauen-taschen-minibini","9":"product_tag-damen-tasche","10":"product_tag-frauen-tasche","11":"product_tag-guerteltasche","12":"product_tag-kleine-tasche","13":"product_tag-minibini","14":"product_tag-pinke-tasche","15":"product_tag-tasche-olivgruen","16":"product_tag-tasche-pink","17":"product_tag-tasche-unikat","18":"product_tag-umhaengetasche","19":"alm-qv-enable","20":"almaira-woo-hover-zoom","21":"almaira-woo-alignment-center","22":"almaira-single-product-tab-horizontal","23":"almaira-shadow-0","24":"almaira-shadow-hover-0","26":"first","27":"instock","28":"shipping-taxable","29":"purchasable","30":"product-type-simple"},"jetpack_sharing_enabled":true,"_links":{"self":[{"href":"https:\/\/www.minibini.at\/shop\/wp-json\/wp\/v2\/product\/7684","targetHints":{"allow":["GET"]}}],"collection":[{"href":"https:\/\/www.minibini.at\/shop\/wp-json\/wp\/v2\/product"}],"about":[{"href":"https:\/\/www.minibini.at\/shop\/wp-json\/wp\/v2\/types\/product"}],"replies":[{"embeddable":true,"href":"https:\/\/www.minibini.at\/shop\/wp-json\/wp\/v2\/comments?post=7684"}],"wp:featuredmedia":[{"embeddable":true,"href":"https:\/\/www.minibini.at\/shop\/wp-json\/wp\/v2\/media\/7697"}],"wp:attachment":[{"href":"https:\/\/www.minibini.at\/shop\/wp-json\/wp\/v2\/media?parent=7684"}],"wp:term":[{"taxonomy":"product_brand","embeddable":true,"href":"https:\/\/www.minibini.at\/shop\/wp-json\/wp\/v2\/product_brand?post=7684"},{"taxonomy":"product_cat","embeddable":true,"href":"https:\/\/www.minibini.at\/shop\/wp-json\/wp\/v2\/product_cat?post=7684"},{"taxonomy":"product_tag","embeddable":true,"href":"https:\/\/www.minibini.at\/shop\/wp-json\/wp\/v2\/product_tag?post=7684"}],"curies":[{"name":"wp","href":"https:\/\/api.w.org\/{rel}","templated":true}]}}