{"id":7499,"date":"2024-11-04T14:48:22","date_gmt":"2024-11-04T13:48:22","guid":{"rendered":"https:\/\/www.minibini.at\/shop\/?post_type=product&#038;p=7499"},"modified":"2025-12-11T06:16:33","modified_gmt":"2025-12-11T05:16:33","slug":"rucksack-calabria","status":"publish","type":"product","link":"https:\/\/www.minibini.at\/shop\/produkt\/rucksack-calabria\/","title":{"rendered":"Rucksack &#8222;Calabria&#8220;"},"content":{"rendered":"<p>Minibini Rucksack, der jeden begeistert, der ein klares und schlichtes Design mit moderner Note liebt.<\/p>\n<p>Material: Kunstleder<br \/>\nFutter: Polyester, kompakte Steppdecke, die die Form des Rucksacks beibeh\u00e4lt<br \/>\nInnen: 2 Taschen<br \/>\nAu\u00dfen: gr\u00f6\u00dfere Rei\u00dfverschlusstasche und 2 Seitentaschen<br \/>\nGr\u00f6\u00dfe: ca. 35\u00d730\u00d716cm<\/p>\n<p>Die Farben der abgebildeten Artikel k\u00f6nnen vom Original je nach Monitor und Aufl\u00f6sung abweichen, daf\u00fcr kann ich keine Garantie \u00fcbernehmen.<\/p>\n<p>Wichtig: Hellere Materialien reagieren manchmal empfindlich auf Farb\u00fcbertragung, wenn sie gegen andere Textilmaterialien wie dunkle Jeans, dunklere M\u00e4ntel usw. gerieben werden \u2013 am besten sowas vermeiden \ud83d\ude09 Wir empfehlen au\u00dferdem, dass die Produkte nicht zu lange direktem Sonnenlicht ausgesezt sind.<\/p>\n<p>&nbsp;<\/p>\n<p>&nbsp;<\/p>\n<p>&nbsp;<\/p>\n","protected":false},"excerpt":{"rendered":"<ul>\n<li>FARBE nach Wunsch<\/li>\n<li>Praktisches Design &#8211; 35\u00d730\u00d716cm<\/li>\n<li>Steht von allein<\/li>\n<li>Gro\u00dfe Rei\u00dfverschlusstasche vorne<\/li>\n<li>Schultergurte besonders tragf\u00e4hig &amp; l\u00e4ngenverstellbar<\/li>\n<li>Fragen?\n<ul>\n<li><a href=\"mailto:kontakt@minibini.at\" target=\"_blank\" rel=\"noopener\">kontakt@minibini.at<\/a><\/li>\n<li><a href=\"https:\/\/wa.me\/436606202357\">Whatsapp Direkt 06606202357<\/a><\/li>\n<\/ul>\n<\/li>\n<\/ul>\n","protected":false},"featured_media":7757,"comment_status":"open","ping_status":"closed","template":"","meta":[],"product_brand":[],"product_cat":[503,37],"product_tag":[243,30,28,33],"class_list":{"0":"post-7499","1":"product","2":"type-product","3":"status-publish","4":"has-post-thumbnail","6":"product_cat-herbst-winter-minibini-kollektion","7":"product_cat-rucksack-minibini-damen-kinder","8":"product_tag-damenrucksack","9":"product_tag-frauen-rucksack","10":"product_tag-rucksack","11":"product_tag-unikat-rucksack","12":"product_shipping_class-gratisversand","13":"alm-qv-enable","14":"almaira-woo-hover-zoom","15":"almaira-woo-alignment-center","16":"almaira-single-product-tab-horizontal","17":"almaira-shadow-0","18":"almaira-shadow-hover-0","20":"first","21":"instock","22":"shipping-taxable","23":"purchasable","24":"product-type-variable"},"jetpack_sharing_enabled":true,"_links":{"self":[{"href":"https:\/\/www.minibini.at\/shop\/wp-json\/wp\/v2\/product\/7499","targetHints":{"allow":["GET"]}}],"collection":[{"href":"https:\/\/www.minibini.at\/shop\/wp-json\/wp\/v2\/product"}],"about":[{"href":"https:\/\/www.minibini.at\/shop\/wp-json\/wp\/v2\/types\/product"}],"replies":[{"embeddable":true,"href":"https:\/\/www.minibini.at\/shop\/wp-json\/wp\/v2\/comments?post=7499"}],"wp:featuredmedia":[{"embeddable":true,"href":"https:\/\/www.minibini.at\/shop\/wp-json\/wp\/v2\/media\/7757"}],"wp:attachment":[{"href":"https:\/\/www.minibini.at\/shop\/wp-json\/wp\/v2\/media?parent=7499"}],"wp:term":[{"taxonomy":"product_brand","embeddable":true,"href":"https:\/\/www.minibini.at\/shop\/wp-json\/wp\/v2\/product_brand?post=7499"},{"taxonomy":"product_cat","embeddable":true,"href":"https:\/\/www.minibini.at\/shop\/wp-json\/wp\/v2\/product_cat?post=7499"},{"taxonomy":"product_tag","embeddable":true,"href":"https:\/\/www.minibini.at\/shop\/wp-json\/wp\/v2\/product_tag?post=7499"}],"curies":[{"name":"wp","href":"https:\/\/api.w.org\/{rel}","templated":true}]}}