{"id":7345,"date":"2024-09-08T08:14:34","date_gmt":"2024-09-08T06:14:34","guid":{"rendered":"https:\/\/www.minibini.at\/shop\/?post_type=product&#038;p=7345"},"modified":"2025-09-12T10:57:47","modified_gmt":"2025-09-12T08:57:47","slug":"stirnbaender-einhorn","status":"publish","type":"product","link":"https:\/\/www.minibini.at\/shop\/produkt\/stirnbaender-einhorn\/","title":{"rendered":"Stirnb\u00e4nder &#8222;Einhorn&#8220;"},"content":{"rendered":"<p><strong>Entdecke unsere weichen und extra dehnbaren Minibini Stirnb\u00e4nder aus hochwertiger Baumwolle!<\/strong><\/p>\n<p>Dank des breiten Schnitts bieten sie optimalen Schutz f\u00fcr die Ohren \u2013 perfekt f\u00fcr k\u00fchle Tage oder windige Spazierg\u00e4nge.<\/p>\n<p>Hast du spezielle W\u00fcnsche oder Fragen? Kein Problem! Melde dich einfach per <a href=\"https:\/\/wa.me\/436606202357\" target=\"_blank\" rel=\"noopener\"><strong>WhatsApp<\/strong><\/a> oder schicke mir eine kurze E-Mail an <strong><a href=\"mailto:kontakt@minibini.at\" target=\"_blank\" rel=\"noopener\">kontakt@minibini.at<\/a><\/strong> \u2013 ich antworte dir blitzschnell!<\/p>\n<p style=\"text-align: center;\"><strong>Farben links nach rechts:<\/strong><br \/>\neukalyptus | kokos | koralle | pfirsich | blau | creme | gr\u00fcn | hellgrau | beige |<br \/>\ncognac | haselnuss | olivgr\u00fcn | petrol | hell petrol | t\u00fcrkis | hellblau |<br \/>\npink | lavendel | puderrosa | dunkelrot | rot | ziegelrot | orange | ocker |<br \/>\npastellgelb<\/p>\n<p><img loading=\"lazy\" decoding=\"async\" class=\"aligncenter size-full wp-image-6890\" src=\"https:\/\/www.minibini.at\/shop\/wp-content\/uploads\/2024\/02\/farbentabelle.jpg\" alt=\"\" width=\"700\" height=\"360\" srcset=\"https:\/\/www.minibini.at\/shop\/wp-content\/uploads\/2024\/02\/farbentabelle.jpg 700w, https:\/\/www.minibini.at\/shop\/wp-content\/uploads\/2024\/02\/farbentabelle-300x154.jpg 300w, https:\/\/www.minibini.at\/shop\/wp-content\/uploads\/2024\/02\/farbentabelle-600x309.jpg 600w, https:\/\/www.minibini.at\/shop\/wp-content\/uploads\/2024\/02\/farbentabelle-48x25.jpg 48w\" sizes=\"auto, (max-width: 700px) 100vw, 700px\" \/><\/p>\n","protected":false},"excerpt":{"rendered":"<ul>\n<li>Weiche Baumwolle &amp; super dehnbar<\/li>\n<li>Breiter Schnitt f\u00fcr optimalen Ohrenschutz<\/li>\n<li>F\u00fcr Fragen\n<ul>\n<li><a href=\"mailto:kontakt@minibini.at\" target=\"_blank\" rel=\"noopener noreferrer\">kontakt@minibini.at<\/a><\/li>\n<li>direkt <a href=\"https:\/\/wa.me\/436606202357\" target=\"_blank\" rel=\"noopener\">WhatsApp 06606202357<\/a><\/li>\n<\/ul>\n<\/li>\n<\/ul>\n","protected":false},"featured_media":7347,"comment_status":"open","ping_status":"closed","template":"","meta":[],"product_brand":[],"product_cat":[503,20,499],"product_tag":[491,63,61,59,492,466,101,105,493,467],"class_list":{"0":"post-7345","1":"product","2":"type-product","3":"status-publish","4":"has-post-thumbnail","6":"product_cat-herbst-winter-minibini-kollektion","7":"product_cat-baby-kinder-mode","8":"product_cat-stirnbaender","9":"product_tag-einhorn-muster-stirnband","10":"product_tag-kinder-stirnband","11":"product_tag-maedchen-stirnband","12":"product_tag-stirnband","13":"product_tag-stirnband-einhorn","14":"product_tag-stirnband-kinder-einfarbig","15":"product_tag-stirnband-mit-knoten","16":"product_tag-stirnbaender","17":"product_tag-stirnbaender-einhoerner","18":"product_tag-stirnbaender-muster","19":"product_shipping_class-nieriger-versand","20":"alm-qv-enable","21":"almaira-woo-hover-zoom","22":"almaira-woo-alignment-center","23":"almaira-single-product-tab-horizontal","24":"almaira-shadow-0","25":"almaira-shadow-hover-0","27":"first","28":"onbackorder","29":"shipping-taxable","30":"purchasable","31":"product-type-variable"},"jetpack_sharing_enabled":true,"_links":{"self":[{"href":"https:\/\/www.minibini.at\/shop\/wp-json\/wp\/v2\/product\/7345","targetHints":{"allow":["GET"]}}],"collection":[{"href":"https:\/\/www.minibini.at\/shop\/wp-json\/wp\/v2\/product"}],"about":[{"href":"https:\/\/www.minibini.at\/shop\/wp-json\/wp\/v2\/types\/product"}],"replies":[{"embeddable":true,"href":"https:\/\/www.minibini.at\/shop\/wp-json\/wp\/v2\/comments?post=7345"}],"wp:featuredmedia":[{"embeddable":true,"href":"https:\/\/www.minibini.at\/shop\/wp-json\/wp\/v2\/media\/7347"}],"wp:attachment":[{"href":"https:\/\/www.minibini.at\/shop\/wp-json\/wp\/v2\/media?parent=7345"}],"wp:term":[{"taxonomy":"product_brand","embeddable":true,"href":"https:\/\/www.minibini.at\/shop\/wp-json\/wp\/v2\/product_brand?post=7345"},{"taxonomy":"product_cat","embeddable":true,"href":"https:\/\/www.minibini.at\/shop\/wp-json\/wp\/v2\/product_cat?post=7345"},{"taxonomy":"product_tag","embeddable":true,"href":"https:\/\/www.minibini.at\/shop\/wp-json\/wp\/v2\/product_tag?post=7345"}],"curies":[{"name":"wp","href":"https:\/\/api.w.org\/{rel}","templated":true}]}}