{"id":7320,"date":"2024-08-14T09:05:54","date_gmt":"2024-08-14T07:05:54","guid":{"rendered":"https:\/\/www.minibini.at\/shop\/?post_type=product&#038;p=7320"},"modified":"2025-12-11T05:58:36","modified_gmt":"2025-12-11T04:58:36","slug":"kinder-barfusspantoffeln","status":"publish","type":"product","link":"https:\/\/www.minibini.at\/shop\/produkt\/kinder-barfusspantoffeln\/","title":{"rendered":"Kinder Barfu\u00dfpantoffeln"},"content":{"rendered":"<p>Warum Barfu\u00df-Hausschuhe?<\/p>\n<p>\ud83d\udc63 Sie f\u00f6rdern die nat\u00fcrliche Entwicklung der F\u00fc\u00dfe<br \/>\n\ud83d\udc63 Sie erh\u00f6hen den Gleichgewichtssinn und die Stabilit\u00e4t<br \/>\n\ud83d\udc63 Sie erm\u00f6glichen eine bessere Bewegung und Koordination<\/p>\n<p><strong>Was macht Minibini Hausschuhe so besonders?<\/strong><\/p>\n<p>\ud83d\udd38 Sohle: Hergestellt aus einer rutschfesten Schicht aus Gummi und BIO-produziertem Wollfilz, die f\u00fcr nat\u00fcrliche W\u00e4rmeregulierung und Komfort sorgt.<br \/>\n\ud83d\udd38 Innen: Weicher Baumwollpl\u00fcsch, der atmet, sich angenehm anf\u00fchlt und perfekten Komfort f\u00fcr kleine F\u00fc\u00dfe bietet.<br \/>\n\ud83d\udd38 Au\u00dfen: Pflegeleichtes Microfabric, angenehm und sieht wundersch\u00f6n aus.<\/p>\n<p>Unsere Hausschuhe sind die perfekte Kombination aus nat\u00fcrlichen Materialien und durchdachtem Design, die Ihren Kleinen ein sicheres und komfortables Barfu\u00dferlebnis bieten. \ud83c\udf3f\ud83d\udc5f<\/p>\n<p>Entdecken Sie unsere neue Kollektion von Barfu\u00dfpantoffeln, handangefertigt und mit Liebe gen\u00e4ht! \ud83c\udf31\ud83d\udc76<\/p>\n<p>GR\u00d6SSENTIPP: Vergleichen Sie die Gr\u00f6\u00dfentabelle. Ich empfehle 1 cm zus\u00e4tzlichen Platz.<\/p>\n<p><img loading=\"lazy\" decoding=\"async\" class=\"wp-image-7328 aligncenter\" src=\"https:\/\/www.minibini.at\/shop\/wp-content\/uploads\/2024\/08\/Graessentabelle.jpg\" alt=\"\" width=\"214\" height=\"358\" srcset=\"https:\/\/www.minibini.at\/shop\/wp-content\/uploads\/2024\/08\/Graessentabelle.jpg 333w, https:\/\/www.minibini.at\/shop\/wp-content\/uploads\/2024\/08\/Graessentabelle-179x300.jpg 179w, https:\/\/www.minibini.at\/shop\/wp-content\/uploads\/2024\/08\/Graessentabelle-48x80.jpg 48w\" sizes=\"auto, (max-width: 214px) 100vw, 214px\" \/><\/p>\n","protected":false},"excerpt":{"rendered":"<ul>\n<li>Sie f\u00f6rdern die nat\u00fcrliche Entwicklung der F\u00fc\u00dfe<\/li>\n<li>Sie erh\u00f6hen den Gleichgewichtssinn und die Stabilit\u00e4t<\/li>\n<li>Sie erm\u00f6glichen eine bessere Bewegung und Koordination<\/li>\n<li>Viele Gr\u00f6\u00dfen &amp; Farben (beachte die Gr\u00f6\u00dfentabelle &#8211; 1cm zus\u00e4tzlich wird empfohlen)<\/li>\n<\/ul>\n<p>Du hast Fragen?<\/p>\n<ul>\n<li style=\"list-style-type: none;\">\n<ul>\n<li><a href=\"mailto:kontakt@minibini.at\" target=\"_blank\" rel=\"noopener noreferrer\">kontakt@minibini.at<\/a><\/li>\n<li><a href=\"https:\/\/wa.me\/436606202357\" target=\"_blank\" rel=\"noopener\">WhatsApp Direkt<\/a><\/li>\n<\/ul>\n<\/li>\n<\/ul>\n","protected":false},"featured_media":7326,"comment_status":"open","ping_status":"closed","template":"","meta":[],"product_brand":[],"product_cat":[503,353,20,198],"product_tag":[486,490,489,487,488],"class_list":{"0":"post-7320","1":"product","2":"type-product","3":"status-publish","4":"has-post-thumbnail","6":"product_cat-herbst-winter-minibini-kollektion","7":"product_cat-sommerkollektion","8":"product_cat-baby-kinder-mode","9":"product_cat-minibini-sonstiges","10":"product_tag-barfuss-hausschuhe","11":"product_tag-barfusspantoffeln","12":"product_tag-kinder-barfuss","13":"product_tag-kinder-barfuss-hausschuhe","14":"product_tag-kinder-barfuesspantoffeln","15":"alm-qv-enable","16":"almaira-woo-hover-zoom","17":"almaira-woo-alignment-center","18":"almaira-single-product-tab-horizontal","19":"almaira-shadow-0","20":"almaira-shadow-hover-0","22":"first","23":"instock","24":"shipping-taxable","25":"purchasable","26":"product-type-variable"},"jetpack_sharing_enabled":true,"_links":{"self":[{"href":"https:\/\/www.minibini.at\/shop\/wp-json\/wp\/v2\/product\/7320","targetHints":{"allow":["GET"]}}],"collection":[{"href":"https:\/\/www.minibini.at\/shop\/wp-json\/wp\/v2\/product"}],"about":[{"href":"https:\/\/www.minibini.at\/shop\/wp-json\/wp\/v2\/types\/product"}],"replies":[{"embeddable":true,"href":"https:\/\/www.minibini.at\/shop\/wp-json\/wp\/v2\/comments?post=7320"}],"wp:featuredmedia":[{"embeddable":true,"href":"https:\/\/www.minibini.at\/shop\/wp-json\/wp\/v2\/media\/7326"}],"wp:attachment":[{"href":"https:\/\/www.minibini.at\/shop\/wp-json\/wp\/v2\/media?parent=7320"}],"wp:term":[{"taxonomy":"product_brand","embeddable":true,"href":"https:\/\/www.minibini.at\/shop\/wp-json\/wp\/v2\/product_brand?post=7320"},{"taxonomy":"product_cat","embeddable":true,"href":"https:\/\/www.minibini.at\/shop\/wp-json\/wp\/v2\/product_cat?post=7320"},{"taxonomy":"product_tag","embeddable":true,"href":"https:\/\/www.minibini.at\/shop\/wp-json\/wp\/v2\/product_tag?post=7320"}],"curies":[{"name":"wp","href":"https:\/\/api.w.org\/{rel}","templated":true}]}}