{"id":7153,"date":"2024-07-05T12:30:11","date_gmt":"2024-07-05T10:30:11","guid":{"rendered":"https:\/\/www.minibini.at\/shop\/?post_type=product&#038;p=7153"},"modified":"2025-02-10T14:00:24","modified_gmt":"2025-02-10T13:00:24","slug":"minibini-pantolette-auf-lager","status":"publish","type":"product","link":"https:\/\/www.minibini.at\/shop\/produkt\/minibini-pantolette-auf-lager\/","title":{"rendered":"Minibini Pantolette auf Lager"},"content":{"rendered":"<p>W\u00e4hle f\u00fcr leichte Sommerwanderungen die trendigen Minibini Pantoletten und sp\u00fcre den Komfort und den sportlich-eleganten Look.<br \/>\nDie anatomisch geformte Gummisohle ist in schwarz und wei\u00df erh\u00e4ltlich, wodurch das Schwarz etwas leichter zu pflegen ist.<\/p>\n<p>Fallen kleiner aus &#8211; bitte beachte die Tabelle unten.<\/p>\n<p>&nbsp;<\/p>\n<p><img loading=\"lazy\" decoding=\"async\" class=\"aligncenter size-full wp-image-2662\" src=\"https:\/\/www.minibini.at\/shop\/wp-content\/uploads\/2020\/04\/schuhgrosse.jpg\" alt=\"\" width=\"208\" height=\"205\" srcset=\"https:\/\/www.minibini.at\/shop\/wp-content\/uploads\/2020\/04\/schuhgrosse.jpg 208w, https:\/\/www.minibini.at\/shop\/wp-content\/uploads\/2020\/04\/schuhgrosse-100x100.jpg 100w\" sizes=\"auto, (max-width: 208px) 100vw, 208px\" \/><\/p>\n","protected":false},"excerpt":{"rendered":"<ul>\n<li>Sofort lieferbar<\/li>\n<li>Du hast Fragen? -&gt;\n<ul>\n<li><a href=\"mailto:kontakt@minibini.at\" target=\"_blank\" rel=\"noopener\">kontakt@minibini.at<\/a><\/li>\n<li><a href=\"https:\/\/wa.me\/436606202357\" target=\"_blank\" rel=\"noopener\">WhatsApp Direkt 06606202357<\/a><\/li>\n<\/ul>\n<\/li>\n<\/ul>\n","protected":false},"featured_media":6525,"comment_status":"open","ping_status":"closed","template":"","meta":[],"product_brand":[],"product_cat":[479],"product_tag":[220,180,179,178,219,221],"class_list":{"0":"post-7153","1":"product","2":"type-product","3":"status-publish","4":"has-post-thumbnail","6":"product_cat-produkte-auf-lager-sofort-lieferbar","7":"product_tag-damen-pantoletten","8":"product_tag-haus-schuhe","9":"product_tag-hauspatschen","10":"product_tag-hausschuhe","11":"product_tag-pantolette","12":"product_tag-schlapfen","13":"alm-qv-enable","14":"almaira-woo-hover-zoom","15":"almaira-woo-alignment-center","16":"almaira-single-product-tab-horizontal","17":"almaira-shadow-0","18":"almaira-shadow-hover-0","20":"first","21":"instock","22":"sale","23":"shipping-taxable","24":"purchasable","25":"product-type-variable"},"jetpack_sharing_enabled":true,"_links":{"self":[{"href":"https:\/\/www.minibini.at\/shop\/wp-json\/wp\/v2\/product\/7153","targetHints":{"allow":["GET"]}}],"collection":[{"href":"https:\/\/www.minibini.at\/shop\/wp-json\/wp\/v2\/product"}],"about":[{"href":"https:\/\/www.minibini.at\/shop\/wp-json\/wp\/v2\/types\/product"}],"replies":[{"embeddable":true,"href":"https:\/\/www.minibini.at\/shop\/wp-json\/wp\/v2\/comments?post=7153"}],"wp:featuredmedia":[{"embeddable":true,"href":"https:\/\/www.minibini.at\/shop\/wp-json\/wp\/v2\/media\/6525"}],"wp:attachment":[{"href":"https:\/\/www.minibini.at\/shop\/wp-json\/wp\/v2\/media?parent=7153"}],"wp:term":[{"taxonomy":"product_brand","embeddable":true,"href":"https:\/\/www.minibini.at\/shop\/wp-json\/wp\/v2\/product_brand?post=7153"},{"taxonomy":"product_cat","embeddable":true,"href":"https:\/\/www.minibini.at\/shop\/wp-json\/wp\/v2\/product_cat?post=7153"},{"taxonomy":"product_tag","embeddable":true,"href":"https:\/\/www.minibini.at\/shop\/wp-json\/wp\/v2\/product_tag?post=7153"}],"curies":[{"name":"wp","href":"https:\/\/api.w.org\/{rel}","templated":true}]}}