{"id":71,"date":"2020-01-10T14:09:29","date_gmt":"2020-01-10T13:09:29","guid":{"rendered":"https:\/\/www.minibini.at\/shop\/?post_type=product&#038;p=71"},"modified":"2026-03-26T10:39:02","modified_gmt":"2026-03-26T09:39:02","slug":"kinder-rucksack-babybear-mit-ohren","status":"publish","type":"product","link":"https:\/\/www.minibini.at\/shop\/produkt\/kinder-rucksack-babybear-mit-ohren\/","title":{"rendered":"&#8222;BabyBear&#8220; Rucks\u00e4cke"},"content":{"rendered":"<p>Der Kinder-Rucksack besteht aus Kunstleder, ist mit Baumwolle gepolstert und mit einem Zippverschluss im Hauptfach gesichert. Vorne ist eine praktische Stecktasche. Die Ohren machen den Rucksack noch entz\u00fcckender!<\/p>\n<p>Der Rucksack ist gro\u00df genug, um ein Paar Spielsachen, Stofftiere, Wasserflasche und eine Jause einzupacken \u2013 alles was man als Kind heutzutage braucht! Schultergurte sind besonders tragf\u00e4hig und l\u00e4ngenverstellbar.<\/p>\n<p>Die Farben der abgebildeten Artikel k\u00f6nnen vom Original je nach Monitor und Aufl\u00f6sung abweichen, daf\u00fcr k\u00f6nnen wir keine Garantie \u00fcbernehmen.<\/p>\n<p>Wichtig: Hellere Materialien reagieren manchmal empfindlich auf Farb\u00fcbertragung, wenn sie gegen andere Textilmaterialien wie dunkle Jeans, dunklere M\u00e4ntel usw. gerieben werden \u2013 am besten sowas vermeiden \ud83d\ude09 Wir empfehlen au\u00dferdem, dass die Produkte nicht zu lange direktem Sonnenlicht ausgesezt sind.<\/p>\n","protected":false},"excerpt":{"rendered":"<ul>\n<li>Entz\u00fcckendes Design mit Ohren (auch ohne)<\/li>\n<li>Zippverschluss im Hauptfach<\/li>\n<li>Stecktasche vorne &amp; verstellbare Gurte<\/li>\n<li>FRAGEN?\n<ul>\n<li><a href=\"https:\/\/wa.me\/436606202357\">WhatsApp direkt<\/a><\/li>\n<li><a href=\"mailto:kontakt@minibini.at\" target=\"_blank\" rel=\"noopener noreferrer\">kontakt@minibini.at<\/a><\/li>\n<\/ul>\n<\/li>\n<\/ul>\n","protected":false},"featured_media":8214,"comment_status":"open","ping_status":"closed","template":"","meta":[],"product_brand":[],"product_cat":[503,353,20,37],"product_tag":[334,75,278,333,76],"class_list":{"0":"post-71","1":"product","2":"type-product","3":"status-publish","4":"has-post-thumbnail","6":"product_cat-herbst-winter-minibini-kollektion","7":"product_cat-sommerkollektion","8":"product_cat-baby-kinder-mode","9":"product_cat-rucksack-minibini-damen-kinder","10":"product_tag-flauschige-rucksaecke","11":"product_tag-kinder-rucksack","12":"product_tag-kinderrucksack","13":"product_tag-rucksack-kinder","14":"product_tag-rucksack-mit-ohren","15":"alm-qv-enable","16":"almaira-woo-hover-zoom","17":"almaira-woo-alignment-center","18":"almaira-single-product-tab-horizontal","19":"almaira-shadow-0","20":"almaira-shadow-hover-0","22":"first","23":"instock","24":"shipping-taxable","25":"purchasable","26":"product-type-variable"},"jetpack_sharing_enabled":true,"_links":{"self":[{"href":"https:\/\/www.minibini.at\/shop\/wp-json\/wp\/v2\/product\/71","targetHints":{"allow":["GET"]}}],"collection":[{"href":"https:\/\/www.minibini.at\/shop\/wp-json\/wp\/v2\/product"}],"about":[{"href":"https:\/\/www.minibini.at\/shop\/wp-json\/wp\/v2\/types\/product"}],"replies":[{"embeddable":true,"href":"https:\/\/www.minibini.at\/shop\/wp-json\/wp\/v2\/comments?post=71"}],"wp:featuredmedia":[{"embeddable":true,"href":"https:\/\/www.minibini.at\/shop\/wp-json\/wp\/v2\/media\/8214"}],"wp:attachment":[{"href":"https:\/\/www.minibini.at\/shop\/wp-json\/wp\/v2\/media?parent=71"}],"wp:term":[{"taxonomy":"product_brand","embeddable":true,"href":"https:\/\/www.minibini.at\/shop\/wp-json\/wp\/v2\/product_brand?post=71"},{"taxonomy":"product_cat","embeddable":true,"href":"https:\/\/www.minibini.at\/shop\/wp-json\/wp\/v2\/product_cat?post=71"},{"taxonomy":"product_tag","embeddable":true,"href":"https:\/\/www.minibini.at\/shop\/wp-json\/wp\/v2\/product_tag?post=71"}],"curies":[{"name":"wp","href":"https:\/\/api.w.org\/{rel}","templated":true}]}}