{"id":6666,"date":"2023-10-28T13:54:58","date_gmt":"2023-10-28T11:54:58","guid":{"rendered":"https:\/\/www.minibini.at\/shop\/?post_type=product&#038;p=6666"},"modified":"2025-05-24T11:11:24","modified_gmt":"2025-05-24T09:11:24","slug":"tasche-lady","status":"publish","type":"product","link":"https:\/\/www.minibini.at\/shop\/produkt\/tasche-lady\/","title":{"rendered":"Tasche &#8222;Lady&#8220;"},"content":{"rendered":"<p>Diese Tasche ist die Nachfolgerin von der Tasche Emily! Sie ist ein bisschen gr\u00f6\u00dfer und ist als eine Umh\u00e4ngetasche gedacht. Innen ist die Minibini Tasche mit Baumwolle gepolstert und mit einem Zippverschluss im Hauptfach gesichert. Zus\u00e4tzlich mit einem schicken Gurt!<\/p>\n<p>FARBEN NACH WUNSCH!<\/p>\n<p>Die Farben der abgebildeten Artikel k\u00f6nnen vom Original je nach Monitor und Aufl\u00f6sung abweichen, daf\u00fcr kann ich keine Garantie \u00fcbernehmen.<\/p>\n<p>Wichtig: Hellere Materialien reagieren manchmal empfindlich auf Farb\u00fcbertragung, wenn sie gegen andere Textilmaterialien wie dunkle Jeans, dunklere M\u00e4ntel usw. gerieben werden \u2013 am besten sowas vermeiden \ud83d\ude09 Wir empfehlen au\u00dferdem, dass die Produkte nicht zu lange direktem Sonnenlicht ausgesezt sind.<\/p>\n","protected":false},"excerpt":{"rendered":"<ul>\n<li>Umh\u00e4ngetasche mit einem modernem Gurt<\/li>\n<li>25x18x6 cm<\/li>\n<li>Zippverschluss &amp; schickes Design<\/li>\n<li>Farben &amp; Muster nach WUNSCH\n<ul>\n<li><a href=\"https:\/\/wa.me\/436606202357\" target=\"_blank\" rel=\"noopener\">WhatsApp Direkt<\/a><\/li>\n<li><a href=\"mailto:kontakt@minibini.at\" target=\"_blank\" rel=\"noopener noreferrer\">kontakt@minibini.at<\/a><\/li>\n<\/ul>\n<\/li>\n<\/ul>\n","protected":false},"featured_media":6675,"comment_status":"open","ping_status":"closed","template":"","meta":[],"product_brand":[],"product_cat":[353,38],"product_tag":[52,49,120,51,45,50,121],"class_list":{"0":"post-6666","1":"product","2":"type-product","3":"status-publish","4":"has-post-thumbnail","6":"product_cat-sommerkollektion","7":"product_cat-frauen-taschen-minibini","8":"product_tag-damen-tasche","9":"product_tag-frauen-tasche","10":"product_tag-guerteltasche","11":"product_tag-kleine-tasche","12":"product_tag-minibini","13":"product_tag-tasche-unikat","14":"product_tag-umhaengetasche","15":"alm-qv-enable","16":"almaira-woo-hover-zoom","17":"almaira-woo-alignment-center","18":"almaira-single-product-tab-horizontal","19":"almaira-shadow-0","20":"almaira-shadow-hover-0","22":"first","23":"onbackorder","24":"shipping-taxable","25":"purchasable","26":"product-type-variable"},"jetpack_sharing_enabled":true,"_links":{"self":[{"href":"https:\/\/www.minibini.at\/shop\/wp-json\/wp\/v2\/product\/6666","targetHints":{"allow":["GET"]}}],"collection":[{"href":"https:\/\/www.minibini.at\/shop\/wp-json\/wp\/v2\/product"}],"about":[{"href":"https:\/\/www.minibini.at\/shop\/wp-json\/wp\/v2\/types\/product"}],"replies":[{"embeddable":true,"href":"https:\/\/www.minibini.at\/shop\/wp-json\/wp\/v2\/comments?post=6666"}],"wp:featuredmedia":[{"embeddable":true,"href":"https:\/\/www.minibini.at\/shop\/wp-json\/wp\/v2\/media\/6675"}],"wp:attachment":[{"href":"https:\/\/www.minibini.at\/shop\/wp-json\/wp\/v2\/media?parent=6666"}],"wp:term":[{"taxonomy":"product_brand","embeddable":true,"href":"https:\/\/www.minibini.at\/shop\/wp-json\/wp\/v2\/product_brand?post=6666"},{"taxonomy":"product_cat","embeddable":true,"href":"https:\/\/www.minibini.at\/shop\/wp-json\/wp\/v2\/product_cat?post=6666"},{"taxonomy":"product_tag","embeddable":true,"href":"https:\/\/www.minibini.at\/shop\/wp-json\/wp\/v2\/product_tag?post=6666"}],"curies":[{"name":"wp","href":"https:\/\/api.w.org\/{rel}","templated":true}]}}