{"id":6655,"date":"2023-10-27T18:18:38","date_gmt":"2023-10-27T16:18:38","guid":{"rendered":"https:\/\/www.minibini.at\/shop\/?post_type=product&#038;p=6655"},"modified":"2025-02-10T14:08:51","modified_gmt":"2025-02-10T13:08:51","slug":"tasche-melly","status":"publish","type":"product","link":"https:\/\/www.minibini.at\/shop\/produkt\/tasche-melly\/","title":{"rendered":"Tasche &#8222;Melly&#8220;"},"content":{"rendered":"<p>Diese mittelgro\u00dfe Tasche ist der Hingucker, jetzt mit einem modernem Gurt gestattet! Innen ist sie mit Baumwolle gepolstert und mit einem Druckknopf im Hauptfach gesichert. Gurt ist abnehmbar und mit einem anderen <a href=\"https:\/\/www.minibini.at\/shop\/produkt\/moderner-taschengurt\/\" target=\"_blank\" rel=\"noopener\">Gurt aus der Serie<\/a> kombinierbar.<\/p>\n<p>Gr\u00f6\u00dfe (LxHxB) : 34&#215;33 cm<\/p>\n<p>Die Farben der abgebildeten Artikel k\u00f6nnen vom Original je nach Monitor und Aufl\u00f6sung abweichen, daf\u00fcr k\u00f6nnen wir keine Garantie \u00fcbernehmen.<\/p>\n<p>Wichtig: Hellere Materialien reagieren manchmal empfindlich auf Farb\u00fcbertragung, wenn sie gegen andere Textilmaterialien wie dunkle Jeans, dunklere M\u00e4ntel usw. gerieben werden \u2013 am besten sowas vermeiden \ud83d\ude09 Wir empfehlen au\u00dferdem, dass die Produkte nicht zu lange direktem Sonnenlicht ausgesezt sind.<\/p>\n","protected":false},"excerpt":{"rendered":"<ul>\n<li>Der Hingucker!<\/li>\n<li>Druckknopf &amp; schickes Design<\/li>\n<li>Verstellbarer &amp; abnehmbarer Gurt<\/li>\n<li>ca 34x33cm<\/li>\n<li>Fragen?\n<ul>\n<li><a href=\"https:\/\/wa.me\/436606202357\" target=\"_blank\" rel=\"noopener\">WhatsApp Direkt<\/a><\/li>\n<li><a href=\"mailto:kontakt@minibini.at\" target=\"_blank\" rel=\"noopener\">kontakt@minibini.at<\/a><\/li>\n<\/ul>\n<\/li>\n<\/ul>\n","protected":false},"featured_media":6661,"comment_status":"open","ping_status":"closed","template":"","meta":[],"product_brand":[],"product_cat":[503,38],"product_tag":[395,52,394,49,396,51,45,393,50,121],"class_list":{"0":"post-6655","1":"product","2":"type-product","3":"status-publish","4":"has-post-thumbnail","6":"product_cat-herbst-winter-minibini-kollektion","7":"product_cat-frauen-taschen-minibini","8":"product_tag-crossbodybag","9":"product_tag-damen-tasche","10":"product_tag-damentasche-mit-gurt","11":"product_tag-frauen-tasche","12":"product_tag-frauentasche","13":"product_tag-kleine-tasche","14":"product_tag-minibini","15":"product_tag-moderne-damentasche","16":"product_tag-tasche-unikat","17":"product_tag-umhaengetasche","18":"alm-qv-enable","19":"almaira-woo-hover-zoom","20":"almaira-woo-alignment-center","21":"almaira-single-product-tab-horizontal","22":"almaira-shadow-0","23":"almaira-shadow-hover-0","25":"first","26":"onbackorder","27":"shipping-taxable","28":"purchasable","29":"product-type-variable"},"jetpack_sharing_enabled":true,"_links":{"self":[{"href":"https:\/\/www.minibini.at\/shop\/wp-json\/wp\/v2\/product\/6655","targetHints":{"allow":["GET"]}}],"collection":[{"href":"https:\/\/www.minibini.at\/shop\/wp-json\/wp\/v2\/product"}],"about":[{"href":"https:\/\/www.minibini.at\/shop\/wp-json\/wp\/v2\/types\/product"}],"replies":[{"embeddable":true,"href":"https:\/\/www.minibini.at\/shop\/wp-json\/wp\/v2\/comments?post=6655"}],"wp:featuredmedia":[{"embeddable":true,"href":"https:\/\/www.minibini.at\/shop\/wp-json\/wp\/v2\/media\/6661"}],"wp:attachment":[{"href":"https:\/\/www.minibini.at\/shop\/wp-json\/wp\/v2\/media?parent=6655"}],"wp:term":[{"taxonomy":"product_brand","embeddable":true,"href":"https:\/\/www.minibini.at\/shop\/wp-json\/wp\/v2\/product_brand?post=6655"},{"taxonomy":"product_cat","embeddable":true,"href":"https:\/\/www.minibini.at\/shop\/wp-json\/wp\/v2\/product_cat?post=6655"},{"taxonomy":"product_tag","embeddable":true,"href":"https:\/\/www.minibini.at\/shop\/wp-json\/wp\/v2\/product_tag?post=6655"}],"curies":[{"name":"wp","href":"https:\/\/api.w.org\/{rel}","templated":true}]}}