{"id":6477,"date":"2023-04-30T13:37:24","date_gmt":"2023-04-30T11:37:24","guid":{"rendered":"https:\/\/www.minibini.at\/shop\/?post_type=product&#038;p=6477"},"modified":"2025-10-28T09:25:10","modified_gmt":"2025-10-28T08:25:10","slug":"damen-badeanzug-minibini","status":"publish","type":"product","link":"https:\/\/www.minibini.at\/shop\/produkt\/damen-badeanzug-minibini\/","title":{"rendered":"Damen Badeanzug"},"content":{"rendered":"<p>Wir haben unser breites Sortiment f\u00fcr dich um etwas ganz Neues erweitert &#8211; Minibini Bademode, die sich durch eine gro\u00dfe Farbauswahl in einem sch\u00f6nen Material auszeichnet.<\/p>\n<p>Sie sind sowohl als Badeanzug oder als Bikini erh\u00e4ltlich und bestehen aus einem kompakten blickdichten Material, das dir eine besonders sch\u00f6ne Optik verleiht.<\/p>\n<p>Der Badeanzug ist sorgf\u00e4ltig durchdacht und f\u00fcr alle K\u00f6rpertypen und Gr\u00f6\u00dfen geeignet.<\/p>\n<p>Neben der Bademodenkollektion haben wir auch eine passende Kollektion aus Handt\u00fcchern, Strandtaschen, Toilettenartikeln und nat\u00fcrlich Pantoletten vorbereitet.<\/p>\n<p>Mach dein Sommer &#8211; Minibini Sommer.<\/p>\n","protected":false},"excerpt":{"rendered":"<ul>\n<li>Bereit f\u00fcr dein Sommer?<\/li>\n<li>Badeanzug in vielen Farben<\/li>\n<li>Blickdicht!<\/li>\n<li>Alle Gr\u00f6\u00dfen &#8211; auf Wunsch angefertigt<\/li>\n<li>Fragen? <a href=\"mailto:kontakt@minibini.at\">kontakt@minibini.at<\/a><\/li>\n<\/ul>\n","protected":false},"featured_media":6490,"comment_status":"open","ping_status":"closed","template":"","meta":[],"product_brand":[],"product_cat":[114],"product_tag":[407,408,412,413,411,414,409,415,410],"class_list":{"0":"post-6477","1":"product","2":"type-product","3":"status-publish","4":"has-post-thumbnail","6":"product_cat-not-published","7":"product_tag-badeanzug","8":"product_tag-bademode","9":"product_tag-damen-badeanzug","10":"product_tag-damen-bikini","11":"product_tag-handgemachte-bademode","12":"product_tag-minibini-badeanzug","13":"product_tag-minibini-bikini","14":"product_tag-minibini-sommermode","15":"product_tag-sommerkollektion","16":"alm-qv-enable","17":"almaira-woo-hover-zoom","18":"almaira-woo-alignment-center","19":"almaira-single-product-tab-horizontal","20":"almaira-shadow-0","21":"almaira-shadow-hover-0","23":"first","24":"instock","25":"shipping-taxable","26":"product-type-variable"},"jetpack_sharing_enabled":true,"_links":{"self":[{"href":"https:\/\/www.minibini.at\/shop\/wp-json\/wp\/v2\/product\/6477","targetHints":{"allow":["GET"]}}],"collection":[{"href":"https:\/\/www.minibini.at\/shop\/wp-json\/wp\/v2\/product"}],"about":[{"href":"https:\/\/www.minibini.at\/shop\/wp-json\/wp\/v2\/types\/product"}],"replies":[{"embeddable":true,"href":"https:\/\/www.minibini.at\/shop\/wp-json\/wp\/v2\/comments?post=6477"}],"wp:featuredmedia":[{"embeddable":true,"href":"https:\/\/www.minibini.at\/shop\/wp-json\/wp\/v2\/media\/6490"}],"wp:attachment":[{"href":"https:\/\/www.minibini.at\/shop\/wp-json\/wp\/v2\/media?parent=6477"}],"wp:term":[{"taxonomy":"product_brand","embeddable":true,"href":"https:\/\/www.minibini.at\/shop\/wp-json\/wp\/v2\/product_brand?post=6477"},{"taxonomy":"product_cat","embeddable":true,"href":"https:\/\/www.minibini.at\/shop\/wp-json\/wp\/v2\/product_cat?post=6477"},{"taxonomy":"product_tag","embeddable":true,"href":"https:\/\/www.minibini.at\/shop\/wp-json\/wp\/v2\/product_tag?post=6477"}],"curies":[{"name":"wp","href":"https:\/\/api.w.org\/{rel}","templated":true}]}}