{"id":6474,"date":"2023-03-30T10:48:38","date_gmt":"2023-03-30T08:48:38","guid":{"rendered":"https:\/\/www.minibini.at\/shop\/?post_type=product&#038;p=6474"},"modified":"2026-01-27T17:58:12","modified_gmt":"2026-01-27T16:58:12","slug":"gerippter-turban","status":"publish","type":"product","link":"https:\/\/www.minibini.at\/shop\/produkt\/gerippter-turban\/","title":{"rendered":"Gerippter Turban"},"content":{"rendered":"<p>Turban Haube f\u00fcr M\u00e4dchen mit einer sch\u00f6nen Schleife in der Mitte, perfekter Schutz und ein schickes schlichtes Design.<\/p>\n<p>Bei besonderen W\u00fcnschen am besten ein kurzes Email schicken und ich melde mich so schnell wie m\u00f6glich -&gt; <a href=\"mailto:kontakt@minibini.at\" target=\"_blank\" rel=\"noopener noreferrer\">kontakt@minibini.at<\/a><\/p>\n<p>Farben: mint | grau | rot | wei\u00df | rosa | ocker | hellblau<\/p>\n<p>&nbsp;<\/p>\n","protected":false},"excerpt":{"rendered":"<ul>\n<li>Baumwolle &amp; dehnbar<\/li>\n<li>Sch\u00f6ne Schleife in der Mitte<\/li>\n<li>Viele Farben\n<ul>\n<li><a href=\"mailto:kontakt@minibini.at\" target=\"_blank\" rel=\"noopener noreferrer\">kontakt@minibini.at<\/a><\/li>\n<li><a href=\"https:\/\/wa.me\/436606202357\">Whatsapp Direkt<\/a><\/li>\n<\/ul>\n<\/li>\n<\/ul>\n","protected":false},"featured_media":6470,"comment_status":"open","ping_status":"closed","template":"","meta":[],"product_brand":[],"product_cat":[503,20,249],"product_tag":[400,404,402,405,403,401,406],"class_list":{"0":"post-6474","1":"product","2":"type-product","3":"status-publish","4":"has-post-thumbnail","6":"product_cat-herbst-winter-minibini-kollektion","7":"product_cat-baby-kinder-mode","8":"product_cat-hauben-schals","9":"product_tag-baby-turban","10":"product_tag-gerippter-turban","11":"product_tag-haube-turban","12":"product_tag-kinder-turban","13":"product_tag-maedchen-turban","14":"product_tag-turban-haube","15":"product_tag-turban-mit-schleife","16":"product_shipping_class-nieriger-versand","17":"alm-qv-enable","18":"almaira-woo-hover-zoom","19":"almaira-woo-alignment-center","20":"almaira-single-product-tab-horizontal","21":"almaira-shadow-0","22":"almaira-shadow-hover-0","24":"first","25":"onbackorder","26":"shipping-taxable","27":"purchasable","28":"product-type-variable"},"jetpack_sharing_enabled":true,"_links":{"self":[{"href":"https:\/\/www.minibini.at\/shop\/wp-json\/wp\/v2\/product\/6474","targetHints":{"allow":["GET"]}}],"collection":[{"href":"https:\/\/www.minibini.at\/shop\/wp-json\/wp\/v2\/product"}],"about":[{"href":"https:\/\/www.minibini.at\/shop\/wp-json\/wp\/v2\/types\/product"}],"replies":[{"embeddable":true,"href":"https:\/\/www.minibini.at\/shop\/wp-json\/wp\/v2\/comments?post=6474"}],"wp:featuredmedia":[{"embeddable":true,"href":"https:\/\/www.minibini.at\/shop\/wp-json\/wp\/v2\/media\/6470"}],"wp:attachment":[{"href":"https:\/\/www.minibini.at\/shop\/wp-json\/wp\/v2\/media?parent=6474"}],"wp:term":[{"taxonomy":"product_brand","embeddable":true,"href":"https:\/\/www.minibini.at\/shop\/wp-json\/wp\/v2\/product_brand?post=6474"},{"taxonomy":"product_cat","embeddable":true,"href":"https:\/\/www.minibini.at\/shop\/wp-json\/wp\/v2\/product_cat?post=6474"},{"taxonomy":"product_tag","embeddable":true,"href":"https:\/\/www.minibini.at\/shop\/wp-json\/wp\/v2\/product_tag?post=6474"}],"curies":[{"name":"wp","href":"https:\/\/api.w.org\/{rel}","templated":true}]}}