{"id":6471,"date":"2023-03-30T10:48:00","date_gmt":"2023-03-30T08:48:00","guid":{"rendered":"https:\/\/www.minibini.at\/shop\/?post_type=product&#038;p=6471"},"modified":"2025-05-24T10:53:48","modified_gmt":"2025-05-24T08:53:48","slug":"kinder-erwachsene-schlupfhaube","status":"publish","type":"product","link":"https:\/\/www.minibini.at\/shop\/produkt\/kinder-erwachsene-schlupfhaube\/","title":{"rendered":"Minibini Schlupfhaube"},"content":{"rendered":"<p>Haube, die sowohl eine Kapuze, eine Haube und auch ein Schal ist.<\/p>\n<p>Die Schlupfhaube passt durch die Form perfekt unter die Jacke. Der Hals und Nacken bleibt schon warm auch bei Bewegungen.<\/p>\n<p>Es ist einfach, sie \u00fcber den Kopf zu ziehen, bei Bedarf die Gr\u00f6\u00dfe mit der Schnur anzupassen, und bereits w\u00e4rmend sch\u00fctzt diese gleichzeitig den Mund vor dem kalten Winterwind.<\/p>\n<p>Farben, von links nach rechts:<\/p>\n<p>Ocker | Puderrosa | Dunkelblau| Olivgr\u00fcn| Hellbraun | Beige | Grau | Schwarz<\/p>\n<p><img loading=\"lazy\" decoding=\"async\" class=\"aligncenter size-full wp-image-6765\" src=\"https:\/\/www.minibini.at\/shop\/wp-content\/uploads\/2023\/03\/Schlupfhaube-Farben.png\" alt=\"\" width=\"731\" height=\"115\" srcset=\"https:\/\/www.minibini.at\/shop\/wp-content\/uploads\/2023\/03\/Schlupfhaube-Farben.png 731w, https:\/\/www.minibini.at\/shop\/wp-content\/uploads\/2023\/03\/Schlupfhaube-Farben-300x47.png 300w, https:\/\/www.minibini.at\/shop\/wp-content\/uploads\/2023\/03\/Schlupfhaube-Farben-600x94.png 600w, https:\/\/www.minibini.at\/shop\/wp-content\/uploads\/2023\/03\/Schlupfhaube-Farben-48x8.png 48w\" sizes=\"auto, (max-width: 731px) 100vw, 731px\" \/><\/p>\n<p>&nbsp;<\/p>\n<p>&nbsp;<\/p>\n","protected":false},"excerpt":{"rendered":"<ul>\n<li>Schlupfhaube (Haube+Schal+Kapuze in einem!)<\/li>\n<li>2 Kinder Gr\u00f6\u00dfen &amp; Perfekt f\u00fcr die kalte Winterzeit<\/li>\n<li>In vielen Farben &amp; auch f\u00fcr die Erwachsene!<\/li>\n<li>Fragen?\n<ul>\n<li>-&gt; <a href=\"mailto:kontakt@minibini.at\" target=\"_blank\" rel=\"noopener noreferrer\">kontakt@minibini.at<\/a><\/li>\n<li>-&gt; <a href=\"https:\/\/wa.me\/436606202357\" target=\"_blank\" rel=\"noopener\">WhatsApp Direkt<\/a><\/li>\n<\/ul>\n<\/li>\n<\/ul>\n","protected":false},"featured_media":7598,"comment_status":"open","ping_status":"closed","template":"","meta":[],"product_brand":[],"product_cat":[503,20,249,250],"product_tag":[151,164,428,427,509,162,426,150,425,510,163],"class_list":{"0":"post-6471","1":"product","2":"type-product","3":"status-publish","4":"has-post-thumbnail","6":"product_cat-herbst-winter-minibini-kollektion","7":"product_cat-baby-kinder-mode","8":"product_cat-hauben-schals","9":"product_cat-personalisierte-geschenke","10":"product_tag-baby-haube","11":"product_tag-gefuetterte-haube","12":"product_tag-haube-kapuze-schal","13":"product_tag-haube-mit-schal","14":"product_tag-haube-schal","15":"product_tag-hauben","16":"product_tag-kapuzen-haube","17":"product_tag-kinder-haube","18":"product_tag-schlupfhaube","19":"product_tag-schlupfhaube-erwachsene","20":"product_tag-warme-kinder-haube","21":"alm-qv-enable","22":"almaira-woo-hover-zoom","23":"almaira-woo-alignment-center","24":"almaira-single-product-tab-horizontal","25":"almaira-shadow-0","26":"almaira-shadow-hover-0","28":"first","29":"onbackorder","30":"shipping-taxable","31":"purchasable","32":"product-type-variable"},"jetpack_sharing_enabled":true,"_links":{"self":[{"href":"https:\/\/www.minibini.at\/shop\/wp-json\/wp\/v2\/product\/6471","targetHints":{"allow":["GET"]}}],"collection":[{"href":"https:\/\/www.minibini.at\/shop\/wp-json\/wp\/v2\/product"}],"about":[{"href":"https:\/\/www.minibini.at\/shop\/wp-json\/wp\/v2\/types\/product"}],"replies":[{"embeddable":true,"href":"https:\/\/www.minibini.at\/shop\/wp-json\/wp\/v2\/comments?post=6471"}],"wp:featuredmedia":[{"embeddable":true,"href":"https:\/\/www.minibini.at\/shop\/wp-json\/wp\/v2\/media\/7598"}],"wp:attachment":[{"href":"https:\/\/www.minibini.at\/shop\/wp-json\/wp\/v2\/media?parent=6471"}],"wp:term":[{"taxonomy":"product_brand","embeddable":true,"href":"https:\/\/www.minibini.at\/shop\/wp-json\/wp\/v2\/product_brand?post=6471"},{"taxonomy":"product_cat","embeddable":true,"href":"https:\/\/www.minibini.at\/shop\/wp-json\/wp\/v2\/product_cat?post=6471"},{"taxonomy":"product_tag","embeddable":true,"href":"https:\/\/www.minibini.at\/shop\/wp-json\/wp\/v2\/product_tag?post=6471"}],"curies":[{"name":"wp","href":"https:\/\/api.w.org\/{rel}","templated":true}]}}