{"id":6328,"date":"2023-02-16T11:07:04","date_gmt":"2023-02-16T10:07:04","guid":{"rendered":"https:\/\/www.minibini.at\/shop\/?post_type=product&#038;p=6328"},"modified":"2025-12-11T06:09:21","modified_gmt":"2025-12-11T05:09:21","slug":"kleine-minibini-taeschen","status":"publish","type":"product","link":"https:\/\/www.minibini.at\/shop\/produkt\/kleine-minibini-taeschen\/","title":{"rendered":"Kleine Minibini T\u00e4schen"},"content":{"rendered":"<p>Diese kleine Taschen k\u00f6nnen als praktische Kosmetiktaschen verwendet werden, oder als kleine Geldb\u00fcrse. Sie eignen sich au\u00dferdem auch als T\u00e4schchen f\u00fcr Reisepass und Geld (zB auf Reisen). Die kleine Tasche ist ein sch\u00f6nes Accessoire, passend zu deiner <a href=\"https:\/\/www.minibini.at\/shop\/produkt\/tasche-anna\/\" target=\"_blank\" rel=\"noopener noreferrer\">Minibini Tasche<\/a> oder zu deinem <a href=\"https:\/\/www.minibini.at\/shop\/produkt\/rucksack-stylish\/\" target=\"_blank\" rel=\"noopener noreferrer\">Minibini Rucksack<\/a>.<\/p>\n<p>Gr\u00f6\u00dfen:<br \/>\n\u2665 gro\u00dfe Kosmetiktasche (cca. 23x17cm)<br \/>\n\u2665 kleine Kosmetiktasche (cca. 17x12cm)<br \/>\n\u2665 kleine Geldb\u00f6rse (cca. 13\u00d710 cm)<\/p>\n<p>Die Farben der abgebildeten Artikel k\u00f6nnen vom Original je nach Monitor und Aufl\u00f6sung abweichen, daf\u00fcr k\u00f6nnen wir keine Garantie \u00fcbernehmen.<\/p>\n","protected":false},"excerpt":{"rendered":"<ul>\n<li>Praktische Gr\u00f6\u00dfe f\u00fcr Kosmetik, Dokumente oder f\u00fcrs Geld<\/li>\n<li>Passend zur Minibini Kollektion (Tasche &amp; Rucksack)\u2665 gro\u00dfe Kosmetiktasche (cca. 23x17cm)<br \/>\n\u2665 kleine Kosmetiktasche (cca. 17x12cm)<br \/>\n\u2665 kleine Geldb\u00f6rse (cca. 13\u00d710 cm)<\/li>\n<li>Fragen? <a href=\"mailto:kontakt@minibini.at\" target=\"_blank\" rel=\"noopener\">kontakt@minibini.at<\/a><\/li>\n<\/ul>\n","protected":false},"featured_media":6349,"comment_status":"open","ping_status":"closed","template":"","meta":[],"product_brand":[],"product_cat":[38],"product_tag":[93,94,390,51,91],"class_list":{"0":"post-6328","1":"product","2":"type-product","3":"status-publish","4":"has-post-thumbnail","6":"product_cat-frauen-taschen-minibini","7":"product_tag-accessoire","8":"product_tag-dokumenten-tasche","9":"product_tag-kleine-geldboerse","10":"product_tag-kleine-tasche","11":"product_tag-kosmetiktasche","12":"alm-qv-enable","13":"almaira-woo-hover-zoom","14":"almaira-woo-alignment-center","15":"almaira-single-product-tab-horizontal","16":"almaira-shadow-0","17":"almaira-shadow-hover-0","19":"first","20":"onbackorder","21":"shipping-taxable","22":"purchasable","23":"product-type-variable"},"jetpack_sharing_enabled":true,"_links":{"self":[{"href":"https:\/\/www.minibini.at\/shop\/wp-json\/wp\/v2\/product\/6328","targetHints":{"allow":["GET"]}}],"collection":[{"href":"https:\/\/www.minibini.at\/shop\/wp-json\/wp\/v2\/product"}],"about":[{"href":"https:\/\/www.minibini.at\/shop\/wp-json\/wp\/v2\/types\/product"}],"replies":[{"embeddable":true,"href":"https:\/\/www.minibini.at\/shop\/wp-json\/wp\/v2\/comments?post=6328"}],"wp:featuredmedia":[{"embeddable":true,"href":"https:\/\/www.minibini.at\/shop\/wp-json\/wp\/v2\/media\/6349"}],"wp:attachment":[{"href":"https:\/\/www.minibini.at\/shop\/wp-json\/wp\/v2\/media?parent=6328"}],"wp:term":[{"taxonomy":"product_brand","embeddable":true,"href":"https:\/\/www.minibini.at\/shop\/wp-json\/wp\/v2\/product_brand?post=6328"},{"taxonomy":"product_cat","embeddable":true,"href":"https:\/\/www.minibini.at\/shop\/wp-json\/wp\/v2\/product_cat?post=6328"},{"taxonomy":"product_tag","embeddable":true,"href":"https:\/\/www.minibini.at\/shop\/wp-json\/wp\/v2\/product_tag?post=6328"}],"curies":[{"name":"wp","href":"https:\/\/api.w.org\/{rel}","templated":true}]}}