{"id":6266,"date":"2022-11-26T09:51:19","date_gmt":"2022-11-26T08:51:19","guid":{"rendered":"https:\/\/www.minibini.at\/shop\/?post_type=product&#038;p=6266"},"modified":"2024-12-04T06:33:33","modified_gmt":"2024-12-04T05:33:33","slug":"rucksack-sicily","status":"publish","type":"product","link":"https:\/\/www.minibini.at\/shop\/produkt\/rucksack-sicily\/","title":{"rendered":"Rucksack &#8222;Sicily&#8220;"},"content":{"rendered":"<p>Minibini &#8222;Sicily&#8220; Rucksack, der neuste im Sortiment, in schwarz. Andere Farben auf Wunsch.<\/p>\n<p>Material: Kunstleder<br \/>\nFutter: Polyester, kompakte Steppdecke, die die Form des Rucksacks beibeh\u00e4lt<br \/>\nInnen: 1 Tasche<br \/>\nAu\u00dfen: gr\u00f6\u00dfere Rei\u00dfverschlusstasche<br \/>\nGr\u00f6\u00dfe: ca. <strong>45x33cm<\/strong><\/p>\n<p>Die Farben der abgebildeten Artikel k\u00f6nnen vom Original je nach Monitor und Aufl\u00f6sung abweichen, daf\u00fcr kann ich keine Garantie \u00fcbernehmen.<\/p>\n<p>Wichtig: Hellere Materialien reagieren manchmal empfindlich auf Farb\u00fcbertragung, wenn sie gegen andere Textilmaterialien wie dunkle Jeans, dunklere M\u00e4ntel usw. gerieben werden \u2013 am besten sowas vermeiden \ud83d\ude09 Wir empfehlen au\u00dferdem, dass die Produkte nicht zu lange direktem Sonnenlicht ausgesezt sind.<\/p>\n<p>&nbsp;<\/p>\n<p>&nbsp;<\/p>\n<p>&nbsp;<\/p>\n","protected":false},"excerpt":{"rendered":"<ul>\n<li>F\u00fcr Reisen geeignet<\/li>\n<li>Zipptasche vorne<\/li>\n<li>45x33cm<\/li>\n<li>Gro\u00dfe Rei\u00dfverschlusstasche vorne<\/li>\n<li>Schultergurte besonders tragf\u00e4hig &amp; l\u00e4ngenverstellbar<\/li>\n<li>Andere Farben auf Wunsch<\/li>\n<li>Fragen?\n<ul>\n<li>Direkt <a href=\"https:\/\/wa.me\/436606202357\" target=\"_blank\" rel=\"noopener\">WhatsApp 06606202357<\/a><\/li>\n<li><a href=\"mailto:kontakt@minibini.at\" target=\"_blank\" rel=\"noopener noreferrer\">kontakt@minibini.at<\/a><\/li>\n<\/ul>\n<\/li>\n<\/ul>\n","protected":false},"featured_media":7534,"comment_status":"open","ping_status":"closed","template":"","meta":[],"product_brand":[],"product_cat":[503,353,37],"product_tag":[243,30,28,33],"class_list":{"0":"post-6266","1":"product","2":"type-product","3":"status-publish","4":"has-post-thumbnail","6":"product_cat-herbst-winter-minibini-kollektion","7":"product_cat-sommerkollektion","8":"product_cat-rucksack-minibini-damen-kinder","9":"product_tag-damenrucksack","10":"product_tag-frauen-rucksack","11":"product_tag-rucksack","12":"product_tag-unikat-rucksack","13":"product_shipping_class-gratisversand","14":"alm-qv-enable","15":"almaira-woo-hover-zoom","16":"almaira-woo-alignment-center","17":"almaira-single-product-tab-horizontal","18":"almaira-shadow-0","19":"almaira-shadow-hover-0","21":"first","22":"outofstock","23":"shipping-taxable","24":"purchasable","25":"product-type-simple"},"jetpack_sharing_enabled":true,"_links":{"self":[{"href":"https:\/\/www.minibini.at\/shop\/wp-json\/wp\/v2\/product\/6266","targetHints":{"allow":["GET"]}}],"collection":[{"href":"https:\/\/www.minibini.at\/shop\/wp-json\/wp\/v2\/product"}],"about":[{"href":"https:\/\/www.minibini.at\/shop\/wp-json\/wp\/v2\/types\/product"}],"replies":[{"embeddable":true,"href":"https:\/\/www.minibini.at\/shop\/wp-json\/wp\/v2\/comments?post=6266"}],"wp:featuredmedia":[{"embeddable":true,"href":"https:\/\/www.minibini.at\/shop\/wp-json\/wp\/v2\/media\/7534"}],"wp:attachment":[{"href":"https:\/\/www.minibini.at\/shop\/wp-json\/wp\/v2\/media?parent=6266"}],"wp:term":[{"taxonomy":"product_brand","embeddable":true,"href":"https:\/\/www.minibini.at\/shop\/wp-json\/wp\/v2\/product_brand?post=6266"},{"taxonomy":"product_cat","embeddable":true,"href":"https:\/\/www.minibini.at\/shop\/wp-json\/wp\/v2\/product_cat?post=6266"},{"taxonomy":"product_tag","embeddable":true,"href":"https:\/\/www.minibini.at\/shop\/wp-json\/wp\/v2\/product_tag?post=6266"}],"curies":[{"name":"wp","href":"https:\/\/api.w.org\/{rel}","templated":true}]}}