{"id":6210,"date":"2022-11-19T09:33:48","date_gmt":"2022-11-19T08:33:48","guid":{"rendered":"https:\/\/www.minibini.at\/shop\/?post_type=product&#038;p=6210"},"modified":"2025-04-11T17:42:31","modified_gmt":"2025-04-11T15:42:31","slug":"umhaengetasche-sally","status":"publish","type":"product","link":"https:\/\/www.minibini.at\/shop\/produkt\/umhaengetasche-sally\/","title":{"rendered":"Umh\u00e4ngetasche &#8222;Sally&#8220;"},"content":{"rendered":"<p>Diese umh\u00e4ngetasche ist das Highlight unserer Taschenkollektion! Mit dem Umh\u00e4ngegurt und in verschiedene Farben ist sie ein perfekter Begleiter durch den Tag! Gurte in verschiedenen Farben zus\u00e4tzlich erh\u00e4ltlich!<\/p>\n<p>Die Farben der abgebildeten Artikel k\u00f6nnen vom Original je nach Monitor und Aufl\u00f6sung abweichen, daf\u00fcr kann ich keine Garantie \u00fcbernehmen.<\/p>\n<p>Wichtig: Hellere Materialien reagieren manchmal empfindlich auf Farb\u00fcbertragung, wenn sie gegen andere Textilmaterialien wie dunkle Jeans, dunklere M\u00e4ntel usw. gerieben werden \u2013 am besten sowas vermeiden \ud83d\ude09 Wir empfehlen au\u00dferdem, dass die Produkte nicht zu lange direktem Sonnenlicht ausgesezt sind.<\/p>\n<p>&nbsp;<\/p>\n","protected":false},"excerpt":{"rendered":"<ul>\n<li>Umh\u00e4ngetasche in verschieden Farben<\/li>\n<li>Moderner Gurt &#8211; <a href=\"https:\/\/www.minibini.at\/shop\/produkt\/moderner-taschengurt\/\" target=\"_blank\" rel=\"noopener\">zus\u00e4tzliche Farben erh\u00e4ltlich<\/a><\/li>\n<li>2 F\u00e4cher mit Zipp<\/li>\n<li>Andere Farben auf Wunsch\n<ul>\n<li><a href=\"mailto:kontakt@minibini.at\" target=\"_blank\" rel=\"noopener noreferrer\">kontakt@minibini.at<\/a><\/li>\n<li><a href=\"https:\/\/wa.me\/436606202357\" target=\"_blank\" rel=\"noopener\">whatsapp direkt\u00a0<\/a><\/li>\n<\/ul>\n<\/li>\n<\/ul>\n","protected":false},"featured_media":7465,"comment_status":"open","ping_status":"closed","template":"","meta":[],"product_brand":[],"product_cat":[38],"product_tag":[52,49,51,45,50,121],"class_list":{"0":"post-6210","1":"product","2":"type-product","3":"status-publish","4":"has-post-thumbnail","6":"product_cat-frauen-taschen-minibini","7":"product_tag-damen-tasche","8":"product_tag-frauen-tasche","9":"product_tag-kleine-tasche","10":"product_tag-minibini","11":"product_tag-tasche-unikat","12":"product_tag-umhaengetasche","13":"alm-qv-enable","14":"almaira-woo-hover-zoom","15":"almaira-woo-alignment-center","16":"almaira-single-product-tab-horizontal","17":"almaira-shadow-0","18":"almaira-shadow-hover-0","20":"first","21":"onbackorder","22":"featured","23":"shipping-taxable","24":"purchasable","25":"product-type-variable"},"jetpack_sharing_enabled":true,"_links":{"self":[{"href":"https:\/\/www.minibini.at\/shop\/wp-json\/wp\/v2\/product\/6210","targetHints":{"allow":["GET"]}}],"collection":[{"href":"https:\/\/www.minibini.at\/shop\/wp-json\/wp\/v2\/product"}],"about":[{"href":"https:\/\/www.minibini.at\/shop\/wp-json\/wp\/v2\/types\/product"}],"replies":[{"embeddable":true,"href":"https:\/\/www.minibini.at\/shop\/wp-json\/wp\/v2\/comments?post=6210"}],"wp:featuredmedia":[{"embeddable":true,"href":"https:\/\/www.minibini.at\/shop\/wp-json\/wp\/v2\/media\/7465"}],"wp:attachment":[{"href":"https:\/\/www.minibini.at\/shop\/wp-json\/wp\/v2\/media?parent=6210"}],"wp:term":[{"taxonomy":"product_brand","embeddable":true,"href":"https:\/\/www.minibini.at\/shop\/wp-json\/wp\/v2\/product_brand?post=6210"},{"taxonomy":"product_cat","embeddable":true,"href":"https:\/\/www.minibini.at\/shop\/wp-json\/wp\/v2\/product_cat?post=6210"},{"taxonomy":"product_tag","embeddable":true,"href":"https:\/\/www.minibini.at\/shop\/wp-json\/wp\/v2\/product_tag?post=6210"}],"curies":[{"name":"wp","href":"https:\/\/api.w.org\/{rel}","templated":true}]}}