{"id":5917,"date":"2022-08-20T10:30:18","date_gmt":"2022-08-20T08:30:18","guid":{"rendered":"https:\/\/www.minibini.at\/shop\/?post_type=product&#038;p=5917"},"modified":"2025-02-10T13:52:03","modified_gmt":"2025-02-10T12:52:03","slug":"kinder-softshell-sportjacke","status":"publish","type":"product","link":"https:\/\/www.minibini.at\/shop\/produkt\/kinder-softshell-sportjacke\/","title":{"rendered":"Kinder Softshell Sportjacke"},"content":{"rendered":"<blockquote><p>Die Minibini Softshell Jacke ist ein Teil, das mit deinem Kind mitw\u00e4chst!<\/p><\/blockquote>\n<p>Die Jacke hat einen sportlich-eleganten Look und die Eigenschaften einer Softshell (wasserdicht, pflegeleicht, weich und angenehm zu tragen).<\/p>\n<p>An den \u00c4rmeln ist eine praktische Verl\u00e4ngerung, die daf\u00fcr sorgt, dass die H\u00e4nde deines Kindes immer warm sind. Viele Kinder sind von diesem Accessoire begeistert.<\/p>\n<p>Die Jacke hat eine Kapuze, \u00fcber der auf Wunsch ein abnehmbarer Kunstpelz angebracht werden kann, um die Jacke noch spezieller zu machen.<\/p>\n<p>Die Farben der abgebildeten Artikel k\u00f6nnen vom Original je nach Monitor und Aufl\u00f6sung abweichen, daf\u00fcr kann ich keine Garantie \u00fcbernehmen.<\/p>\n","protected":false},"excerpt":{"rendered":"<ul>\n<li>Softshell sportliche Jacke in rosa<\/li>\n<li>Wasserdicht &amp; mit Kapuze<\/li>\n<li>100% Poliester<\/li>\n<li>Du hast Fragen? -&gt; <a href=\"mailto:kontakt@minibini.at\" target=\"_blank\" rel=\"noopener noreferrer\">kontakt@minibini.at<\/a><\/li>\n<\/ul>\n","protected":false},"featured_media":5935,"comment_status":"open","ping_status":"closed","template":"","meta":[],"product_brand":[],"product_cat":[503,20,198],"product_tag":[346,41,344,345,347,350,348,349],"class_list":{"0":"post-5917","1":"product","2":"type-product","3":"status-publish","4":"has-post-thumbnail","6":"product_cat-herbst-winter-minibini-kollektion","7":"product_cat-baby-kinder-mode","8":"product_cat-minibini-sonstiges","9":"product_tag-kinder-softshell","10":"product_tag-kinder-weste","11":"product_tag-softshell","12":"product_tag-softshell-jacke","13":"product_tag-softshell-kinder","14":"product_tag-softshell-rosa","15":"product_tag-softshell-wasserdicht-jacke","16":"product_tag-wasserdicht-jacke-kinder","17":"alm-qv-enable","18":"almaira-woo-hover-zoom","19":"almaira-woo-alignment-center","20":"almaira-single-product-tab-horizontal","21":"almaira-shadow-0","22":"almaira-shadow-hover-0","24":"first","25":"onbackorder","26":"shipping-taxable","27":"purchasable","28":"product-type-variable"},"jetpack_sharing_enabled":true,"_links":{"self":[{"href":"https:\/\/www.minibini.at\/shop\/wp-json\/wp\/v2\/product\/5917","targetHints":{"allow":["GET"]}}],"collection":[{"href":"https:\/\/www.minibini.at\/shop\/wp-json\/wp\/v2\/product"}],"about":[{"href":"https:\/\/www.minibini.at\/shop\/wp-json\/wp\/v2\/types\/product"}],"replies":[{"embeddable":true,"href":"https:\/\/www.minibini.at\/shop\/wp-json\/wp\/v2\/comments?post=5917"}],"wp:featuredmedia":[{"embeddable":true,"href":"https:\/\/www.minibini.at\/shop\/wp-json\/wp\/v2\/media\/5935"}],"wp:attachment":[{"href":"https:\/\/www.minibini.at\/shop\/wp-json\/wp\/v2\/media?parent=5917"}],"wp:term":[{"taxonomy":"product_brand","embeddable":true,"href":"https:\/\/www.minibini.at\/shop\/wp-json\/wp\/v2\/product_brand?post=5917"},{"taxonomy":"product_cat","embeddable":true,"href":"https:\/\/www.minibini.at\/shop\/wp-json\/wp\/v2\/product_cat?post=5917"},{"taxonomy":"product_tag","embeddable":true,"href":"https:\/\/www.minibini.at\/shop\/wp-json\/wp\/v2\/product_tag?post=5917"}],"curies":[{"name":"wp","href":"https:\/\/api.w.org\/{rel}","templated":true}]}}