{"id":5870,"date":"2022-08-19T13:45:38","date_gmt":"2022-08-19T11:45:38","guid":{"rendered":"https:\/\/www.minibini.at\/shop\/?post_type=product&#038;p=5870"},"modified":"2024-12-26T09:34:10","modified_gmt":"2024-12-26T08:34:10","slug":"maedchen-tutu-rock-tuellrock","status":"publish","type":"product","link":"https:\/\/www.minibini.at\/shop\/produkt\/maedchen-tutu-rock-tuellrock\/","title":{"rendered":"M\u00e4dchen Tutu Rock (T\u00fcllrock)"},"content":{"rendered":"<p>M\u00e4dchen Tutu Rock (Tutu) &#8211; T\u00fcllrock in allen Gr\u00f6\u00dfen und in 4 Farben, auch mit Glitzer! Mit einem d\u00fcnnen Unterrock. Die L\u00e4nge wird an der Gr\u00f6\u00dfe angepasst!<\/p>\n<p>Die Farben der abgebildeten Artikel k\u00f6nnen vom Original je nach Monitor und Aufl\u00f6sung abweichen, daf\u00fcr kann ich keine Garantie \u00fcbernehmen.<\/p>\n","protected":false},"excerpt":{"rendered":"<ul>\n<li>Tutu Rock in 4 Farben<\/li>\n<li>Auch in Glitzer!<\/li>\n<li>100% Baumwolle<\/li>\n<li>Du hast Fragen? -&gt; <a href=\"mailto:kontakt@minibini.at\" target=\"_blank\" rel=\"noopener noreferrer\">kontakt@minibini.at<\/a><\/li>\n<\/ul>\n","protected":false},"featured_media":5891,"comment_status":"open","ping_status":"closed","template":"","meta":[],"product_brand":[],"product_cat":[353,20,198],"product_tag":[339,341,340,338,342,343],"class_list":{"0":"post-5870","1":"product","2":"type-product","3":"status-publish","4":"has-post-thumbnail","6":"product_cat-sommerkollektion","7":"product_cat-baby-kinder-mode","8":"product_cat-minibini-sonstiges","9":"product_tag-maedchen-tuellrock","10":"product_tag-maedchen-tutu","11":"product_tag-tuell-maedchen","12":"product_tag-tuellrock","13":"product_tag-tutu","14":"product_tag-tuturock","15":"alm-qv-enable","16":"almaira-woo-hover-zoom","17":"almaira-woo-alignment-center","18":"almaira-single-product-tab-horizontal","19":"almaira-shadow-0","20":"almaira-shadow-hover-0","22":"first","23":"onbackorder","24":"shipping-taxable","25":"purchasable","26":"product-type-variable"},"jetpack_sharing_enabled":true,"_links":{"self":[{"href":"https:\/\/www.minibini.at\/shop\/wp-json\/wp\/v2\/product\/5870","targetHints":{"allow":["GET"]}}],"collection":[{"href":"https:\/\/www.minibini.at\/shop\/wp-json\/wp\/v2\/product"}],"about":[{"href":"https:\/\/www.minibini.at\/shop\/wp-json\/wp\/v2\/types\/product"}],"replies":[{"embeddable":true,"href":"https:\/\/www.minibini.at\/shop\/wp-json\/wp\/v2\/comments?post=5870"}],"wp:featuredmedia":[{"embeddable":true,"href":"https:\/\/www.minibini.at\/shop\/wp-json\/wp\/v2\/media\/5891"}],"wp:attachment":[{"href":"https:\/\/www.minibini.at\/shop\/wp-json\/wp\/v2\/media?parent=5870"}],"wp:term":[{"taxonomy":"product_brand","embeddable":true,"href":"https:\/\/www.minibini.at\/shop\/wp-json\/wp\/v2\/product_brand?post=5870"},{"taxonomy":"product_cat","embeddable":true,"href":"https:\/\/www.minibini.at\/shop\/wp-json\/wp\/v2\/product_cat?post=5870"},{"taxonomy":"product_tag","embeddable":true,"href":"https:\/\/www.minibini.at\/shop\/wp-json\/wp\/v2\/product_tag?post=5870"}],"curies":[{"name":"wp","href":"https:\/\/api.w.org\/{rel}","templated":true}]}}