{"id":5708,"date":"2022-05-22T08:15:28","date_gmt":"2022-05-22T06:15:28","guid":{"rendered":"https:\/\/www.minibini.at\/shop\/?post_type=product&#038;p=5708"},"modified":"2025-02-10T13:41:52","modified_gmt":"2025-02-10T12:41:52","slug":"damentasche-mini-nataly","status":"publish","type":"product","link":"https:\/\/www.minibini.at\/shop\/produkt\/damentasche-mini-nataly\/","title":{"rendered":"Damentasche &#8222;Mini Nataly&#8220;"},"content":{"rendered":"<p>Mini Nataly ist so eine feine und gleichzeitig sportliche Handtaschenwahl, geeignet f\u00fcr jeden Tag oder besondere Anl\u00e4sse.<\/p>\n<p>Die Tasche hat einen Kunstlederriemen und kann \u00fcber der Schulter oder als G\u00fcrteltasche getragen werden. Allerdings l\u00e4sst sich der Kunstlederriemen auch komplett abnehmen und du kannst die Tasche nur mit einer Kette tragen.<\/p>\n<p>Material: Kunstleder<br \/>\nFutter: Polyester<br \/>\nInnen: zwei Taschen<br \/>\nGr\u00f6\u00dfe: ca. 25x15x6 cm<\/p>\n<p>Die Farben der abgebildeten Artikel k\u00f6nnen vom Original je nach Monitor und Aufl\u00f6sung abweichen, daf\u00fcr k\u00f6nnen wir keine Garantie \u00fcbernehmen.<\/p>\n","protected":false},"excerpt":{"rendered":"<ul>\n<li>Schick &amp; sportlich gleichzeitig<\/li>\n<li>Schultertasche oder Bauchtasche<\/li>\n<li>2 Innentaschen<\/li>\n<li>25x15x6 cm<\/li>\n<li>Fragen? <a href=\"mailto:kontakt@minibini.at\" target=\"_blank\" rel=\"noopener noreferrer\">kontakt@minibini.at<\/a><\/li>\n<\/ul>\n","protected":false},"featured_media":5724,"comment_status":"open","ping_status":"closed","template":"","meta":[],"product_brand":[],"product_cat":[38],"product_tag":[52,49,51,45,50,121],"class_list":{"0":"post-5708","1":"product","2":"type-product","3":"status-publish","4":"has-post-thumbnail","6":"product_cat-frauen-taschen-minibini","7":"product_tag-damen-tasche","8":"product_tag-frauen-tasche","9":"product_tag-kleine-tasche","10":"product_tag-minibini","11":"product_tag-tasche-unikat","12":"product_tag-umhaengetasche","13":"alm-qv-enable","14":"almaira-woo-hover-zoom","15":"almaira-woo-alignment-center","16":"almaira-single-product-tab-horizontal","17":"almaira-shadow-0","18":"almaira-shadow-hover-0","20":"first","21":"onbackorder","22":"featured","23":"shipping-taxable","24":"purchasable","25":"product-type-variable"},"jetpack_sharing_enabled":true,"_links":{"self":[{"href":"https:\/\/www.minibini.at\/shop\/wp-json\/wp\/v2\/product\/5708","targetHints":{"allow":["GET"]}}],"collection":[{"href":"https:\/\/www.minibini.at\/shop\/wp-json\/wp\/v2\/product"}],"about":[{"href":"https:\/\/www.minibini.at\/shop\/wp-json\/wp\/v2\/types\/product"}],"replies":[{"embeddable":true,"href":"https:\/\/www.minibini.at\/shop\/wp-json\/wp\/v2\/comments?post=5708"}],"wp:featuredmedia":[{"embeddable":true,"href":"https:\/\/www.minibini.at\/shop\/wp-json\/wp\/v2\/media\/5724"}],"wp:attachment":[{"href":"https:\/\/www.minibini.at\/shop\/wp-json\/wp\/v2\/media?parent=5708"}],"wp:term":[{"taxonomy":"product_brand","embeddable":true,"href":"https:\/\/www.minibini.at\/shop\/wp-json\/wp\/v2\/product_brand?post=5708"},{"taxonomy":"product_cat","embeddable":true,"href":"https:\/\/www.minibini.at\/shop\/wp-json\/wp\/v2\/product_cat?post=5708"},{"taxonomy":"product_tag","embeddable":true,"href":"https:\/\/www.minibini.at\/shop\/wp-json\/wp\/v2\/product_tag?post=5708"}],"curies":[{"name":"wp","href":"https:\/\/api.w.org\/{rel}","templated":true}]}}