{"id":5187,"date":"2021-11-07T09:16:56","date_gmt":"2021-11-07T08:16:56","guid":{"rendered":"https:\/\/www.minibini.at\/shop\/?post_type=product&#038;p=5187"},"modified":"2025-10-08T09:17:36","modified_gmt":"2025-10-08T07:17:36","slug":"gerippte-damen-herren-hauben","status":"publish","type":"product","link":"https:\/\/www.minibini.at\/shop\/produkt\/gerippte-damen-herren-hauben\/","title":{"rendered":"Gerippte Damen\/Herren Hauben"},"content":{"rendered":"<p>Minibini gerippte M\u00fctzen bestehen aus einem angenehmen und flexiblen Baumwollmaterial und sind in 15 Farben erh\u00e4ltlich.<\/p>\n<p><img loading=\"lazy\" decoding=\"async\" class=\"wp-image-5128 size-medium aligncenter\" src=\"https:\/\/www.minibini.at\/shop\/wp-content\/uploads\/2021\/10\/Logo-MINI-287x300.jpg\" alt=\"\" width=\"287\" height=\"300\" srcset=\"https:\/\/www.minibini.at\/shop\/wp-content\/uploads\/2021\/10\/Logo-MINI-287x300.jpg 287w, https:\/\/www.minibini.at\/shop\/wp-content\/uploads\/2021\/10\/Logo-MINI.jpg 459w\" sizes=\"auto, (max-width: 287px) 100vw, 287px\" \/><\/p>\n<p>Baumwolle: 80%<br \/>\nPolyester: 15%<br \/>\nElasthan: 5%<\/p>\n<p>Erh\u00e4ltlich in vielen unterschiedlichen Farben! Auf Wunsch mit einem passenden Schlauchschal.<\/p>\n<p><strong>!!! DIE FARBEN UND STOFFE K\u00d6NNEN SICH \u00c4NDERN ODER SIE SIND NICHT MEHR VERF\u00dcGBAR. Wenn das der Falls ist, bekommst du von mir eine Nachricht.<\/strong><\/p>\n<p>WICHTIG: Die Farben der abgebildeten Artikel k\u00f6nnen vom Original je nach Monitor und Aufl\u00f6sung abweichen, daf\u00fcr kann ich keine Garantie \u00fcbernehmen.<\/p>\n","protected":false},"excerpt":{"rendered":"<ul>\n<li>Geripptes Material (Baumwolle)<\/li>\n<li>Auf Wunsch mit einem passendem Schlauchschal<\/li>\n<li>In vielen unterschiedlichen Farben<\/li>\n<li>Fragen?\n<ul>\n<li><a href=\"mailto:kontakt@minibini.at\" target=\"_blank\" rel=\"noopener noreferrer\">kontakt@minibini.at<\/a><\/li>\n<li><a href=\"https:\/\/wa.me\/436606202357\" target=\"_blank\" rel=\"noopener\">WhatsApp Direkt<\/a><\/li>\n<\/ul>\n<\/li>\n<\/ul>\n","protected":false},"featured_media":5190,"comment_status":"open","ping_status":"closed","template":"","meta":[],"product_brand":[],"product_cat":[114],"product_tag":[258,259,262,263,261,162,265,264,260,163],"class_list":{"0":"post-5187","1":"product","2":"type-product","3":"status-publish","4":"has-post-thumbnail","6":"product_cat-not-published","7":"product_tag-erwachsenenhaube","8":"product_tag-erwachsenenmuetze","9":"product_tag-frauenhaube","10":"product_tag-frauenmuetze","11":"product_tag-haube-fuer-erwachsenen","12":"product_tag-hauben","13":"product_tag-herrenhaube","14":"product_tag-herrenmuetze","15":"product_tag-muetzen-fuer-erwachsenen","16":"product_tag-warme-kinder-haube","17":"alm-qv-enable","18":"almaira-woo-hover-zoom","19":"almaira-woo-alignment-center","20":"almaira-single-product-tab-horizontal","21":"almaira-shadow-0","22":"almaira-shadow-hover-0","24":"first","25":"onbackorder","26":"shipping-taxable","27":"purchasable","28":"product-type-variable"},"jetpack_sharing_enabled":true,"_links":{"self":[{"href":"https:\/\/www.minibini.at\/shop\/wp-json\/wp\/v2\/product\/5187","targetHints":{"allow":["GET"]}}],"collection":[{"href":"https:\/\/www.minibini.at\/shop\/wp-json\/wp\/v2\/product"}],"about":[{"href":"https:\/\/www.minibini.at\/shop\/wp-json\/wp\/v2\/types\/product"}],"replies":[{"embeddable":true,"href":"https:\/\/www.minibini.at\/shop\/wp-json\/wp\/v2\/comments?post=5187"}],"wp:featuredmedia":[{"embeddable":true,"href":"https:\/\/www.minibini.at\/shop\/wp-json\/wp\/v2\/media\/5190"}],"wp:attachment":[{"href":"https:\/\/www.minibini.at\/shop\/wp-json\/wp\/v2\/media?parent=5187"}],"wp:term":[{"taxonomy":"product_brand","embeddable":true,"href":"https:\/\/www.minibini.at\/shop\/wp-json\/wp\/v2\/product_brand?post=5187"},{"taxonomy":"product_cat","embeddable":true,"href":"https:\/\/www.minibini.at\/shop\/wp-json\/wp\/v2\/product_cat?post=5187"},{"taxonomy":"product_tag","embeddable":true,"href":"https:\/\/www.minibini.at\/shop\/wp-json\/wp\/v2\/product_tag?post=5187"}],"curies":[{"name":"wp","href":"https:\/\/api.w.org\/{rel}","templated":true}]}}