{"id":5052,"date":"2021-10-21T10:17:00","date_gmt":"2021-10-21T08:17:00","guid":{"rendered":"https:\/\/www.minibini.at\/shop\/?post_type=product&#038;p=5052"},"modified":"2024-03-13T04:03:46","modified_gmt":"2024-03-13T03:03:46","slug":"maedchen-set-regenbogen-puderrosa-50-86","status":"publish","type":"product","link":"https:\/\/www.minibini.at\/shop\/produkt\/maedchen-set-regenbogen-puderrosa-50-86\/","title":{"rendered":"M\u00e4dchen Set &#8222;Regenbogen&#8220; Puderrosa (50-86)"},"content":{"rendered":"<p>Cooles Set &#8211; eine Hose, eine zugeh\u00f6rige Weste mit einer Kapuze und eine passende Haube in Regenbogen Muster &#8211; in etwas dickerem Stoff! Erh\u00e4ltlich in mehreren Gr\u00f6\u00dfen und das coole daran &#8211; das Set w\u00e4chst mit Deinem Kind sogar ein St\u00fcck weit mit.\u00a0 Wenn Dein Kind gr\u00f6\u00dfer wird, kannst Du die Hose einfach bei den F\u00fc\u00dfen und die Weste an den \u00c4rmeln verl\u00e4ngern, dank dem Design.<\/p>\n<p>Das Kinder Set ist mit gro\u00dfer Sorgfalt gen\u00e4ht und h\u00e4lt dank hochwertige Baumwolle sehr lange!<\/p>\n","protected":false},"excerpt":{"rendered":"<ul>\n<li>Set, das mit deinem Kind w\u00e4chst<\/li>\n<li>Etwas dicker Stoff &#8211; wunderbar f\u00fcr Herbst &amp; Winter<\/li>\n<li>Hochwertige Baumwolle &amp; pflegeleicht<\/li>\n<li>Sch\u00f6nes Design &amp; verspielte Details<\/li>\n<li>Fragen? <a href=\"mailto:kontakt@minibini.at\" target=\"_blank\" rel=\"noopener\">kontakt@minibini.at<\/a><\/li>\n<\/ul>\n","protected":false},"featured_media":5060,"comment_status":"open","ping_status":"closed","template":"","meta":[],"product_brand":[],"product_cat":[114],"product_tag":[44,42,40,41,39,131,130,61,132,273],"class_list":{"0":"post-5052","1":"product","2":"type-product","3":"status-publish","4":"has-post-thumbnail","6":"product_cat-not-published","7":"product_tag-baby-hose","8":"product_tag-babymode","9":"product_tag-kinder-hose","10":"product_tag-kinder-weste","11":"product_tag-kindermode","12":"product_tag-maedchen-hose","13":"product_tag-maedchen-set","14":"product_tag-maedchen-stirnband","15":"product_tag-maedchen-weste","16":"product_tag-newborn-set","17":"alm-qv-enable","18":"almaira-woo-hover-zoom","19":"almaira-woo-alignment-center","20":"almaira-single-product-tab-horizontal","21":"almaira-shadow-0","22":"almaira-shadow-hover-0","24":"first","25":"onbackorder","26":"sale","27":"shipping-taxable","28":"purchasable","29":"product-type-variable"},"jetpack_sharing_enabled":true,"_links":{"self":[{"href":"https:\/\/www.minibini.at\/shop\/wp-json\/wp\/v2\/product\/5052","targetHints":{"allow":["GET"]}}],"collection":[{"href":"https:\/\/www.minibini.at\/shop\/wp-json\/wp\/v2\/product"}],"about":[{"href":"https:\/\/www.minibini.at\/shop\/wp-json\/wp\/v2\/types\/product"}],"replies":[{"embeddable":true,"href":"https:\/\/www.minibini.at\/shop\/wp-json\/wp\/v2\/comments?post=5052"}],"wp:featuredmedia":[{"embeddable":true,"href":"https:\/\/www.minibini.at\/shop\/wp-json\/wp\/v2\/media\/5060"}],"wp:attachment":[{"href":"https:\/\/www.minibini.at\/shop\/wp-json\/wp\/v2\/media?parent=5052"}],"wp:term":[{"taxonomy":"product_brand","embeddable":true,"href":"https:\/\/www.minibini.at\/shop\/wp-json\/wp\/v2\/product_brand?post=5052"},{"taxonomy":"product_cat","embeddable":true,"href":"https:\/\/www.minibini.at\/shop\/wp-json\/wp\/v2\/product_cat?post=5052"},{"taxonomy":"product_tag","embeddable":true,"href":"https:\/\/www.minibini.at\/shop\/wp-json\/wp\/v2\/product_tag?post=5052"}],"curies":[{"name":"wp","href":"https:\/\/api.w.org\/{rel}","templated":true}]}}