{"id":5026,"date":"2021-10-08T13:32:29","date_gmt":"2021-10-08T11:32:29","guid":{"rendered":"https:\/\/www.minibini.at\/shop\/?post_type=product&#038;p=5026"},"modified":"2025-12-11T05:53:47","modified_gmt":"2025-12-11T04:53:47","slug":"damentasche-nataly","status":"publish","type":"product","link":"https:\/\/www.minibini.at\/shop\/produkt\/damentasche-nataly\/","title":{"rendered":"Damentasche &#8222;Nataly&#8220;"},"content":{"rendered":"<p>Nataly ist so eine feine und gleichzeitig sportliche Handtaschenwahl, geeignet f\u00fcr jeden Tag oder besondere Anl\u00e4sse.<\/p>\n<p>Material: Kunstleder<br \/>\nFutter: Polyester, kompakte Steppdecke, die die Form der Tasche beibeh\u00e4lt<br \/>\nInnen: zwei Taschen<br \/>\nGr\u00f6\u00dfe: ca. 32 \u00d7 23 cm<\/p>\n<p>Die Farben der abgebildeten Artikel k\u00f6nnen vom Original je nach Monitor und Aufl\u00f6sung abweichen, daf\u00fcr k\u00f6nnen wir keine Garantie \u00fcbernehmen.<\/p>\n","protected":false},"excerpt":{"rendered":"<ul>\n<li>Schick &amp; sportlich gleichzeitig<\/li>\n<li>Kettenhenkel &amp; Kunstkeder<\/li>\n<li>2 Innentaschen<\/li>\n<li>32 \u00d7 23 cm<\/li>\n<li>Fragen? <a href=\"mailto:kontakt@minibini.at\" target=\"_blank\" rel=\"noopener noreferrer\">kontakt@minibini.at<\/a><\/li>\n<\/ul>\n","protected":false},"featured_media":5034,"comment_status":"open","ping_status":"closed","template":"","meta":[],"product_brand":[],"product_cat":[503,38],"product_tag":[52,49,51,45,50,121],"class_list":{"0":"post-5026","1":"product","2":"type-product","3":"status-publish","4":"has-post-thumbnail","6":"product_cat-herbst-winter-minibini-kollektion","7":"product_cat-frauen-taschen-minibini","8":"product_tag-damen-tasche","9":"product_tag-frauen-tasche","10":"product_tag-kleine-tasche","11":"product_tag-minibini","12":"product_tag-tasche-unikat","13":"product_tag-umhaengetasche","14":"alm-qv-enable","15":"almaira-woo-hover-zoom","16":"almaira-woo-alignment-center","17":"almaira-single-product-tab-horizontal","18":"almaira-shadow-0","19":"almaira-shadow-hover-0","21":"first","22":"onbackorder","23":"featured","24":"shipping-taxable","25":"purchasable","26":"product-type-variable"},"jetpack_sharing_enabled":true,"_links":{"self":[{"href":"https:\/\/www.minibini.at\/shop\/wp-json\/wp\/v2\/product\/5026","targetHints":{"allow":["GET"]}}],"collection":[{"href":"https:\/\/www.minibini.at\/shop\/wp-json\/wp\/v2\/product"}],"about":[{"href":"https:\/\/www.minibini.at\/shop\/wp-json\/wp\/v2\/types\/product"}],"replies":[{"embeddable":true,"href":"https:\/\/www.minibini.at\/shop\/wp-json\/wp\/v2\/comments?post=5026"}],"wp:featuredmedia":[{"embeddable":true,"href":"https:\/\/www.minibini.at\/shop\/wp-json\/wp\/v2\/media\/5034"}],"wp:attachment":[{"href":"https:\/\/www.minibini.at\/shop\/wp-json\/wp\/v2\/media?parent=5026"}],"wp:term":[{"taxonomy":"product_brand","embeddable":true,"href":"https:\/\/www.minibini.at\/shop\/wp-json\/wp\/v2\/product_brand?post=5026"},{"taxonomy":"product_cat","embeddable":true,"href":"https:\/\/www.minibini.at\/shop\/wp-json\/wp\/v2\/product_cat?post=5026"},{"taxonomy":"product_tag","embeddable":true,"href":"https:\/\/www.minibini.at\/shop\/wp-json\/wp\/v2\/product_tag?post=5026"}],"curies":[{"name":"wp","href":"https:\/\/api.w.org\/{rel}","templated":true}]}}