{"id":4960,"date":"2021-09-06T08:54:17","date_gmt":"2021-09-06T06:54:17","guid":{"rendered":"https:\/\/www.minibini.at\/shop\/?post_type=product&#038;p=4960"},"modified":"2025-06-16T09:06:21","modified_gmt":"2025-06-16T07:06:21","slug":"gerippte-kindermuetzen-baer-muster","status":"publish","type":"product","link":"https:\/\/www.minibini.at\/shop\/produkt\/gerippte-kindermuetzen-baer-muster\/","title":{"rendered":"Gerippte Kinderm\u00fctzen (B\u00e4r Muster)"},"content":{"rendered":"<p>Minibini Kinderm\u00fctzen bestehen aus einem angenehmen und flexiblen Baumwollmaterial. In der \u00dcbergangszeit empfehlen wir eine ungef\u00fctterte M\u00fctze aus zweilagiger Baumwolle und f\u00fcr k\u00e4ltere Tage eine dickere, mit hautfreundlichem Minky Stoff gef\u00fctterte M\u00fctze.<\/p>\n<p>Baumwolle: 80%<br \/>\nPolyester: 15%<br \/>\nElasthan: 5%<\/p>\n<p>Erh\u00e4ltlich in unterschiedlichen Farben! Auf Wunsch mit einem passenden Schlauchschal.<\/p>\n<p>Bei besonderen W\u00fcnschen am besten ein kurzes Email schicken und ich melde mich so schnell wie m\u00f6glich -&gt; <a href=\"mailto:kontakt@minibini.at\" target=\"_blank\" rel=\"noopener noreferrer\">kontakt@minibini.at<\/a><\/p>\n<p>Die Farben der abgebildeten Artikel k\u00f6nnen vom Original je nach Monitor und Aufl\u00f6sung abweichen, daf\u00fcr kann ich keine Garantie \u00fcbernehmen.<\/p>\n<p>&nbsp;<\/p>\n","protected":false},"excerpt":{"rendered":"<ul>\n<li>Geripptes Material (Baumwolle)<\/li>\n<li>Mit Futter f\u00fcr Winter oder ohne (der Preis ist gleich)<\/li>\n<li>Auf Wunsch mit einem passendem Schlauchschal\n<ul>\n<li><a href=\"mailto:kontakt@minibini.at\" target=\"_blank\" rel=\"noopener noreferrer\">kontakt@minibini.at<\/a><\/li>\n<li><a href=\"https:\/\/wa.me\/436606202357\">Whatsapp Direkt<\/a><\/li>\n<\/ul>\n<\/li>\n<\/ul>\n","protected":false},"featured_media":4967,"comment_status":"open","ping_status":"closed","template":"","meta":[],"product_brand":[],"product_cat":[114],"product_tag":[151,164,162,150,244,245,163],"class_list":{"0":"post-4960","1":"product","2":"type-product","3":"status-publish","4":"has-post-thumbnail","6":"product_cat-not-published","7":"product_tag-baby-haube","8":"product_tag-gefuetterte-haube","9":"product_tag-hauben","10":"product_tag-kinder-haube","11":"product_tag-kindermuetze","12":"product_tag-schlauchschal-kinder","13":"product_tag-warme-kinder-haube","14":"alm-qv-enable","15":"almaira-woo-hover-zoom","16":"almaira-woo-alignment-center","17":"almaira-single-product-tab-horizontal","18":"almaira-shadow-0","19":"almaira-shadow-hover-0","21":"first","22":"onbackorder","23":"shipping-taxable","24":"purchasable","25":"product-type-variable"},"jetpack_sharing_enabled":true,"_links":{"self":[{"href":"https:\/\/www.minibini.at\/shop\/wp-json\/wp\/v2\/product\/4960","targetHints":{"allow":["GET"]}}],"collection":[{"href":"https:\/\/www.minibini.at\/shop\/wp-json\/wp\/v2\/product"}],"about":[{"href":"https:\/\/www.minibini.at\/shop\/wp-json\/wp\/v2\/types\/product"}],"replies":[{"embeddable":true,"href":"https:\/\/www.minibini.at\/shop\/wp-json\/wp\/v2\/comments?post=4960"}],"wp:featuredmedia":[{"embeddable":true,"href":"https:\/\/www.minibini.at\/shop\/wp-json\/wp\/v2\/media\/4967"}],"wp:attachment":[{"href":"https:\/\/www.minibini.at\/shop\/wp-json\/wp\/v2\/media?parent=4960"}],"wp:term":[{"taxonomy":"product_brand","embeddable":true,"href":"https:\/\/www.minibini.at\/shop\/wp-json\/wp\/v2\/product_brand?post=4960"},{"taxonomy":"product_cat","embeddable":true,"href":"https:\/\/www.minibini.at\/shop\/wp-json\/wp\/v2\/product_cat?post=4960"},{"taxonomy":"product_tag","embeddable":true,"href":"https:\/\/www.minibini.at\/shop\/wp-json\/wp\/v2\/product_tag?post=4960"}],"curies":[{"name":"wp","href":"https:\/\/api.w.org\/{rel}","templated":true}]}}