{"id":4631,"date":"2021-05-03T10:44:00","date_gmt":"2021-05-03T08:44:00","guid":{"rendered":"https:\/\/www.minibini.at\/shop\/?post_type=product&#038;p=4631"},"modified":"2024-07-01T18:32:58","modified_gmt":"2024-07-01T16:32:58","slug":"minibini-pantolette","status":"publish","type":"product","link":"https:\/\/www.minibini.at\/shop\/produkt\/minibini-pantolette\/","title":{"rendered":"Minibini Pantolette"},"content":{"rendered":"<p>W\u00e4hle f\u00fcr leichte Sommerwanderungen die trendigen Minibini Pantoletten und sp\u00fcre den Komfort und den sportlich-eleganten Look.<br \/>\nDie anatomisch geformte Gummisohle ist in schwarz und wei\u00df erh\u00e4ltlich, wodurch das Schwarz etwas leichter zu pflegen ist.<\/p>\n<p>Pantoletten werden nach Wunsch angefertigt &#8211; daher ist Umtausch nicht m\u00f6glich &#8211; beachte bitte die GR\u00d6\u00dfENTABELLE UNTEN!<\/p>\n<p>Fallen kleiner aus &#8211; bitte beachte die Tabelle unten.<\/p>\n<p>&nbsp;<\/p>\n<p><img loading=\"lazy\" decoding=\"async\" class=\"aligncenter size-full wp-image-2662\" src=\"https:\/\/www.minibini.at\/shop\/wp-content\/uploads\/2020\/04\/schuhgrosse.jpg\" alt=\"\" width=\"208\" height=\"205\" srcset=\"https:\/\/www.minibini.at\/shop\/wp-content\/uploads\/2020\/04\/schuhgrosse.jpg 208w, https:\/\/www.minibini.at\/shop\/wp-content\/uploads\/2020\/04\/schuhgrosse-100x100.jpg 100w\" sizes=\"auto, (max-width: 208px) 100vw, 208px\" \/><\/p>\n","protected":false},"excerpt":{"rendered":"<ul>\n<li>Kunstleder &#8211; viele Farben &amp; Muster<\/li>\n<li>F\u00fcr Gro\u00df und Klein (Gr. 30 bis 42)!<\/li>\n<li>Wei\u00dfe oder schwarze Gummisohle (anatomisch geformt)<\/li>\n<li>WICHTIG -&gt; Fallen kleiner aus (bitte beachte die Gr\u00f6\u00dfentabelle)<\/li>\n<li>Umtausch nicht m\u00f6glich (Pantoletten werden auf Wunsch angefertigt)!<\/li>\n<li>Du hast Fragen? -&gt; <a href=\"mailto:kontakt@minibini.at\" target=\"_blank\" rel=\"noopener\">kontakt@minibini.at<\/a><\/li>\n<\/ul>\n","protected":false},"featured_media":4645,"comment_status":"open","ping_status":"closed","template":"","meta":[],"product_brand":[],"product_cat":[114],"product_tag":[220,180,179,178,219,221],"class_list":{"0":"post-4631","1":"product","2":"type-product","3":"status-publish","4":"has-post-thumbnail","6":"product_cat-not-published","7":"product_tag-damen-pantoletten","8":"product_tag-haus-schuhe","9":"product_tag-hauspatschen","10":"product_tag-hausschuhe","11":"product_tag-pantolette","12":"product_tag-schlapfen","13":"alm-qv-enable","14":"almaira-woo-hover-zoom","15":"almaira-woo-alignment-center","16":"almaira-single-product-tab-horizontal","17":"almaira-shadow-0","18":"almaira-shadow-hover-0","20":"first","21":"onbackorder","22":"shipping-taxable","23":"purchasable","24":"product-type-variable"},"jetpack_sharing_enabled":true,"_links":{"self":[{"href":"https:\/\/www.minibini.at\/shop\/wp-json\/wp\/v2\/product\/4631","targetHints":{"allow":["GET"]}}],"collection":[{"href":"https:\/\/www.minibini.at\/shop\/wp-json\/wp\/v2\/product"}],"about":[{"href":"https:\/\/www.minibini.at\/shop\/wp-json\/wp\/v2\/types\/product"}],"replies":[{"embeddable":true,"href":"https:\/\/www.minibini.at\/shop\/wp-json\/wp\/v2\/comments?post=4631"}],"wp:featuredmedia":[{"embeddable":true,"href":"https:\/\/www.minibini.at\/shop\/wp-json\/wp\/v2\/media\/4645"}],"wp:attachment":[{"href":"https:\/\/www.minibini.at\/shop\/wp-json\/wp\/v2\/media?parent=4631"}],"wp:term":[{"taxonomy":"product_brand","embeddable":true,"href":"https:\/\/www.minibini.at\/shop\/wp-json\/wp\/v2\/product_brand?post=4631"},{"taxonomy":"product_cat","embeddable":true,"href":"https:\/\/www.minibini.at\/shop\/wp-json\/wp\/v2\/product_cat?post=4631"},{"taxonomy":"product_tag","embeddable":true,"href":"https:\/\/www.minibini.at\/shop\/wp-json\/wp\/v2\/product_tag?post=4631"}],"curies":[{"name":"wp","href":"https:\/\/api.w.org\/{rel}","templated":true}]}}