{"id":4530,"date":"2021-04-23T21:31:44","date_gmt":"2021-04-23T19:31:44","guid":{"rendered":"https:\/\/www.minibini.at\/shop\/?post_type=product&#038;p=4530"},"modified":"2024-10-13T10:13:54","modified_gmt":"2024-10-13T08:13:54","slug":"baumwollkleid-lady","status":"publish","type":"product","link":"https:\/\/www.minibini.at\/shop\/produkt\/baumwollkleid-lady\/","title":{"rendered":"Baumwollkleid &#8222;Lady&#8220;"},"content":{"rendered":"<p>Damenkleid aus 100% Baumwolle. F\u00fcr jeden Tag, den ganzen Tag &#8211; so bequem, dass du es gar nicht mehr ausziehen willst!<br \/>\nIn vielen verschiedenen Farben erh\u00e4ltlich*, \u00c4rmel-L\u00e4nge nach deinem Wunsch. Lockere und bequeme Passform.<\/p>\n<p>*Bei den verwendeten Materialien kann es zu Farbabweichungen kommen.<\/p>\n","protected":false},"excerpt":{"rendered":"<ul>\n<li>Baumwollkleid mit Rundhals<\/li>\n<li>Kleid aus 100% Baumwolle<\/li>\n<li>Lockere und bequeme Passform<\/li>\n<li>Normale Damengr\u00f6\u00dfen!<\/li>\n<li>Du hast Fragen? <a href=\"mailto:kontakt@minibini.at\" target=\"_blank\" rel=\"noopener\">kontakt@minibini.at<\/a><\/li>\n<\/ul>\n","protected":false},"featured_media":4536,"comment_status":"open","ping_status":"closed","template":"","meta":[],"product_brand":[],"product_cat":[24],"product_tag":[],"class_list":{"0":"post-4530","1":"product","2":"type-product","3":"status-publish","4":"has-post-thumbnail","6":"product_cat-damen-mode-kleidung","7":"alm-qv-enable","8":"almaira-woo-hover-zoom","9":"almaira-woo-alignment-center","10":"almaira-single-product-tab-horizontal","11":"almaira-shadow-0","12":"almaira-shadow-hover-0","14":"first","15":"onbackorder","16":"shipping-taxable","17":"purchasable","18":"product-type-variable"},"jetpack_sharing_enabled":true,"_links":{"self":[{"href":"https:\/\/www.minibini.at\/shop\/wp-json\/wp\/v2\/product\/4530","targetHints":{"allow":["GET"]}}],"collection":[{"href":"https:\/\/www.minibini.at\/shop\/wp-json\/wp\/v2\/product"}],"about":[{"href":"https:\/\/www.minibini.at\/shop\/wp-json\/wp\/v2\/types\/product"}],"replies":[{"embeddable":true,"href":"https:\/\/www.minibini.at\/shop\/wp-json\/wp\/v2\/comments?post=4530"}],"wp:featuredmedia":[{"embeddable":true,"href":"https:\/\/www.minibini.at\/shop\/wp-json\/wp\/v2\/media\/4536"}],"wp:attachment":[{"href":"https:\/\/www.minibini.at\/shop\/wp-json\/wp\/v2\/media?parent=4530"}],"wp:term":[{"taxonomy":"product_brand","embeddable":true,"href":"https:\/\/www.minibini.at\/shop\/wp-json\/wp\/v2\/product_brand?post=4530"},{"taxonomy":"product_cat","embeddable":true,"href":"https:\/\/www.minibini.at\/shop\/wp-json\/wp\/v2\/product_cat?post=4530"},{"taxonomy":"product_tag","embeddable":true,"href":"https:\/\/www.minibini.at\/shop\/wp-json\/wp\/v2\/product_tag?post=4530"}],"curies":[{"name":"wp","href":"https:\/\/api.w.org\/{rel}","templated":true}]}}