{"id":4405,"date":"2021-03-23T20:32:51","date_gmt":"2021-03-23T19:32:51","guid":{"rendered":"https:\/\/www.minibini.at\/shop\/?post_type=product&#038;p=4405"},"modified":"2024-03-13T02:23:26","modified_gmt":"2024-03-13T01:23:26","slug":"taschen-annemarie","status":"publish","type":"product","link":"https:\/\/www.minibini.at\/shop\/produkt\/taschen-annemarie\/","title":{"rendered":"Taschen &#8222;Annemarie&#8220;"},"content":{"rendered":"<p>Diese mittelgro\u00dfe Tasche steht jeder Frau! Sie unterst\u00fctzt Dich durch die Schule, Uni oder einfach durch den Tag! Innen ist sie mit Baumwolle gepolstert und bietet sogar 4 kleine Taschen! Gr\u00f6\u00dfe der Tasche (LxH): 34x33cm<\/p>\n<p>Die Farben der abgebildeten Artikel k\u00f6nnen vom Original je nach Monitor und Aufl\u00f6sung abweichen, daf\u00fcr kann ich keine Garantie \u00fcbernehmen.<\/p>\n<p>Wichtig: Hellere Materialien reagieren manchmal empfindlich auf Farb\u00fcbertragung, wenn sie gegen andere Textilmaterialien wie dunkle Jeans, dunklere M\u00e4ntel usw. gerieben werden \u2013 am besten sowas vermeiden \ud83d\ude09 Wir empfehlen au\u00dferdem, dass die Produkte nicht zu lange direktem Sonnenlicht ausgesezt sind.<\/p>\n<p><img loading=\"lazy\" decoding=\"async\" class=\"aligncenter wp-image-664 size-thumbnail\" src=\"https:\/\/www.minibini.at\/shop\/wp-content\/uploads\/2020\/01\/Tasche-Mittel_Innen-150x150.jpg\" alt=\"Tasche Anna innen\" width=\"150\" height=\"150\" srcset=\"https:\/\/www.minibini.at\/shop\/wp-content\/uploads\/2020\/01\/Tasche-Mittel_Innen-150x150.jpg 150w, https:\/\/www.minibini.at\/shop\/wp-content\/uploads\/2020\/01\/Tasche-Mittel_Innen-340x340.jpg 340w, https:\/\/www.minibini.at\/shop\/wp-content\/uploads\/2020\/01\/Tasche-Mittel_Innen-100x100.jpg 100w, https:\/\/www.minibini.at\/shop\/wp-content\/uploads\/2020\/01\/Tasche-Mittel_Innen-600x601.jpg 600w, https:\/\/www.minibini.at\/shop\/wp-content\/uploads\/2020\/01\/Tasche-Mittel_Innen-300x300.jpg 300w, https:\/\/www.minibini.at\/shop\/wp-content\/uploads\/2020\/01\/Tasche-Mittel_Innen.jpg 718w\" sizes=\"auto, (max-width: 150px) 100vw, 150px\" \/><\/p>\n","protected":false},"excerpt":{"rendered":"<ul>\n<li>Praktische Gr\u00f6\u00dfe &#8211; 34\u00d733 cm<\/li>\n<li>Verstellbarer Gurt &amp; Druckknopf im Hauptfach<\/li>\n<li>Auf Wunsch mit einem Zippverschluss im Hauptfach<\/li>\n<li>Fragen? <a href=\"mailto:kontakt@minibini.at\" target=\"_blank\" rel=\"noopener noreferrer\">kontakt@minibini.at<\/a><\/li>\n<\/ul>\n","protected":false},"featured_media":4403,"comment_status":"open","ping_status":"closed","template":"","meta":[],"product_brand":[],"product_cat":[114],"product_tag":[52,49,51,45,50],"class_list":{"0":"post-4405","1":"product","2":"type-product","3":"status-publish","4":"has-post-thumbnail","6":"product_cat-not-published","7":"product_tag-damen-tasche","8":"product_tag-frauen-tasche","9":"product_tag-kleine-tasche","10":"product_tag-minibini","11":"product_tag-tasche-unikat","12":"alm-qv-enable","13":"almaira-woo-hover-zoom","14":"almaira-woo-alignment-center","15":"almaira-single-product-tab-horizontal","16":"almaira-shadow-0","17":"almaira-shadow-hover-0","19":"first","20":"onbackorder","21":"featured","22":"shipping-taxable","23":"purchasable","24":"product-type-variable"},"jetpack_sharing_enabled":true,"_links":{"self":[{"href":"https:\/\/www.minibini.at\/shop\/wp-json\/wp\/v2\/product\/4405","targetHints":{"allow":["GET"]}}],"collection":[{"href":"https:\/\/www.minibini.at\/shop\/wp-json\/wp\/v2\/product"}],"about":[{"href":"https:\/\/www.minibini.at\/shop\/wp-json\/wp\/v2\/types\/product"}],"replies":[{"embeddable":true,"href":"https:\/\/www.minibini.at\/shop\/wp-json\/wp\/v2\/comments?post=4405"}],"wp:featuredmedia":[{"embeddable":true,"href":"https:\/\/www.minibini.at\/shop\/wp-json\/wp\/v2\/media\/4403"}],"wp:attachment":[{"href":"https:\/\/www.minibini.at\/shop\/wp-json\/wp\/v2\/media?parent=4405"}],"wp:term":[{"taxonomy":"product_brand","embeddable":true,"href":"https:\/\/www.minibini.at\/shop\/wp-json\/wp\/v2\/product_brand?post=4405"},{"taxonomy":"product_cat","embeddable":true,"href":"https:\/\/www.minibini.at\/shop\/wp-json\/wp\/v2\/product_cat?post=4405"},{"taxonomy":"product_tag","embeddable":true,"href":"https:\/\/www.minibini.at\/shop\/wp-json\/wp\/v2\/product_tag?post=4405"}],"curies":[{"name":"wp","href":"https:\/\/api.w.org\/{rel}","templated":true}]}}