{"id":4104,"date":"2021-01-30T21:29:55","date_gmt":"2021-01-30T20:29:55","guid":{"rendered":"https:\/\/www.minibini.at\/shop\/?post_type=product&#038;p=4104"},"modified":"2025-12-11T05:58:21","modified_gmt":"2025-12-11T04:58:21","slug":"kinder-baer-stirnbaender","status":"publish","type":"product","link":"https:\/\/www.minibini.at\/shop\/produkt\/kinder-baer-stirnbaender\/","title":{"rendered":"Kinder B\u00e4r Stirnb\u00e4nder"},"content":{"rendered":"<p><strong>Entdecke unsere weichen und extra dehnbaren Minibini Stirnb\u00e4nder aus hochwertiger Baumwolle!<\/strong><\/p>\n<p>Dank des breiten Schnitts bieten sie optimalen Schutz f\u00fcr die Ohren \u2013 perfekt f\u00fcr k\u00fchle Tage oder windige Spazierg\u00e4nge.<\/p>\n<p>Hast du spezielle W\u00fcnsche oder Fragen? Kein Problem! Melde dich einfach per <a href=\"https:\/\/wa.me\/436606202357\" target=\"_blank\" rel=\"noopener\"><strong>WhatsApp<\/strong><\/a> oder schicke mir eine kurze E-Mail an <strong><a href=\"mailto:kontakt@minibini.at\" target=\"_blank\" rel=\"noopener\">kontakt@minibini.at<\/a><\/strong> \u2013 ich antworte dir blitzschnell!<\/p>\n<p style=\"text-align: center;\"><strong>Farben links nach rechts:<\/strong><br \/>\neukalyptus | kokos | koralle | pfirsich | blau | creme | gr\u00fcn | hellgrau | beige |<br \/>\ncognac | haselnuss | olivgr\u00fcn | petrol | hell petrol | t\u00fcrkis | hellblau |<br \/>\npink | lavendel | puderrosa | dunkelrot | rot | ziegelrot | orange | ocker |<br \/>\npastellgelb<\/p>\n<p><img loading=\"lazy\" decoding=\"async\" class=\"aligncenter size-full wp-image-6890\" src=\"https:\/\/www.minibini.at\/shop\/wp-content\/uploads\/2024\/02\/farbentabelle.jpg\" alt=\"\" width=\"700\" height=\"360\" srcset=\"https:\/\/www.minibini.at\/shop\/wp-content\/uploads\/2024\/02\/farbentabelle.jpg 700w, https:\/\/www.minibini.at\/shop\/wp-content\/uploads\/2024\/02\/farbentabelle-300x154.jpg 300w, https:\/\/www.minibini.at\/shop\/wp-content\/uploads\/2024\/02\/farbentabelle-600x309.jpg 600w, https:\/\/www.minibini.at\/shop\/wp-content\/uploads\/2024\/02\/farbentabelle-48x25.jpg 48w\" sizes=\"auto, (max-width: 700px) 100vw, 700px\" \/><\/p>\n<p>&nbsp;<\/p>\n<p>&nbsp;<\/p>\n<p><img loading=\"lazy\" decoding=\"async\" class=\"aligncenter size-full wp-image-7418\" src=\"https:\/\/www.minibini.at\/shop\/wp-content\/uploads\/2022\/03\/GroessenTabelle2024.jpg\" alt=\"\" width=\"375\" height=\"241\" srcset=\"https:\/\/www.minibini.at\/shop\/wp-content\/uploads\/2022\/03\/GroessenTabelle2024.jpg 375w, https:\/\/www.minibini.at\/shop\/wp-content\/uploads\/2022\/03\/GroessenTabelle2024-300x193.jpg 300w, https:\/\/www.minibini.at\/shop\/wp-content\/uploads\/2022\/03\/GroessenTabelle2024-48x31.jpg 48w\" sizes=\"auto, (max-width: 375px) 100vw, 375px\" \/><\/p>\n","protected":false},"excerpt":{"rendered":"<ul>\n<li>Das meistverkaufte Kinder Produkt bei Minibini!<\/li>\n<li>Weiche Baumwolle &amp; super dehnbar<\/li>\n<li>Breiter Schnitt f\u00fcr optimalen Ohrenschutz<\/li>\n<li>Lustiges Design &amp; viele Farben!<\/li>\n<li>Fragen?\n<ul>\n<li>Direkt <a href=\"https:\/\/wa.me\/436606202357\" target=\"_blank\" rel=\"noopener\">WhatsApp 06606202357<\/a><\/li>\n<li><a href=\"mailto:kontakt@minibini.at\" target=\"_blank\" rel=\"noopener noreferrer\">kontakt@minibini.at<\/a><\/li>\n<\/ul>\n<\/li>\n<\/ul>\n","protected":false},"featured_media":4127,"comment_status":"open","ping_status":"closed","template":"","meta":[],"product_brand":[],"product_cat":[503,353,20,499],"product_tag":[62,512,63,61,59,106,511,105],"class_list":{"0":"post-4104","1":"product","2":"type-product","3":"status-publish","4":"has-post-thumbnail","6":"product_cat-herbst-winter-minibini-kollektion","7":"product_cat-sommerkollektion","8":"product_cat-baby-kinder-mode","9":"product_cat-stirnbaender","10":"product_tag-jungs-stirnband","11":"product_tag-jungs-stirnbaender","12":"product_tag-kinder-stirnband","13":"product_tag-maedchen-stirnband","14":"product_tag-stirnband","15":"product_tag-stirnband-fuer-erwachsene","16":"product_tag-stirnband-junge","17":"product_tag-stirnbaender","18":"product_shipping_class-nieriger-versand","19":"alm-qv-enable","20":"almaira-woo-hover-zoom","21":"almaira-woo-alignment-center","22":"almaira-single-product-tab-horizontal","23":"almaira-shadow-0","24":"almaira-shadow-hover-0","26":"first","27":"instock","28":"shipping-taxable","29":"purchasable","30":"product-type-variable"},"jetpack_sharing_enabled":true,"_links":{"self":[{"href":"https:\/\/www.minibini.at\/shop\/wp-json\/wp\/v2\/product\/4104","targetHints":{"allow":["GET"]}}],"collection":[{"href":"https:\/\/www.minibini.at\/shop\/wp-json\/wp\/v2\/product"}],"about":[{"href":"https:\/\/www.minibini.at\/shop\/wp-json\/wp\/v2\/types\/product"}],"replies":[{"embeddable":true,"href":"https:\/\/www.minibini.at\/shop\/wp-json\/wp\/v2\/comments?post=4104"}],"wp:featuredmedia":[{"embeddable":true,"href":"https:\/\/www.minibini.at\/shop\/wp-json\/wp\/v2\/media\/4127"}],"wp:attachment":[{"href":"https:\/\/www.minibini.at\/shop\/wp-json\/wp\/v2\/media?parent=4104"}],"wp:term":[{"taxonomy":"product_brand","embeddable":true,"href":"https:\/\/www.minibini.at\/shop\/wp-json\/wp\/v2\/product_brand?post=4104"},{"taxonomy":"product_cat","embeddable":true,"href":"https:\/\/www.minibini.at\/shop\/wp-json\/wp\/v2\/product_cat?post=4104"},{"taxonomy":"product_tag","embeddable":true,"href":"https:\/\/www.minibini.at\/shop\/wp-json\/wp\/v2\/product_tag?post=4104"}],"curies":[{"name":"wp","href":"https:\/\/api.w.org\/{rel}","templated":true}]}}