{"id":3929,"date":"2021-01-04T16:42:26","date_gmt":"2021-01-04T15:42:26","guid":{"rendered":"https:\/\/www.minibini.at\/shop\/?post_type=product&#038;p=3929"},"modified":"2025-11-26T01:41:59","modified_gmt":"2025-11-26T00:41:59","slug":"coole-kinder-hose-56-98","status":"publish","type":"product","link":"https:\/\/www.minibini.at\/shop\/produkt\/coole-kinder-hose-56-98\/","title":{"rendered":"Coole Kinder Hose (56-104)"},"content":{"rendered":"<p>Wir wissen alle, das die Kinder viel zu schnell wachsen. Manchmal wollen wir, dass sie f\u00fcr immer klein bleiben &#8211; aber das geht ja nicht und es ist schon richtig so!<\/p>\n<p>Diese coole Baby\/Kinder Hose w\u00e4chst mit Deinem Kind mit! Die Hose ist so gen\u00e4ht, dass sie zwei Kindergr\u00f6\u00dfen unterst\u00fctzt. Wenn Dein Kind gr\u00f6\u00dfer wird, kannst Du die Hose einfach bei den F\u00fc\u00dfen verl\u00e4ngern, dank dem Design. Minibini Hose ist etwas gr\u00f6\u00dfer geschnitten!<\/p>\n<p><img loading=\"lazy\" decoding=\"async\" class=\"aligncenter size-full wp-image-5259\" src=\"https:\/\/www.minibini.at\/shop\/wp-content\/uploads\/2021\/01\/Groessentabelle.jpg\" alt=\"\" width=\"1109\" height=\"332\" srcset=\"https:\/\/www.minibini.at\/shop\/wp-content\/uploads\/2021\/01\/Groessentabelle.jpg 1109w, https:\/\/www.minibini.at\/shop\/wp-content\/uploads\/2021\/01\/Groessentabelle-300x90.jpg 300w, https:\/\/www.minibini.at\/shop\/wp-content\/uploads\/2021\/01\/Groessentabelle-1024x307.jpg 1024w, https:\/\/www.minibini.at\/shop\/wp-content\/uploads\/2021\/01\/Groessentabelle-768x230.jpg 768w, https:\/\/www.minibini.at\/shop\/wp-content\/uploads\/2021\/01\/Groessentabelle-600x180.jpg 600w\" sizes=\"auto, (max-width: 1109px) 100vw, 1109px\" \/><\/p>\n","protected":false},"excerpt":{"rendered":"<ul>\n<li>Hose, die mit deinem Kind w\u00e4chst!<\/li>\n<li>Viele coolen Designs &#8211; sehr viele noch offline \ud83d\ude42<\/li>\n<li>Hochwertige Baumwolle &amp; sehr pflegeleicht<\/li>\n<li>Etwas gr\u00f6\u00dfer geschnitten!<\/li>\n<li>F\u00fcr besondere W\u00fcnsche -&gt; <a href=\"mailto:kontakt@minibini.at\" target=\"_blank\" rel=\"noopener noreferrer\">kontakt@minibini.at<\/a><\/li>\n<\/ul>\n","protected":false},"featured_media":5824,"comment_status":"open","ping_status":"closed","template":"","meta":[],"product_brand":[],"product_cat":[20],"product_tag":[44,330,331,332,40,328,65,329],"class_list":{"0":"post-3929","1":"product","2":"type-product","3":"status-publish","4":"has-post-thumbnail","6":"product_cat-baby-kinder-mode","7":"product_tag-baby-hose","8":"product_tag-baby-jeans","9":"product_tag-babyhose","10":"product_tag-einfarbige-hose","11":"product_tag-kinder-hose","12":"product_tag-kinder-jeans","13":"product_tag-kinder-mode","14":"product_tag-kinderjeans","15":"alm-qv-enable","16":"almaira-woo-hover-zoom","17":"almaira-woo-alignment-center","18":"almaira-single-product-tab-horizontal","19":"almaira-shadow-0","20":"almaira-shadow-hover-0","22":"first","23":"onbackorder","24":"shipping-taxable","25":"purchasable","26":"product-type-variable"},"jetpack_sharing_enabled":true,"_links":{"self":[{"href":"https:\/\/www.minibini.at\/shop\/wp-json\/wp\/v2\/product\/3929","targetHints":{"allow":["GET"]}}],"collection":[{"href":"https:\/\/www.minibini.at\/shop\/wp-json\/wp\/v2\/product"}],"about":[{"href":"https:\/\/www.minibini.at\/shop\/wp-json\/wp\/v2\/types\/product"}],"replies":[{"embeddable":true,"href":"https:\/\/www.minibini.at\/shop\/wp-json\/wp\/v2\/comments?post=3929"}],"wp:featuredmedia":[{"embeddable":true,"href":"https:\/\/www.minibini.at\/shop\/wp-json\/wp\/v2\/media\/5824"}],"wp:attachment":[{"href":"https:\/\/www.minibini.at\/shop\/wp-json\/wp\/v2\/media?parent=3929"}],"wp:term":[{"taxonomy":"product_brand","embeddable":true,"href":"https:\/\/www.minibini.at\/shop\/wp-json\/wp\/v2\/product_brand?post=3929"},{"taxonomy":"product_cat","embeddable":true,"href":"https:\/\/www.minibini.at\/shop\/wp-json\/wp\/v2\/product_cat?post=3929"},{"taxonomy":"product_tag","embeddable":true,"href":"https:\/\/www.minibini.at\/shop\/wp-json\/wp\/v2\/product_tag?post=3929"}],"curies":[{"name":"wp","href":"https:\/\/api.w.org\/{rel}","templated":true}]}}