{"id":3911,"date":"2021-01-04T11:21:22","date_gmt":"2021-01-04T10:21:22","guid":{"rendered":"https:\/\/www.minibini.at\/shop\/?post_type=product&#038;p=3911"},"modified":"2024-07-08T21:51:37","modified_gmt":"2024-07-08T19:51:37","slug":"kinder-set-dinomania-50-86","status":"publish","type":"product","link":"https:\/\/www.minibini.at\/shop\/produkt\/kinder-set-dinomania-50-86\/","title":{"rendered":"Kinder Set &#8222;Dinomania&#8220; (50-86)"},"content":{"rendered":"<p>Cooles Set &#8211; eine Hose, eine zugeh\u00f6rige Haube und ein Schlauchschal. Errh\u00e4ltlich in mehreren Gr\u00f6\u00dfen und das coole daran &#8211;\u00a0 die Hose w\u00e4chst mit Deinem Kind sogar ein St\u00fcck weit mit.\u00a0 Wenn Dein Kind gr\u00f6\u00dfer wird, kannst Du die Hose einfach bei den F\u00fc\u00dfen verl\u00e4ngern, dank dem Design.<\/p>\n<p>Das Kinder Set ist mit gro\u00dfer Sorgfalt gen\u00e4ht und h\u00e4lt dank hochwertige Baumwolle sehr lange!<\/p>\n<p>Die Produkte k\u00f6nnen in 7 bis sp\u00e4testens 14 Werktagen bei Dir zuhause sein.<\/p>\n","protected":false},"excerpt":{"rendered":"<ul>\n<li>Hose, die mit deinem Kind wachsen<\/li>\n<li>Hochwertige Baumwolle &amp; pflegeleicht<\/li>\n<li>Cooles Design &amp; verspielte Details<\/li>\n<li>Auch andere Gr\u00f6\u00dfen erh\u00e4ltlich -&gt; <a href=\"mailto:kontakt@minibini.at\" target=\"_blank\" rel=\"noopener noreferrer\">kontakt@minibini.at<\/a><\/li>\n<\/ul>\n","protected":false},"featured_media":3918,"comment_status":"open","ping_status":"closed","template":"","meta":[],"product_brand":[],"product_cat":[114],"product_tag":[174,44,43,42,175,40,41,39,45],"class_list":{"0":"post-3911","1":"product","2":"type-product","3":"status-publish","4":"has-post-thumbnail","6":"product_cat-not-published","7":"product_tag-baby-dino-hose","8":"product_tag-baby-hose","9":"product_tag-baby-weste","10":"product_tag-babymode","11":"product_tag-dino-muster","12":"product_tag-kinder-hose","13":"product_tag-kinder-weste","14":"product_tag-kindermode","15":"product_tag-minibini","16":"alm-qv-enable","17":"almaira-woo-hover-zoom","18":"almaira-woo-alignment-center","19":"almaira-single-product-tab-horizontal","20":"almaira-shadow-0","21":"almaira-shadow-hover-0","23":"first","24":"onbackorder","25":"shipping-taxable","26":"purchasable","27":"product-type-variable"},"jetpack_sharing_enabled":true,"_links":{"self":[{"href":"https:\/\/www.minibini.at\/shop\/wp-json\/wp\/v2\/product\/3911","targetHints":{"allow":["GET"]}}],"collection":[{"href":"https:\/\/www.minibini.at\/shop\/wp-json\/wp\/v2\/product"}],"about":[{"href":"https:\/\/www.minibini.at\/shop\/wp-json\/wp\/v2\/types\/product"}],"replies":[{"embeddable":true,"href":"https:\/\/www.minibini.at\/shop\/wp-json\/wp\/v2\/comments?post=3911"}],"wp:featuredmedia":[{"embeddable":true,"href":"https:\/\/www.minibini.at\/shop\/wp-json\/wp\/v2\/media\/3918"}],"wp:attachment":[{"href":"https:\/\/www.minibini.at\/shop\/wp-json\/wp\/v2\/media?parent=3911"}],"wp:term":[{"taxonomy":"product_brand","embeddable":true,"href":"https:\/\/www.minibini.at\/shop\/wp-json\/wp\/v2\/product_brand?post=3911"},{"taxonomy":"product_cat","embeddable":true,"href":"https:\/\/www.minibini.at\/shop\/wp-json\/wp\/v2\/product_cat?post=3911"},{"taxonomy":"product_tag","embeddable":true,"href":"https:\/\/www.minibini.at\/shop\/wp-json\/wp\/v2\/product_tag?post=3911"}],"curies":[{"name":"wp","href":"https:\/\/api.w.org\/{rel}","templated":true}]}}