{"id":3588,"date":"2020-11-03T11:01:13","date_gmt":"2020-11-03T10:01:13","guid":{"rendered":"https:\/\/www.minibini.at\/shop\/?post_type=product&#038;p=3588"},"modified":"2025-12-11T06:01:10","modified_gmt":"2025-12-11T05:01:10","slug":"kinder-muetzen-schlauchschals","status":"publish","type":"product","link":"https:\/\/www.minibini.at\/shop\/produkt\/kinder-muetzen-schlauchschals\/","title":{"rendered":"Kinderhauben Koala\/Tiere\/Wei\u00dfe Herzen"},"content":{"rendered":"<p>Minibini Kinder M\u00fctzen bestehen aus weicher Baumwolle. Sie k\u00f6nnen mit oder ohne Futter bestellt werden und auch mit oder ohne Bommel. Dazu kannst du auch einen passenden Schlauchschal bestellen.<\/p>\n<p>Bei besonderen W\u00fcnschen ein kurzes Email schicken und ich melde mich so schnell wie m\u00f6glich -&gt; <a href=\"mailto:kontakt@minibini.at\" target=\"_blank\" rel=\"noopener noreferrer\">kontakt@minibini.at<\/a><\/p>\n<p style=\"text-align: center;\"><strong>Farben links nach rechts:<\/strong><br \/>\neukalyptus | kokos | koralle | pfirsich | blau | creme | gr\u00fcn | hellgrau | beige |<br \/>\ncognac | haselnuss | olivgr\u00fcn | petrol | hell petrol | t\u00fcrkis | hellblau |<br \/>\npink | lavendel | puderrosa | dunkelrot | rot | ziegelrot | orange | ocker |<br \/>\npastellgelb<\/p>\n<p><img loading=\"lazy\" decoding=\"async\" class=\"aligncenter size-full wp-image-6890\" src=\"https:\/\/www.minibini.at\/shop\/wp-content\/uploads\/2024\/02\/farbentabelle.jpg\" alt=\"\" width=\"700\" height=\"360\" srcset=\"https:\/\/www.minibini.at\/shop\/wp-content\/uploads\/2024\/02\/farbentabelle.jpg 700w, https:\/\/www.minibini.at\/shop\/wp-content\/uploads\/2024\/02\/farbentabelle-300x154.jpg 300w, https:\/\/www.minibini.at\/shop\/wp-content\/uploads\/2024\/02\/farbentabelle-600x309.jpg 600w, https:\/\/www.minibini.at\/shop\/wp-content\/uploads\/2024\/02\/farbentabelle-48x25.jpg 48w\" sizes=\"auto, (max-width: 700px) 100vw, 700px\" \/><\/p>\n","protected":false},"excerpt":{"rendered":"<ul>\n<li>100% Baumwolle &amp; dehnbar<\/li>\n<li>Mit Futter f\u00fcr Winter oder ohne (der Preis ist gleich)<\/li>\n<li>Mit oder ohne Bommel<\/li>\n<li>Mit passendem Schlauchschal<\/li>\n<li>Fragen?\n<ul>\n<li>Direkt <a href=\"https:\/\/wa.me\/436606202357\" target=\"_blank\" rel=\"noopener\">WhatsApp 06606202357<\/a><\/li>\n<li><a href=\"mailto:kontakt@minibini.at\" target=\"_blank\" rel=\"noopener noreferrer\">kontakt@minibini.at<\/a><\/li>\n<\/ul>\n<\/li>\n<\/ul>\n","protected":false},"featured_media":7361,"comment_status":"open","ping_status":"closed","template":"","meta":[],"product_brand":[],"product_cat":[503,249,250],"product_tag":[151,164,498,162,150,496,168,167,166,497,163],"class_list":{"0":"post-3588","1":"product","2":"type-product","3":"status-publish","4":"has-post-thumbnail","6":"product_cat-herbst-winter-minibini-kollektion","7":"product_cat-hauben-schals","8":"product_cat-personalisierte-geschenke","9":"product_tag-baby-haube","10":"product_tag-gefuetterte-haube","11":"product_tag-haube-weisse-herzen","12":"product_tag-hauben","13":"product_tag-kinder-haube","14":"product_tag-koala-haube","15":"product_tag-schal-kinder","16":"product_tag-schlauchschal","17":"product_tag-schlauchschals","18":"product_tag-tiere-haube","19":"product_tag-warme-kinder-haube","20":"alm-qv-enable","21":"almaira-woo-hover-zoom","22":"almaira-woo-alignment-center","23":"almaira-single-product-tab-horizontal","24":"almaira-shadow-0","25":"almaira-shadow-hover-0","27":"first","28":"onbackorder","29":"shipping-taxable","30":"purchasable","31":"product-type-variable"},"jetpack_sharing_enabled":true,"_links":{"self":[{"href":"https:\/\/www.minibini.at\/shop\/wp-json\/wp\/v2\/product\/3588","targetHints":{"allow":["GET"]}}],"collection":[{"href":"https:\/\/www.minibini.at\/shop\/wp-json\/wp\/v2\/product"}],"about":[{"href":"https:\/\/www.minibini.at\/shop\/wp-json\/wp\/v2\/types\/product"}],"replies":[{"embeddable":true,"href":"https:\/\/www.minibini.at\/shop\/wp-json\/wp\/v2\/comments?post=3588"}],"wp:featuredmedia":[{"embeddable":true,"href":"https:\/\/www.minibini.at\/shop\/wp-json\/wp\/v2\/media\/7361"}],"wp:attachment":[{"href":"https:\/\/www.minibini.at\/shop\/wp-json\/wp\/v2\/media?parent=3588"}],"wp:term":[{"taxonomy":"product_brand","embeddable":true,"href":"https:\/\/www.minibini.at\/shop\/wp-json\/wp\/v2\/product_brand?post=3588"},{"taxonomy":"product_cat","embeddable":true,"href":"https:\/\/www.minibini.at\/shop\/wp-json\/wp\/v2\/product_cat?post=3588"},{"taxonomy":"product_tag","embeddable":true,"href":"https:\/\/www.minibini.at\/shop\/wp-json\/wp\/v2\/product_tag?post=3588"}],"curies":[{"name":"wp","href":"https:\/\/api.w.org\/{rel}","templated":true}]}}