{"id":3537,"date":"2020-10-11T08:06:41","date_gmt":"2020-10-11T06:06:41","guid":{"rendered":"https:\/\/www.minibini.at\/shop\/?post_type=product&#038;p=3537"},"modified":"2025-07-04T10:17:55","modified_gmt":"2025-07-04T08:17:55","slug":"kinder-baer-hauben","status":"publish","type":"product","link":"https:\/\/www.minibini.at\/shop\/produkt\/kinder-baer-hauben\/","title":{"rendered":"Kinder B\u00e4r Hauben"},"content":{"rendered":"<p>Minibini Kinder Hauben sind das Highlight und bestehen aus weicher Baumwolle. Sie k\u00f6nnen mit oder ohne Futter bestellt werden und auch mit oder ohne Bommel. Auch hier ist der Auswahl an den Farben gro\u00df!<\/p>\n<p>Hast du spezielle W\u00fcnsche oder Fragen? Kein Problem! Melde dich einfach per <a href=\"https:\/\/wa.me\/436606202357\" target=\"_blank\" rel=\"noopener\"><strong>WhatsApp<\/strong><\/a> oder schicke mir eine kurze E-Mail an <strong><a href=\"mailto:kontakt@minibini.at\" target=\"_blank\" rel=\"noopener\">kontakt@minibini.at<\/a><\/strong> \u2013 ich antworte dir blitzschnell!<\/p>\n<p>&nbsp;<\/p>\n<p style=\"text-align: center;\"><strong>Farben links nach rechts:<\/strong><br \/>\neukalyptus | kokos | koralle | pfirsich | blau | creme | gr\u00fcn | hellgrau | beige |<br \/>\ncognac | haselnuss | olivgr\u00fcn | petrol | hell petrol | t\u00fcrkis | hellblau |<br \/>\npink | lavendel | puderrosa | dunkelrot | rot | ziegelrot | orange | ocker |<br \/>\npastellgelb<\/p>\n<p><img loading=\"lazy\" decoding=\"async\" class=\"aligncenter size-full wp-image-6890\" src=\"https:\/\/www.minibini.at\/shop\/wp-content\/uploads\/2024\/02\/farbentabelle.jpg\" alt=\"\" width=\"700\" height=\"360\" srcset=\"https:\/\/www.minibini.at\/shop\/wp-content\/uploads\/2024\/02\/farbentabelle.jpg 700w, https:\/\/www.minibini.at\/shop\/wp-content\/uploads\/2024\/02\/farbentabelle-300x154.jpg 300w, https:\/\/www.minibini.at\/shop\/wp-content\/uploads\/2024\/02\/farbentabelle-600x309.jpg 600w, https:\/\/www.minibini.at\/shop\/wp-content\/uploads\/2024\/02\/farbentabelle-48x25.jpg 48w\" sizes=\"auto, (max-width: 700px) 100vw, 700px\" \/><\/p>\n","protected":false},"excerpt":{"rendered":"<ul>\n<li>100% Baumwolle &amp; dehnbar<\/li>\n<li>Mit Futter f\u00fcr Winter oder ohne (der Preis ist gleich)<\/li>\n<li>Mit oder ohne Bommel<\/li>\n<li>In vielen Farben<\/li>\n<li>Fragen?\n<ul>\n<li>Direkt <a href=\"https:\/\/wa.me\/436606202357\" target=\"_blank\" rel=\"noopener\">WhatsApp 06606202357<\/a><\/li>\n<li><a href=\"mailto:kontakt@minibini.at\" target=\"_blank\" rel=\"noopener noreferrer\">kontakt@minibini.at<\/a><\/li>\n<\/ul>\n<\/li>\n<\/ul>\n","protected":false},"featured_media":7455,"comment_status":"open","ping_status":"closed","template":"","meta":[],"product_brand":[],"product_cat":[503,20,249],"product_tag":[151,164,504,421,162,150,163],"class_list":{"0":"post-3537","1":"product","2":"type-product","3":"status-publish","4":"has-post-thumbnail","6":"product_cat-herbst-winter-minibini-kollektion","7":"product_cat-baby-kinder-mode","8":"product_cat-hauben-schals","9":"product_tag-baby-haube","10":"product_tag-gefuetterte-haube","11":"product_tag-haube-mit-baer","12":"product_tag-haube-mit-bommel","13":"product_tag-hauben","14":"product_tag-kinder-haube","15":"product_tag-warme-kinder-haube","16":"alm-qv-enable","17":"almaira-woo-hover-zoom","18":"almaira-woo-alignment-center","19":"almaira-single-product-tab-horizontal","20":"almaira-shadow-0","21":"almaira-shadow-hover-0","23":"first","24":"instock","25":"shipping-taxable","26":"purchasable","27":"product-type-variable"},"jetpack_sharing_enabled":true,"_links":{"self":[{"href":"https:\/\/www.minibini.at\/shop\/wp-json\/wp\/v2\/product\/3537","targetHints":{"allow":["GET"]}}],"collection":[{"href":"https:\/\/www.minibini.at\/shop\/wp-json\/wp\/v2\/product"}],"about":[{"href":"https:\/\/www.minibini.at\/shop\/wp-json\/wp\/v2\/types\/product"}],"replies":[{"embeddable":true,"href":"https:\/\/www.minibini.at\/shop\/wp-json\/wp\/v2\/comments?post=3537"}],"wp:featuredmedia":[{"embeddable":true,"href":"https:\/\/www.minibini.at\/shop\/wp-json\/wp\/v2\/media\/7455"}],"wp:attachment":[{"href":"https:\/\/www.minibini.at\/shop\/wp-json\/wp\/v2\/media?parent=3537"}],"wp:term":[{"taxonomy":"product_brand","embeddable":true,"href":"https:\/\/www.minibini.at\/shop\/wp-json\/wp\/v2\/product_brand?post=3537"},{"taxonomy":"product_cat","embeddable":true,"href":"https:\/\/www.minibini.at\/shop\/wp-json\/wp\/v2\/product_cat?post=3537"},{"taxonomy":"product_tag","embeddable":true,"href":"https:\/\/www.minibini.at\/shop\/wp-json\/wp\/v2\/product_tag?post=3537"}],"curies":[{"name":"wp","href":"https:\/\/api.w.org\/{rel}","templated":true}]}}