{"id":3516,"date":"2020-09-30T12:26:48","date_gmt":"2020-09-30T10:26:48","guid":{"rendered":"https:\/\/www.minibini.at\/shop\/?post_type=product&#038;p=3516"},"modified":"2025-02-10T14:04:27","modified_gmt":"2025-02-10T13:04:27","slug":"set-baer-56-104","status":"publish","type":"product","link":"https:\/\/www.minibini.at\/shop\/produkt\/set-baer-56-104\/","title":{"rendered":"Set &#8222;Der gl\u00fcckliche B\u00e4r&#8220; (56-104)"},"content":{"rendered":"<p>Cooles Set &#8211; eine Hose mit dem Body und eine zugeh\u00f6rige Haube. Erh\u00e4ltlich in mehreren Gr\u00f6\u00dfen und das coole daran &#8211; das Set w\u00e4chst mit Deinem Kind sogar ein St\u00fcck weit mit.\u00a0 Wenn Dein Kind gr\u00f6\u00dfer wird, kannst Du die Hose einfach bei den F\u00fc\u00dfen verl\u00e4ngern, dank dem Design.<\/p>\n<p>Das Kinder Set ist mit gro\u00dfer Sorgfalt gen\u00e4ht und h\u00e4lt dank hochwertige Baumwolle sehr lange!<\/p>\n","protected":false},"excerpt":{"rendered":"<ul>\n<li>Set, das mit deinem Kind w\u00e4chst<\/li>\n<li>Unterst\u00fctzt bis drei Kindergr\u00f6\u00dfen<\/li>\n<li>Hochwertige Baumwolle &amp; pflegeleicht<\/li>\n<li>Cooles Design &amp; verspielte Details<\/li>\n<li>Auf <a href=\"https:\/\/www.minibini.at\/shop\/kontakt-anfrage\/\" target=\"_blank\" rel=\"noopener noreferrer\">Anfrage<\/a> auch gr\u00f6\u00dfere Gr\u00f6\u00dfen von Einzelprodukten erh\u00e4ltlich!<\/li>\n<\/ul>\n","protected":false},"featured_media":3524,"comment_status":"open","ping_status":"closed","template":"","meta":[],"product_brand":[],"product_cat":[503,353,20],"product_tag":[44,43,42,40,41,39,45],"class_list":{"0":"post-3516","1":"product","2":"type-product","3":"status-publish","4":"has-post-thumbnail","6":"product_cat-herbst-winter-minibini-kollektion","7":"product_cat-sommerkollektion","8":"product_cat-baby-kinder-mode","9":"product_tag-baby-hose","10":"product_tag-baby-weste","11":"product_tag-babymode","12":"product_tag-kinder-hose","13":"product_tag-kinder-weste","14":"product_tag-kindermode","15":"product_tag-minibini","16":"alm-qv-enable","17":"almaira-woo-hover-zoom","18":"almaira-woo-alignment-center","19":"almaira-single-product-tab-horizontal","20":"almaira-shadow-0","21":"almaira-shadow-hover-0","23":"first","24":"onbackorder","25":"shipping-taxable","26":"purchasable","27":"product-type-variable"},"jetpack_sharing_enabled":true,"_links":{"self":[{"href":"https:\/\/www.minibini.at\/shop\/wp-json\/wp\/v2\/product\/3516","targetHints":{"allow":["GET"]}}],"collection":[{"href":"https:\/\/www.minibini.at\/shop\/wp-json\/wp\/v2\/product"}],"about":[{"href":"https:\/\/www.minibini.at\/shop\/wp-json\/wp\/v2\/types\/product"}],"replies":[{"embeddable":true,"href":"https:\/\/www.minibini.at\/shop\/wp-json\/wp\/v2\/comments?post=3516"}],"wp:featuredmedia":[{"embeddable":true,"href":"https:\/\/www.minibini.at\/shop\/wp-json\/wp\/v2\/media\/3524"}],"wp:attachment":[{"href":"https:\/\/www.minibini.at\/shop\/wp-json\/wp\/v2\/media?parent=3516"}],"wp:term":[{"taxonomy":"product_brand","embeddable":true,"href":"https:\/\/www.minibini.at\/shop\/wp-json\/wp\/v2\/product_brand?post=3516"},{"taxonomy":"product_cat","embeddable":true,"href":"https:\/\/www.minibini.at\/shop\/wp-json\/wp\/v2\/product_cat?post=3516"},{"taxonomy":"product_tag","embeddable":true,"href":"https:\/\/www.minibini.at\/shop\/wp-json\/wp\/v2\/product_tag?post=3516"}],"curies":[{"name":"wp","href":"https:\/\/api.w.org\/{rel}","templated":true}]}}