{"id":345,"date":"2020-01-18T20:51:46","date_gmt":"2020-01-18T19:51:46","guid":{"rendered":"https:\/\/www.minibini.at\/shop\/?post_type=product&#038;p=345"},"modified":"2024-12-26T09:37:51","modified_gmt":"2024-12-26T08:37:51","slug":"rucksack-klassik","status":"publish","type":"product","link":"https:\/\/www.minibini.at\/shop\/produkt\/rucksack-klassik\/","title":{"rendered":"&#8222;Klassik&#8220; Rucks\u00e4cke"},"content":{"rendered":"<p>Dieser Klassiker darf bei dir nicht fehlen! Der Damen-Rucksack eignet sich ideal f\u00fcr den Alltag. Er besteht aus Kunstleder und ist innen mit Baumwolle gepolstert. Innen befindet sich eine kleine Tasche f\u00fcrs Handy. Der Rucksack ist unempfindlich, pflegeleicht und freut sich schon auf ein Abenteuer mit Dir!<\/p>\n<p>Gr\u00f6\u00dfe: B 33cm x L 48cm<\/p>\n<p>Die Farben der abgebildeten Artikel k\u00f6nnen vom Original je nach Monitor und Aufl\u00f6sung abweichen, daf\u00fcr k\u00f6nnen wir keine Garantie \u00fcbernehmen.<\/p>\n<p>Wichtig: Hellere Materialien reagieren manchmal empfindlich auf Farb\u00fcbertragung, wenn sie gegen andere Textilmaterialien wie dunkle Jeans, dunklere M\u00e4ntel usw. gerieben werden \u2013 am besten sowas vermeiden \ud83d\ude09 Wir empfehlen au\u00dferdem, dass die Produkte nicht zu lange direktem Sonnenlicht ausgesezt sind.<\/p>\n","protected":false},"excerpt":{"rendered":"<ul>\n<li>33cm x 48cm<\/li>\n<li>Der Rucksack Klassiker &#8211; ideal f\u00fcr den Alltag<\/li>\n<li>Au\u00dfen Kunstleder &amp; innen Baumwolle und kleine Stecktasche<\/li>\n<li>Unempfindlich &amp; praktisch f\u00fcr Unterwegs<\/li>\n<li>Viele Farben und Muster &#8211; ganz nach deinen W\u00fcnschen!\n<ul>\n<li><a href=\"https:\/\/wa.me\/436606202357\" target=\"_blank\" rel=\"noopener\">WhatsApp Direkt<\/a><\/li>\n<li><a href=\"mailto:kontakt@minibini.at\" target=\"_blank\" rel=\"noopener\">kontakt@minibini.at<\/a><\/li>\n<\/ul>\n<\/li>\n<\/ul>\n","protected":false},"featured_media":6653,"comment_status":"open","ping_status":"closed","template":"","meta":[],"product_brand":[],"product_cat":[503,37],"product_tag":[53,30,445,33,142],"class_list":{"0":"post-345","1":"product","2":"type-product","3":"status-publish","4":"has-post-thumbnail","6":"product_cat-herbst-winter-minibini-kollektion","7":"product_cat-rucksack-minibini-damen-kinder","8":"product_tag-damen-rucksack","9":"product_tag-frauen-rucksack","10":"product_tag-klassik-rucksack","11":"product_tag-unikat-rucksack","12":"product_tag-women-backpack","13":"alm-qv-enable","14":"almaira-woo-hover-zoom","15":"almaira-woo-alignment-center","16":"almaira-single-product-tab-horizontal","17":"almaira-shadow-0","18":"almaira-shadow-hover-0","20":"first","21":"onbackorder","22":"shipping-taxable","23":"purchasable","24":"product-type-variable"},"jetpack_sharing_enabled":true,"_links":{"self":[{"href":"https:\/\/www.minibini.at\/shop\/wp-json\/wp\/v2\/product\/345","targetHints":{"allow":["GET"]}}],"collection":[{"href":"https:\/\/www.minibini.at\/shop\/wp-json\/wp\/v2\/product"}],"about":[{"href":"https:\/\/www.minibini.at\/shop\/wp-json\/wp\/v2\/types\/product"}],"replies":[{"embeddable":true,"href":"https:\/\/www.minibini.at\/shop\/wp-json\/wp\/v2\/comments?post=345"}],"wp:featuredmedia":[{"embeddable":true,"href":"https:\/\/www.minibini.at\/shop\/wp-json\/wp\/v2\/media\/6653"}],"wp:attachment":[{"href":"https:\/\/www.minibini.at\/shop\/wp-json\/wp\/v2\/media?parent=345"}],"wp:term":[{"taxonomy":"product_brand","embeddable":true,"href":"https:\/\/www.minibini.at\/shop\/wp-json\/wp\/v2\/product_brand?post=345"},{"taxonomy":"product_cat","embeddable":true,"href":"https:\/\/www.minibini.at\/shop\/wp-json\/wp\/v2\/product_cat?post=345"},{"taxonomy":"product_tag","embeddable":true,"href":"https:\/\/www.minibini.at\/shop\/wp-json\/wp\/v2\/product_tag?post=345"}],"curies":[{"name":"wp","href":"https:\/\/api.w.org\/{rel}","templated":true}]}}