{"id":3386,"date":"2020-09-02T14:19:44","date_gmt":"2020-09-02T12:19:44","guid":{"rendered":"https:\/\/www.minibini.at\/shop\/?post_type=product&#038;p=3386"},"modified":"2025-07-04T13:30:56","modified_gmt":"2025-07-04T11:30:56","slug":"set-hello-yellow-56-104","status":"publish","type":"product","link":"https:\/\/www.minibini.at\/shop\/produkt\/set-hello-yellow-56-104\/","title":{"rendered":"Set &#8222;Hello Yellow&#8220; (56-86)"},"content":{"rendered":"<p>Cooles Set &#8211; eine Hose mit dem Body und eine passende Haube. Erh\u00e4ltlich in mehreren Gr\u00f6\u00dfen und das coole daran &#8211; das Set w\u00e4chst mit Deinem Kind sogar ein St\u00fcck weit mit.\u00a0 Wenn Dein Kind gr\u00f6\u00dfer wird, kannst Du die Hose einfach bei den F\u00fc\u00dfen verl\u00e4ngern, dank dem Design.<\/p>\n<p>Das Kinder Set ist mit gro\u00dfer Sorgfalt gen\u00e4ht und h\u00e4lt dank hochwertige Baumwolle sehr lange! Auch andere Farben verf\u00fcgbar!<\/p>\n<p style=\"text-align: center;\"><strong>Farben links nach rechts:<\/strong><br \/>\neukalyptus | kokos | koralle | pfirsich | blau | creme | gr\u00fcn | hellgrau | beige |<br \/>\ncognac | haselnuss | olivgr\u00fcn | petrol | hell petrol | t\u00fcrkis | hellblau |<br \/>\npink | lavendel | puderrosa | dunkelrot | rot | ziegelrot | orange | ocker |<br \/>\npastellgelb<\/p>\n<p><img loading=\"lazy\" decoding=\"async\" class=\"aligncenter size-full wp-image-6890\" src=\"https:\/\/www.minibini.at\/shop\/wp-content\/uploads\/2024\/02\/farbentabelle.jpg\" alt=\"\" width=\"700\" height=\"360\" srcset=\"https:\/\/www.minibini.at\/shop\/wp-content\/uploads\/2024\/02\/farbentabelle.jpg 700w, https:\/\/www.minibini.at\/shop\/wp-content\/uploads\/2024\/02\/farbentabelle-300x154.jpg 300w, https:\/\/www.minibini.at\/shop\/wp-content\/uploads\/2024\/02\/farbentabelle-600x309.jpg 600w, https:\/\/www.minibini.at\/shop\/wp-content\/uploads\/2024\/02\/farbentabelle-48x25.jpg 48w\" sizes=\"auto, (max-width: 700px) 100vw, 700px\" \/><\/p>\n","protected":false},"excerpt":{"rendered":"<ul>\n<li>Set, das mit deinem Kind w\u00e4chst<\/li>\n<li>Unterst\u00fctzt zwei bis drei Kindergr\u00f6\u00dfen<\/li>\n<li>Hochwertige Baumwolle &amp; pflegeleicht<\/li>\n<li>Cooles Design &amp; verspielte Details<\/li>\n<li>Fragen?\n<ul>\n<li><a href=\"https:\/\/wa.me\/436606202357\">Whatsapp direkt<\/a><\/li>\n<\/ul>\n<\/li>\n<\/ul>\n","protected":false},"featured_media":3396,"comment_status":"open","ping_status":"closed","template":"","meta":[],"product_brand":[],"product_cat":[20,250],"product_tag":[152,151,44,42,150,40,45],"class_list":{"0":"post-3386","1":"product","2":"type-product","3":"status-publish","4":"has-post-thumbnail","6":"product_cat-baby-kinder-mode","7":"product_cat-personalisierte-geschenke","8":"product_tag-baby-body-mit-druck","9":"product_tag-baby-haube","10":"product_tag-baby-hose","11":"product_tag-babymode","12":"product_tag-kinder-haube","13":"product_tag-kinder-hose","14":"product_tag-minibini","15":"alm-qv-enable","16":"almaira-woo-hover-zoom","17":"almaira-woo-alignment-center","18":"almaira-single-product-tab-horizontal","19":"almaira-shadow-0","20":"almaira-shadow-hover-0","22":"first","23":"onbackorder","24":"sale","25":"shipping-taxable","26":"purchasable","27":"product-type-variable"},"jetpack_sharing_enabled":true,"_links":{"self":[{"href":"https:\/\/www.minibini.at\/shop\/wp-json\/wp\/v2\/product\/3386","targetHints":{"allow":["GET"]}}],"collection":[{"href":"https:\/\/www.minibini.at\/shop\/wp-json\/wp\/v2\/product"}],"about":[{"href":"https:\/\/www.minibini.at\/shop\/wp-json\/wp\/v2\/types\/product"}],"replies":[{"embeddable":true,"href":"https:\/\/www.minibini.at\/shop\/wp-json\/wp\/v2\/comments?post=3386"}],"wp:featuredmedia":[{"embeddable":true,"href":"https:\/\/www.minibini.at\/shop\/wp-json\/wp\/v2\/media\/3396"}],"wp:attachment":[{"href":"https:\/\/www.minibini.at\/shop\/wp-json\/wp\/v2\/media?parent=3386"}],"wp:term":[{"taxonomy":"product_brand","embeddable":true,"href":"https:\/\/www.minibini.at\/shop\/wp-json\/wp\/v2\/product_brand?post=3386"},{"taxonomy":"product_cat","embeddable":true,"href":"https:\/\/www.minibini.at\/shop\/wp-json\/wp\/v2\/product_cat?post=3386"},{"taxonomy":"product_tag","embeddable":true,"href":"https:\/\/www.minibini.at\/shop\/wp-json\/wp\/v2\/product_tag?post=3386"}],"curies":[{"name":"wp","href":"https:\/\/api.w.org\/{rel}","templated":true}]}}