{"id":3369,"date":"2020-08-20T13:04:31","date_gmt":"2020-08-20T11:04:31","guid":{"rendered":"https:\/\/www.minibini.at\/shop\/?post_type=product&#038;p=3369"},"modified":"2025-04-11T17:04:12","modified_gmt":"2025-04-11T15:04:12","slug":"geschirrtuecher-aus-baumwolle","status":"publish","type":"product","link":"https:\/\/www.minibini.at\/shop\/produkt\/geschirrtuecher-aus-baumwolle\/","title":{"rendered":"Geschirrt\u00fccher aus Baumwolle (3 Stk.)"},"content":{"rendered":"<p>Geschirrt\u00fccher aus Baumwolle in Waffel Struktur &amp; extrem saugf\u00e4hig! Passt in jede K\u00fcche und eignet sich wunderbar als Geschenk. Viele Farbm\u00f6glichkeiten!<\/p>\n","protected":false},"excerpt":{"rendered":"<ul>\n<li>40x50cm<\/li>\n<li>100% Baumwolle in Waffel Struktur<\/li>\n<li>Extrem saugf\u00e4hig<\/li>\n<li>Ein praktisches Geschenk<\/li>\n<li>Viele Farbm\u00f6glichkeiten<\/li>\n<li><a href=\"mailto:kontakt@minibini.at\" target=\"_blank\" rel=\"noopener\">kontakt@minibini.at<\/a><\/li>\n<\/ul>\n","protected":false},"featured_media":3374,"comment_status":"open","ping_status":"closed","template":"","meta":[],"product_brand":[],"product_cat":[503,90,198],"product_tag":[153,155,154],"class_list":{"0":"post-3369","1":"product","2":"type-product","3":"status-publish","4":"has-post-thumbnail","6":"product_cat-herbst-winter-minibini-kollektion","7":"product_cat-alle-produkte","8":"product_cat-minibini-sonstiges","9":"product_tag-geschirrtuch","10":"product_tag-geschirrtuch-aus-baumwolle","11":"product_tag-geschirrtuecher","12":"alm-qv-enable","13":"almaira-woo-hover-zoom","14":"almaira-woo-alignment-center","15":"almaira-single-product-tab-horizontal","16":"almaira-shadow-0","17":"almaira-shadow-hover-0","19":"first","20":"instock","21":"shipping-taxable","22":"purchasable","23":"product-type-variable"},"jetpack_sharing_enabled":true,"_links":{"self":[{"href":"https:\/\/www.minibini.at\/shop\/wp-json\/wp\/v2\/product\/3369","targetHints":{"allow":["GET"]}}],"collection":[{"href":"https:\/\/www.minibini.at\/shop\/wp-json\/wp\/v2\/product"}],"about":[{"href":"https:\/\/www.minibini.at\/shop\/wp-json\/wp\/v2\/types\/product"}],"replies":[{"embeddable":true,"href":"https:\/\/www.minibini.at\/shop\/wp-json\/wp\/v2\/comments?post=3369"}],"wp:featuredmedia":[{"embeddable":true,"href":"https:\/\/www.minibini.at\/shop\/wp-json\/wp\/v2\/media\/3374"}],"wp:attachment":[{"href":"https:\/\/www.minibini.at\/shop\/wp-json\/wp\/v2\/media?parent=3369"}],"wp:term":[{"taxonomy":"product_brand","embeddable":true,"href":"https:\/\/www.minibini.at\/shop\/wp-json\/wp\/v2\/product_brand?post=3369"},{"taxonomy":"product_cat","embeddable":true,"href":"https:\/\/www.minibini.at\/shop\/wp-json\/wp\/v2\/product_cat?post=3369"},{"taxonomy":"product_tag","embeddable":true,"href":"https:\/\/www.minibini.at\/shop\/wp-json\/wp\/v2\/product_tag?post=3369"}],"curies":[{"name":"wp","href":"https:\/\/api.w.org\/{rel}","templated":true}]}}