{"id":3274,"date":"2020-07-29T09:33:52","date_gmt":"2020-07-29T07:33:52","guid":{"rendered":"https:\/\/www.minibini.at\/shop\/?post_type=product&#038;p=3274"},"modified":"2024-12-26T09:28:46","modified_gmt":"2024-12-26T08:28:46","slug":"kinder-set-sonnenschein-56-104","status":"publish","type":"product","link":"https:\/\/www.minibini.at\/shop\/produkt\/kinder-set-sonnenschein-56-104\/","title":{"rendered":"Kinder Set &#8222;Sonnenschein&#8220; (50-86)"},"content":{"rendered":"<p>Cooles Set &#8211; zwei Hosen, eine zugeh\u00f6rige Weste mit einer Kapuze und eine Haube. Erh\u00e4ltlich in mehreren Gr\u00f6\u00dfen und das coole daran &#8211; das Set w\u00e4chst mit Deinem Kind sogar ein St\u00fcck weit mit.\u00a0 Wenn Dein Kind gr\u00f6\u00dfer wird, kannst Du die Hose einfach bei den F\u00fc\u00dfen und die Weste an den \u00c4rmeln verl\u00e4ngern, dank dem Design.<\/p>\n<p>Das Kinder Set ist mit gro\u00dfer Sorgfalt gen\u00e4ht und h\u00e4lt dank hochwertige Baumwolle sehr lange!<\/p>\n<p>Die Produkte k\u00f6nnen in 7 bis sp\u00e4testens 14 Werktagen bei Dir zuhause sein.<\/p>\n","protected":false},"excerpt":{"rendered":"<ul>\n<li>Set, das mit deinem Kind w\u00e4chst<\/li>\n<li>Unterst\u00fctzt ca zwei Kindergr\u00f6\u00dfen<\/li>\n<li>Hochwertige Baumwolle &amp; pflegeleicht<\/li>\n<li>Cooles Design &amp; verspielte Details<\/li>\n<li>Auch andere Gr\u00f6\u00dfen erh\u00e4ltlich -&gt; <a href=\"mailto:kontakt@minibini.at\" target=\"_blank\" rel=\"noopener noreferrer\">kontakt@minibini.at<\/a><\/li>\n<\/ul>\n","protected":false},"featured_media":3280,"comment_status":"open","ping_status":"closed","template":"","meta":[],"product_brand":[],"product_cat":[20],"product_tag":[44,43,42,40,41,39,45],"class_list":{"0":"post-3274","1":"product","2":"type-product","3":"status-publish","4":"has-post-thumbnail","6":"product_cat-baby-kinder-mode","7":"product_tag-baby-hose","8":"product_tag-baby-weste","9":"product_tag-babymode","10":"product_tag-kinder-hose","11":"product_tag-kinder-weste","12":"product_tag-kindermode","13":"product_tag-minibini","14":"alm-qv-enable","15":"almaira-woo-hover-zoom","16":"almaira-woo-alignment-center","17":"almaira-single-product-tab-horizontal","18":"almaira-shadow-0","19":"almaira-shadow-hover-0","21":"first","22":"onbackorder","23":"shipping-taxable","24":"purchasable","25":"product-type-variable"},"jetpack_sharing_enabled":true,"_links":{"self":[{"href":"https:\/\/www.minibini.at\/shop\/wp-json\/wp\/v2\/product\/3274","targetHints":{"allow":["GET"]}}],"collection":[{"href":"https:\/\/www.minibini.at\/shop\/wp-json\/wp\/v2\/product"}],"about":[{"href":"https:\/\/www.minibini.at\/shop\/wp-json\/wp\/v2\/types\/product"}],"replies":[{"embeddable":true,"href":"https:\/\/www.minibini.at\/shop\/wp-json\/wp\/v2\/comments?post=3274"}],"wp:featuredmedia":[{"embeddable":true,"href":"https:\/\/www.minibini.at\/shop\/wp-json\/wp\/v2\/media\/3280"}],"wp:attachment":[{"href":"https:\/\/www.minibini.at\/shop\/wp-json\/wp\/v2\/media?parent=3274"}],"wp:term":[{"taxonomy":"product_brand","embeddable":true,"href":"https:\/\/www.minibini.at\/shop\/wp-json\/wp\/v2\/product_brand?post=3274"},{"taxonomy":"product_cat","embeddable":true,"href":"https:\/\/www.minibini.at\/shop\/wp-json\/wp\/v2\/product_cat?post=3274"},{"taxonomy":"product_tag","embeddable":true,"href":"https:\/\/www.minibini.at\/shop\/wp-json\/wp\/v2\/product_tag?post=3274"}],"curies":[{"name":"wp","href":"https:\/\/api.w.org\/{rel}","templated":true}]}}