{"id":3255,"date":"2020-07-28T13:36:55","date_gmt":"2020-07-28T11:36:55","guid":{"rendered":"https:\/\/www.minibini.at\/shop\/?post_type=product&#038;p=3255"},"modified":"2025-12-11T06:32:02","modified_gmt":"2025-12-11T05:32:02","slug":"windeltasche-minibini","status":"publish","type":"product","link":"https:\/\/www.minibini.at\/shop\/produkt\/windeltasche-minibini\/","title":{"rendered":"Windeltasche &#8222;Minibini&#8220;"},"content":{"rendered":"<p>Minibini Windeltasche besteht aus Baumwolle, mit dem Waffelmuster und hat eine feste Oberfl\u00e4che. In der Tasche hast du gen\u00fcgend Platz f\u00fcr die Windeln und Pflegeprodukte f\u00fcr dein Baby. Die Wickeltasche ist ein perfekter Begleiter f\u00fcr Tagesausfl\u00fcge und Einkaufstouren.<\/p>\n<p>Ma\u00dfe ist ca. 18&#215;27 cm<\/p>\n<p>Auf Wunsch Personalisiert mit Namen des Kindes!<\/p>\n<p>&nbsp;<\/p>\n","protected":false},"excerpt":{"rendered":"<ul>\n<li>Windeltasche in Waffelmuster<\/li>\n<li>Auf Wunsch Personalisiert mit Namen<\/li>\n<li>Ma\u00dfe: ca. 18&#215;27 cm<\/li>\n<li>Fragen? -&gt; <a href=\"mailto:kontakt@minibini.at\" target=\"_blank\" rel=\"noopener noreferrer\">kontakt@minibini.at<\/a><\/li>\n<\/ul>\n","protected":false},"featured_media":6133,"comment_status":"open","ping_status":"closed","template":"","meta":[],"product_brand":[],"product_cat":[20,38,250,198],"product_tag":[371,145,372,146],"class_list":{"0":"post-3255","1":"product","2":"type-product","3":"status-publish","4":"has-post-thumbnail","6":"product_cat-baby-kinder-mode","7":"product_cat-frauen-taschen-minibini","8":"product_cat-personalisierte-geschenke","9":"product_cat-minibini-sonstiges","10":"product_tag-wickel-tasche","11":"product_tag-wickeltasche","12":"product_tag-wickeltasche-personalisiert","13":"product_tag-windeltasche","14":"alm-qv-enable","15":"almaira-woo-hover-zoom","16":"almaira-woo-alignment-center","17":"almaira-single-product-tab-horizontal","18":"almaira-shadow-0","19":"almaira-shadow-hover-0","21":"first","22":"onbackorder","23":"shipping-taxable","24":"purchasable","25":"product-type-variable"},"jetpack_sharing_enabled":true,"_links":{"self":[{"href":"https:\/\/www.minibini.at\/shop\/wp-json\/wp\/v2\/product\/3255","targetHints":{"allow":["GET"]}}],"collection":[{"href":"https:\/\/www.minibini.at\/shop\/wp-json\/wp\/v2\/product"}],"about":[{"href":"https:\/\/www.minibini.at\/shop\/wp-json\/wp\/v2\/types\/product"}],"replies":[{"embeddable":true,"href":"https:\/\/www.minibini.at\/shop\/wp-json\/wp\/v2\/comments?post=3255"}],"wp:featuredmedia":[{"embeddable":true,"href":"https:\/\/www.minibini.at\/shop\/wp-json\/wp\/v2\/media\/6133"}],"wp:attachment":[{"href":"https:\/\/www.minibini.at\/shop\/wp-json\/wp\/v2\/media?parent=3255"}],"wp:term":[{"taxonomy":"product_brand","embeddable":true,"href":"https:\/\/www.minibini.at\/shop\/wp-json\/wp\/v2\/product_brand?post=3255"},{"taxonomy":"product_cat","embeddable":true,"href":"https:\/\/www.minibini.at\/shop\/wp-json\/wp\/v2\/product_cat?post=3255"},{"taxonomy":"product_tag","embeddable":true,"href":"https:\/\/www.minibini.at\/shop\/wp-json\/wp\/v2\/product_tag?post=3255"}],"curies":[{"name":"wp","href":"https:\/\/api.w.org\/{rel}","templated":true}]}}