{"id":3234,"date":"2020-07-28T10:03:53","date_gmt":"2020-07-28T08:03:53","guid":{"rendered":"https:\/\/www.minibini.at\/shop\/?post_type=product&#038;p=3234"},"modified":"2025-12-11T05:57:50","modified_gmt":"2025-12-11T04:57:50","slug":"kinder-bademantel-62-156","status":"publish","type":"product","link":"https:\/\/www.minibini.at\/shop\/produkt\/kinder-bademantel-62-156\/","title":{"rendered":"Kinder Bademantel (62-156)"},"content":{"rendered":"<p>Bademantel aus weicher Baumwolle in Waffel Struktur, mit einer Kapuze mit Ohren und einem abnehmbaren Bindeg\u00fcrtel in der Taille.<\/p>\n<p>Du hast Fragen? Melde dich:<\/p>\n<ul>\n<li><a href=\"mailto:kontakt@minibini.at\" target=\"_blank\" rel=\"noopener\">kontakt@minibini.at<\/a><\/li>\n<li><a href=\"https:\/\/wa.me\/436606202357\" target=\"_blank\" rel=\"noopener\">WhatsApp Direkt<\/a><\/li>\n<\/ul>\n","protected":false},"excerpt":{"rendered":"<ul>\n<li>Sch\u00f6nes Design mit Ohren<\/li>\n<li>100% Baumwolle &amp; pflefeleicht<\/li>\n<li>Abnehmbarer Bindeg\u00fcrtel in der Taille<\/li>\n<li>Viele Farbm\u00f6glichkeiten<\/li>\n<li>Verf\u00fcgbar auch in Erwachsenengr\u00f6\u00dfe\n<ul>\n<li><a href=\"mailto:kontakt@minibini.at\" target=\"_blank\" rel=\"noopener noreferrer\">kontakt@minibini.at<\/a><\/li>\n<li><a href=\"https:\/\/wa.me\/436606202357\" target=\"_blank\" rel=\"noopener\">WhatsApp Direkt<\/a><\/li>\n<\/ul>\n<\/li>\n<\/ul>\n","protected":false},"featured_media":3253,"comment_status":"open","ping_status":"closed","template":"","meta":[],"product_brand":[],"product_cat":[503,353,20,198],"product_tag":[144,143],"class_list":{"0":"post-3234","1":"product","2":"type-product","3":"status-publish","4":"has-post-thumbnail","6":"product_cat-herbst-winter-minibini-kollektion","7":"product_cat-sommerkollektion","8":"product_cat-baby-kinder-mode","9":"product_cat-minibini-sonstiges","10":"product_tag-bademantel-baumwolle","11":"product_tag-kinder-bademantel","12":"alm-qv-enable","13":"almaira-woo-hover-zoom","14":"almaira-woo-alignment-center","15":"almaira-single-product-tab-horizontal","16":"almaira-shadow-0","17":"almaira-shadow-hover-0","19":"first","20":"outofstock","21":"shipping-taxable","22":"purchasable","23":"product-type-variable"},"jetpack_sharing_enabled":true,"_links":{"self":[{"href":"https:\/\/www.minibini.at\/shop\/wp-json\/wp\/v2\/product\/3234","targetHints":{"allow":["GET"]}}],"collection":[{"href":"https:\/\/www.minibini.at\/shop\/wp-json\/wp\/v2\/product"}],"about":[{"href":"https:\/\/www.minibini.at\/shop\/wp-json\/wp\/v2\/types\/product"}],"replies":[{"embeddable":true,"href":"https:\/\/www.minibini.at\/shop\/wp-json\/wp\/v2\/comments?post=3234"}],"wp:featuredmedia":[{"embeddable":true,"href":"https:\/\/www.minibini.at\/shop\/wp-json\/wp\/v2\/media\/3253"}],"wp:attachment":[{"href":"https:\/\/www.minibini.at\/shop\/wp-json\/wp\/v2\/media?parent=3234"}],"wp:term":[{"taxonomy":"product_brand","embeddable":true,"href":"https:\/\/www.minibini.at\/shop\/wp-json\/wp\/v2\/product_brand?post=3234"},{"taxonomy":"product_cat","embeddable":true,"href":"https:\/\/www.minibini.at\/shop\/wp-json\/wp\/v2\/product_cat?post=3234"},{"taxonomy":"product_tag","embeddable":true,"href":"https:\/\/www.minibini.at\/shop\/wp-json\/wp\/v2\/product_tag?post=3234"}],"curies":[{"name":"wp","href":"https:\/\/api.w.org\/{rel}","templated":true}]}}