{"id":3167,"date":"2020-07-15T13:02:28","date_gmt":"2020-07-15T11:02:28","guid":{"rendered":"https:\/\/www.minibini.at\/shop\/?post_type=product&#038;p=3167"},"modified":"2025-02-10T13:58:38","modified_gmt":"2025-02-10T12:58:38","slug":"maedchenkleid-cutie-matchy-version","status":"publish","type":"product","link":"https:\/\/www.minibini.at\/shop\/produkt\/maedchenkleid-cutie-matchy-version\/","title":{"rendered":"M\u00e4dchenkleid Cutie (Matchy Version)"},"content":{"rendered":"<p>Wir lieben dieses Kleid, weil es einfach entz\u00fcckend ist und angenehm zum tragen! Du kannst es \u00fcberall tragen und es eignet sich perfekt als Matchy Kleid mit deiner Mami! Es besteht aus drei Farben, die nach deinem Wunsch zusammengestellt werden k\u00f6nnen! Kurz\u00e4rmlig, ihr k\u00f6nnt sie aber auch 3\/4 oder lang haben, ganz wie ihr m\u00f6chtet!<\/p>\n<p>M\u00f6chtest du dieses Kleid f\u00fcr DICH und DEINE MAMA? Dann schreibe mir einfach deine W\u00fcnsche und wir finden zusammen eine perfekte Kombination f\u00fcr euch -&gt; <a href=\"mailto:kontakt@minibini.at\" target=\"_blank\" rel=\"noopener noreferrer\">kontakt@minibini.at<\/a><\/p>\n","protected":false},"excerpt":{"rendered":"<ul>\n<li>M\u00e4dchenkleid aus Jersey<\/li>\n<li>In drei gew\u00fcnschten Farben: wei\u00df, schwarz, rosa, dunkelblau, gelb, grau, beige, rot uvm<\/li>\n<li>Matchy matchy Kleid oder als Einzelnteil<\/li>\n<li>Kurz\u00e4rmlig (auf Wunsch auch 3\/4 oder lang)<\/li>\n<li><a href=\"mailto:kontakt@minibini.at\" target=\"_blank\" rel=\"noopener noreferrer\">kontakt@minibini.at<\/a> f\u00fcr besondere W\u00fcnsche<\/li>\n<\/ul>\n","protected":false},"featured_media":3152,"comment_status":"open","ping_status":"closed","template":"","meta":[],"product_brand":[],"product_cat":[353,20,24],"product_tag":[140,88,138,137,139],"class_list":{"0":"post-3167","1":"product","2":"type-product","3":"status-publish","4":"has-post-thumbnail","6":"product_cat-sommerkollektion","7":"product_cat-baby-kinder-mode","8":"product_cat-damen-mode-kleidung","9":"product_tag-kinderkleid","10":"product_tag-maedchenkleid","11":"product_tag-matchy-kleid","12":"product_tag-matchy-kleider","13":"product_tag-mutter-tochter-kleid","14":"alm-qv-enable","15":"almaira-woo-hover-zoom","16":"almaira-woo-alignment-center","17":"almaira-single-product-tab-horizontal","18":"almaira-shadow-0","19":"almaira-shadow-hover-0","21":"first","22":"onbackorder","23":"shipping-taxable","24":"purchasable","25":"product-type-variable"},"jetpack_sharing_enabled":true,"_links":{"self":[{"href":"https:\/\/www.minibini.at\/shop\/wp-json\/wp\/v2\/product\/3167","targetHints":{"allow":["GET"]}}],"collection":[{"href":"https:\/\/www.minibini.at\/shop\/wp-json\/wp\/v2\/product"}],"about":[{"href":"https:\/\/www.minibini.at\/shop\/wp-json\/wp\/v2\/types\/product"}],"replies":[{"embeddable":true,"href":"https:\/\/www.minibini.at\/shop\/wp-json\/wp\/v2\/comments?post=3167"}],"wp:featuredmedia":[{"embeddable":true,"href":"https:\/\/www.minibini.at\/shop\/wp-json\/wp\/v2\/media\/3152"}],"wp:attachment":[{"href":"https:\/\/www.minibini.at\/shop\/wp-json\/wp\/v2\/media?parent=3167"}],"wp:term":[{"taxonomy":"product_brand","embeddable":true,"href":"https:\/\/www.minibini.at\/shop\/wp-json\/wp\/v2\/product_brand?post=3167"},{"taxonomy":"product_cat","embeddable":true,"href":"https:\/\/www.minibini.at\/shop\/wp-json\/wp\/v2\/product_cat?post=3167"},{"taxonomy":"product_tag","embeddable":true,"href":"https:\/\/www.minibini.at\/shop\/wp-json\/wp\/v2\/product_tag?post=3167"}],"curies":[{"name":"wp","href":"https:\/\/api.w.org\/{rel}","templated":true}]}}