{"id":3146,"date":"2020-07-14T16:04:42","date_gmt":"2020-07-14T14:04:42","guid":{"rendered":"https:\/\/www.minibini.at\/shop\/?post_type=product&#038;p=3146"},"modified":"2024-12-17T02:29:11","modified_gmt":"2024-12-17T01:29:11","slug":"damenkleid-cutie-matchy-version","status":"publish","type":"product","link":"https:\/\/www.minibini.at\/shop\/produkt\/damenkleid-cutie-matchy-version\/","title":{"rendered":"Damenkleid Cutie (Matchy Version)"},"content":{"rendered":"<p>Wir lieben dieses Damenkleid, weil es einfach entz\u00fcckend ist und angenehm zum tragen! Du kannst es \u00fcberall anziehen und es eignet sich perfekt als Matchy Kleid mit deiner Tochter! Es besteht aus drei Farben, die nach deinem Wunsch zusammengestellt werden k\u00f6nnen! Kurze \u00c4rmel, ihr k\u00f6nnt sie aber auch 3\/4 oder lang haben, ganz wie ihr m\u00f6chtet!<\/p>\n<p>M\u00f6chtest du dieses Kleid f\u00fcr DICH und DEINER TOCHTER? Dann schreibe mir einfach deine W\u00fcnsche und wir finden zusammen eine perfekte Kombination f\u00fcr euch -&gt; <a href=\"mailto:kontakt@minibini.at\" target=\"_blank\" rel=\"noopener noreferrer\">kontakt@minibini.at<\/a><\/p>\n","protected":false},"excerpt":{"rendered":"<ul>\n<li>Damenkleid aus Jersey<\/li>\n<li>In drei gew\u00fcnschten Farben: wei\u00df, schwarz, rosa, dunkelblau, gelb, grau, beige, rot uvm<\/li>\n<li>Matchy matchy Kleid oder als Einzelnteil<\/li>\n<li>Kurz\u00e4rmlig (auf Wunsch auch 3\/4 oder lang)<\/li>\n<li><a href=\"mailto:kontakt@minibini.at\" target=\"_blank\" rel=\"noopener noreferrer\">kontakt@minibini.at<\/a> f\u00fcr besondere W\u00fcnsche<\/li>\n<\/ul>\n","protected":false},"featured_media":4781,"comment_status":"open","ping_status":"closed","template":"","meta":[],"product_brand":[],"product_cat":[353,20,24],"product_tag":[107,109,140,88,138,137,139],"class_list":{"0":"post-3146","1":"product","2":"type-product","3":"status-publish","4":"has-post-thumbnail","6":"product_cat-sommerkollektion","7":"product_cat-baby-kinder-mode","8":"product_cat-damen-mode-kleidung","9":"product_tag-damenkleid","10":"product_tag-frauenkleid","11":"product_tag-kinderkleid","12":"product_tag-maedchenkleid","13":"product_tag-matchy-kleid","14":"product_tag-matchy-kleider","15":"product_tag-mutter-tochter-kleid","16":"alm-qv-enable","17":"almaira-woo-hover-zoom","18":"almaira-woo-alignment-center","19":"almaira-single-product-tab-horizontal","20":"almaira-shadow-0","21":"almaira-shadow-hover-0","23":"first","24":"onbackorder","25":"shipping-taxable","26":"purchasable","27":"product-type-variable"},"jetpack_sharing_enabled":true,"_links":{"self":[{"href":"https:\/\/www.minibini.at\/shop\/wp-json\/wp\/v2\/product\/3146","targetHints":{"allow":["GET"]}}],"collection":[{"href":"https:\/\/www.minibini.at\/shop\/wp-json\/wp\/v2\/product"}],"about":[{"href":"https:\/\/www.minibini.at\/shop\/wp-json\/wp\/v2\/types\/product"}],"replies":[{"embeddable":true,"href":"https:\/\/www.minibini.at\/shop\/wp-json\/wp\/v2\/comments?post=3146"}],"wp:featuredmedia":[{"embeddable":true,"href":"https:\/\/www.minibini.at\/shop\/wp-json\/wp\/v2\/media\/4781"}],"wp:attachment":[{"href":"https:\/\/www.minibini.at\/shop\/wp-json\/wp\/v2\/media?parent=3146"}],"wp:term":[{"taxonomy":"product_brand","embeddable":true,"href":"https:\/\/www.minibini.at\/shop\/wp-json\/wp\/v2\/product_brand?post=3146"},{"taxonomy":"product_cat","embeddable":true,"href":"https:\/\/www.minibini.at\/shop\/wp-json\/wp\/v2\/product_cat?post=3146"},{"taxonomy":"product_tag","embeddable":true,"href":"https:\/\/www.minibini.at\/shop\/wp-json\/wp\/v2\/product_tag?post=3146"}],"curies":[{"name":"wp","href":"https:\/\/api.w.org\/{rel}","templated":true}]}}