{"id":1908,"date":"2020-03-20T07:34:49","date_gmt":"2020-03-20T06:34:49","guid":{"rendered":"https:\/\/www.minibini.at\/shop\/?post_type=product&#038;p=1908"},"modified":"2025-07-04T13:45:35","modified_gmt":"2025-07-04T11:45:35","slug":"dreiecks-halstuch-mit-muster","status":"publish","type":"product","link":"https:\/\/www.minibini.at\/shop\/produkt\/dreiecks-halstuch-mit-muster\/","title":{"rendered":"Dreiecks-Halstuch &#8222;B\u00e4r&#8220;"},"content":{"rendered":"<p data-start=\"237\" data-end=\"527\"><strong data-start=\"237\" data-end=\"292\">Stylisch &amp; praktisch \u2013 das Must-have f\u00fcr jeden Tag.<\/strong><br data-start=\"292\" data-end=\"295\" \/>Unsere Halst\u00fccher aus weichen, hautfreundlichen Materialien sind nicht nur ein s\u00fc\u00dfer Hingucker, sondern sch\u00fctzen auch zuverl\u00e4ssig vor Sabber &amp; K\u00e4lte. Mit Druckknopfverschluss f\u00fcr leichtes An- und Ausziehen. Ideal ab dem ersten Zahn.<\/p>\n<p data-start=\"529\" data-end=\"597\">\ud83d\udc49 Erh\u00e4ltlich in vielen liebevollen Designs und Farben!<\/p>\n<p style=\"text-align: center;\"><strong>Farben links nach rechts:<\/strong><br \/>\neukalyptus | kokos | koralle | pfirsich | blau | creme | gr\u00fcn | hellgrau | beige |<br \/>\ncognac | haselnuss | olivgr\u00fcn | petrol | hell petrol | t\u00fcrkis | hellblau |<br \/>\npink | lavendel | puderrosa | dunkelrot | rot | ziegelrot | orange | ocker |<br \/>\npastellgelb<\/p>\n<p><img loading=\"lazy\" decoding=\"async\" class=\"aligncenter size-full wp-image-6890\" src=\"https:\/\/www.minibini.at\/shop\/wp-content\/uploads\/2024\/02\/farbentabelle.jpg\" alt=\"\" width=\"700\" height=\"360\" srcset=\"https:\/\/www.minibini.at\/shop\/wp-content\/uploads\/2024\/02\/farbentabelle.jpg 700w, https:\/\/www.minibini.at\/shop\/wp-content\/uploads\/2024\/02\/farbentabelle-300x154.jpg 300w, https:\/\/www.minibini.at\/shop\/wp-content\/uploads\/2024\/02\/farbentabelle-600x309.jpg 600w, https:\/\/www.minibini.at\/shop\/wp-content\/uploads\/2024\/02\/farbentabelle-48x25.jpg 48w\" sizes=\"auto, (max-width: 700px) 100vw, 700px\" \/><\/p>\n","protected":false},"excerpt":{"rendered":"<ul>\n<li>100% Baumwolle<\/li>\n<li>Sch\u00f6nes Geschenk<\/li>\n<li>Mit oder ohne Bei\u00dfecke<\/li>\n<li>Fragen \/ Sonderw\u00fcnsche\n<ul>\n<li><a href=\"mailto:kontakt@minibini.at\" target=\"_blank\" rel=\"noopener\">kontakt@minibini.at<\/a><\/li>\n<li><a href=\"https:\/\/wa.me\/436606202357\" target=\"_blank\" rel=\"noopener\">WhatsApp direkt<\/a><\/li>\n<\/ul>\n<\/li>\n<\/ul>\n","protected":false},"featured_media":4068,"comment_status":"open","ping_status":"closed","template":"","meta":[],"product_brand":[],"product_cat":[503,20,249,198],"product_tag":[103,66,169,102,104,68,67],"class_list":{"0":"post-1908","1":"product","2":"type-product","3":"status-publish","4":"has-post-thumbnail","6":"product_cat-herbst-winter-minibini-kollektion","7":"product_cat-baby-kinder-mode","8":"product_cat-hauben-schals","9":"product_cat-minibini-sonstiges","10":"product_tag-baby-halstuch","11":"product_tag-baby-laetzchen","12":"product_tag-beissecke","13":"product_tag-halstuch","14":"product_tag-kinder-dreieckstuch","15":"product_tag-kinder-laetzchen","16":"product_tag-laetzchen","17":"product_shipping_class-nieriger-versand","18":"alm-qv-enable","19":"almaira-woo-hover-zoom","20":"almaira-woo-alignment-center","21":"almaira-single-product-tab-horizontal","22":"almaira-shadow-0","23":"almaira-shadow-hover-0","25":"first","26":"instock","27":"shipping-taxable","28":"purchasable","29":"product-type-variable"},"jetpack_sharing_enabled":true,"_links":{"self":[{"href":"https:\/\/www.minibini.at\/shop\/wp-json\/wp\/v2\/product\/1908","targetHints":{"allow":["GET"]}}],"collection":[{"href":"https:\/\/www.minibini.at\/shop\/wp-json\/wp\/v2\/product"}],"about":[{"href":"https:\/\/www.minibini.at\/shop\/wp-json\/wp\/v2\/types\/product"}],"replies":[{"embeddable":true,"href":"https:\/\/www.minibini.at\/shop\/wp-json\/wp\/v2\/comments?post=1908"}],"wp:featuredmedia":[{"embeddable":true,"href":"https:\/\/www.minibini.at\/shop\/wp-json\/wp\/v2\/media\/4068"}],"wp:attachment":[{"href":"https:\/\/www.minibini.at\/shop\/wp-json\/wp\/v2\/media?parent=1908"}],"wp:term":[{"taxonomy":"product_brand","embeddable":true,"href":"https:\/\/www.minibini.at\/shop\/wp-json\/wp\/v2\/product_brand?post=1908"},{"taxonomy":"product_cat","embeddable":true,"href":"https:\/\/www.minibini.at\/shop\/wp-json\/wp\/v2\/product_cat?post=1908"},{"taxonomy":"product_tag","embeddable":true,"href":"https:\/\/www.minibini.at\/shop\/wp-json\/wp\/v2\/product_tag?post=1908"}],"curies":[{"name":"wp","href":"https:\/\/api.w.org\/{rel}","templated":true}]}}