{"id":1679,"date":"2020-03-13T16:53:31","date_gmt":"2020-03-13T15:53:31","guid":{"rendered":"https:\/\/www.minibini.at\/shop\/?post_type=product&#038;p=1679"},"modified":"2025-09-16T09:47:01","modified_gmt":"2025-09-16T07:47:01","slug":"damen-stirnbaender","status":"publish","type":"product","link":"https:\/\/www.minibini.at\/shop\/produkt\/damen-stirnbaender\/","title":{"rendered":"Diverse Damen Stirnb\u00e4nder"},"content":{"rendered":"<p style=\"text-align: left;\">Minibini Damen Stirnb\u00e4nder in vielen Farben. Mit geflochtenem Muster oder gerade Streifen. Sch\u00f6ner Knoten in der Mitte. Gesch\u00fctzt &amp; schick!<\/p>\n<p>Minibini Stirnb\u00e4nden bestehen aus weicher Baumwolle und sind dehnbar. Sie sind breit geschnitten und daher sch\u00fctzen die Ohren sehr gut!<\/p>\n<p>Bei Sonderw\u00fcnschen am besten ein kurzes Email schicken und ich melde mich so schnell wie m\u00f6glich -&gt; <a href=\"mailto:kontakt@minibini.at\" target=\"_blank\" rel=\"noopener noreferrer\">kontakt@minibini.at<\/a><\/p>\n","protected":false},"excerpt":{"rendered":"<ul>\n<li>Breit geschnitten<\/li>\n<li>Knoten in der Mitte<\/li>\n<li>One Size &amp; dehnbar<\/li>\n<li>Gesch\u00fctzt &amp; schick gleichzeitig<\/li>\n<li>Fragen?\n<ul>\n<li>Direkt <a href=\"https:\/\/wa.me\/436606202357\" target=\"_blank\" rel=\"noopener\">WhatsApp 06606202357<\/a><\/li>\n<li><a href=\"mailto:kontakt@minibini.at\" target=\"_blank\" rel=\"noopener noreferrer\">kontakt@minibini.at<\/a><\/li>\n<\/ul>\n<\/li>\n<\/ul>\n","protected":false},"featured_media":3715,"comment_status":"open","ping_status":"closed","template":"","meta":[],"product_brand":[],"product_cat":[114],"product_tag":[99,100,101],"class_list":{"0":"post-1679","1":"product","2":"type-product","3":"status-publish","4":"has-post-thumbnail","6":"product_cat-not-published","7":"product_tag-damen-stirnband","8":"product_tag-frauen-stirnband","9":"product_tag-stirnband-mit-knoten","10":"product_shipping_class-nieriger-versand","11":"alm-qv-enable","12":"almaira-woo-hover-zoom","13":"almaira-woo-alignment-center","14":"almaira-single-product-tab-horizontal","15":"almaira-shadow-0","16":"almaira-shadow-hover-0","18":"first","19":"instock","20":"shipping-taxable","21":"purchasable","22":"product-type-variable"},"jetpack_sharing_enabled":true,"_links":{"self":[{"href":"https:\/\/www.minibini.at\/shop\/wp-json\/wp\/v2\/product\/1679","targetHints":{"allow":["GET"]}}],"collection":[{"href":"https:\/\/www.minibini.at\/shop\/wp-json\/wp\/v2\/product"}],"about":[{"href":"https:\/\/www.minibini.at\/shop\/wp-json\/wp\/v2\/types\/product"}],"replies":[{"embeddable":true,"href":"https:\/\/www.minibini.at\/shop\/wp-json\/wp\/v2\/comments?post=1679"}],"wp:featuredmedia":[{"embeddable":true,"href":"https:\/\/www.minibini.at\/shop\/wp-json\/wp\/v2\/media\/3715"}],"wp:attachment":[{"href":"https:\/\/www.minibini.at\/shop\/wp-json\/wp\/v2\/media?parent=1679"}],"wp:term":[{"taxonomy":"product_brand","embeddable":true,"href":"https:\/\/www.minibini.at\/shop\/wp-json\/wp\/v2\/product_brand?post=1679"},{"taxonomy":"product_cat","embeddable":true,"href":"https:\/\/www.minibini.at\/shop\/wp-json\/wp\/v2\/product_cat?post=1679"},{"taxonomy":"product_tag","embeddable":true,"href":"https:\/\/www.minibini.at\/shop\/wp-json\/wp\/v2\/product_tag?post=1679"}],"curies":[{"name":"wp","href":"https:\/\/api.w.org\/{rel}","templated":true}]}}