{"id":1597,"date":"2020-03-10T13:52:13","date_gmt":"2020-03-10T12:52:13","guid":{"rendered":"https:\/\/www.minibini.at\/shop\/?post_type=product&#038;p=1597"},"modified":"2024-12-04T06:28:27","modified_gmt":"2024-12-04T05:28:27","slug":"laptop-taschen-business","status":"publish","type":"product","link":"https:\/\/www.minibini.at\/shop\/produkt\/laptop-taschen-business\/","title":{"rendered":"Taschen &#8222;Business&#8220;"},"content":{"rendered":"<div>\n<p>Eine Tasche f\u00fcr alle Gesch\u00e4ftsfrauen da drau\u00dfen! Diese gro\u00dfe Laptop Tasche wurde sorgf\u00e4ltig entworfen, um Ordnung in dein Berufsleben zu bringen. Die Tasche ist gepolstert und bietet genug Platz f\u00fcr deinen Laptop, eine gro\u00dfe Mappe, Wasserflasche und Sonstiges. Der Tragegurt ist besonders tragefest und l\u00e4ngenverstellbar, zus\u00e4tzlich dazu gibt es noch ein Trageriemen. Auf der hinteren Seite ist ein Zippverschluss f\u00fcr alle wichtigen Dokumente!<\/p>\n<p>Die Farben der abgebildeten Artikel k\u00f6nnen vom Original je nach Monitor und Aufl\u00f6sung abweichen, daf\u00fcr k\u00f6nnen wir keine Garantie \u00fcbernehmen.<\/p>\n<p>Wichtig: Hellere Materialien reagieren manchmal empfindlich auf Farb\u00fcbertragung, wenn sie gegen andere Textilmaterialien wie dunkle Jeans, dunklere M\u00e4ntel usw. gerieben werden \u2013 am besten sowas vermeiden \ud83d\ude09 Wir empfehlen au\u00dferdem, dass die Produkte nicht zu lange direktem Sonnenlicht ausgesezt sind.<\/p>\n<p><img loading=\"lazy\" decoding=\"async\" class=\"aligncenter size-thumbnail wp-image-1609\" src=\"https:\/\/www.minibini.at\/shop\/wp-content\/uploads\/2020\/03\/BusyBag_Beige-schwarz-innen-150x150.jpg\" alt=\"\" width=\"150\" height=\"150\" srcset=\"https:\/\/www.minibini.at\/shop\/wp-content\/uploads\/2020\/03\/BusyBag_Beige-schwarz-innen-150x150.jpg 150w, https:\/\/www.minibini.at\/shop\/wp-content\/uploads\/2020\/03\/BusyBag_Beige-schwarz-innen-340x340.jpg 340w, https:\/\/www.minibini.at\/shop\/wp-content\/uploads\/2020\/03\/BusyBag_Beige-schwarz-innen-100x100.jpg 100w\" sizes=\"auto, (max-width: 150px) 100vw, 150px\" \/><\/p>\n<p><img loading=\"lazy\" decoding=\"async\" class=\"aligncenter size-thumbnail wp-image-1610\" src=\"https:\/\/www.minibini.at\/shop\/wp-content\/uploads\/2020\/03\/BusyBag_Schwarz-Braun-Seite-150x150.jpg\" alt=\"\" width=\"150\" height=\"150\" srcset=\"https:\/\/www.minibini.at\/shop\/wp-content\/uploads\/2020\/03\/BusyBag_Schwarz-Braun-Seite-150x150.jpg 150w, https:\/\/www.minibini.at\/shop\/wp-content\/uploads\/2020\/03\/BusyBag_Schwarz-Braun-Seite-340x340.jpg 340w, https:\/\/www.minibini.at\/shop\/wp-content\/uploads\/2020\/03\/BusyBag_Schwarz-Braun-Seite-100x100.jpg 100w, https:\/\/www.minibini.at\/shop\/wp-content\/uploads\/2020\/03\/BusyBag_Schwarz-Braun-Seite-600x600.jpg 600w, https:\/\/www.minibini.at\/shop\/wp-content\/uploads\/2020\/03\/BusyBag_Schwarz-Braun-Seite-300x300.jpg 300w, https:\/\/www.minibini.at\/shop\/wp-content\/uploads\/2020\/03\/BusyBag_Schwarz-Braun-Seite.jpg 720w\" sizes=\"auto, (max-width: 150px) 100vw, 150px\" \/><\/p>\n<\/div>\n<p>&nbsp;<\/p>\n","protected":false},"excerpt":{"rendered":"<ul>\n<li>Tasche f\u00fcr dein Berufsleben<\/li>\n<li>Bietet viel Platz &amp; sorgt f\u00fcr Ordnung<\/li>\n<li>Ca. 10x30x40 cm<\/li>\n<li>Platz f\u00fcr Laptop, gro\u00dfe Mappe und Sonstiges<\/li>\n<li>Die Farben k\u00f6nnen nach Deinem Wunsch angepasst werden &#8211; <a href=\"mailto:kontakt@minibini.at\" target=\"_blank\" rel=\"noopener\">kontakt@minibini.at<\/a><\/li>\n<\/ul>\n<p>&nbsp;<\/p>\n","protected":false},"featured_media":5515,"comment_status":"open","ping_status":"closed","template":"","meta":[],"product_brand":[],"product_cat":[503,38],"product_tag":[98,96,49,97],"class_list":{"0":"post-1597","1":"product","2":"type-product","3":"status-publish","4":"has-post-thumbnail","6":"product_cat-herbst-winter-minibini-kollektion","7":"product_cat-frauen-taschen-minibini","8":"product_tag-businessbag","9":"product_tag-frauen-laptop-tasche","10":"product_tag-frauen-tasche","11":"product_tag-laptop-tasche","12":"alm-qv-enable","13":"almaira-woo-hover-zoom","14":"almaira-woo-alignment-center","15":"almaira-single-product-tab-horizontal","16":"almaira-shadow-0","17":"almaira-shadow-hover-0","19":"first","20":"onbackorder","21":"shipping-taxable","22":"purchasable","23":"product-type-variable"},"jetpack_sharing_enabled":true,"_links":{"self":[{"href":"https:\/\/www.minibini.at\/shop\/wp-json\/wp\/v2\/product\/1597","targetHints":{"allow":["GET"]}}],"collection":[{"href":"https:\/\/www.minibini.at\/shop\/wp-json\/wp\/v2\/product"}],"about":[{"href":"https:\/\/www.minibini.at\/shop\/wp-json\/wp\/v2\/types\/product"}],"replies":[{"embeddable":true,"href":"https:\/\/www.minibini.at\/shop\/wp-json\/wp\/v2\/comments?post=1597"}],"wp:featuredmedia":[{"embeddable":true,"href":"https:\/\/www.minibini.at\/shop\/wp-json\/wp\/v2\/media\/5515"}],"wp:attachment":[{"href":"https:\/\/www.minibini.at\/shop\/wp-json\/wp\/v2\/media?parent=1597"}],"wp:term":[{"taxonomy":"product_brand","embeddable":true,"href":"https:\/\/www.minibini.at\/shop\/wp-json\/wp\/v2\/product_brand?post=1597"},{"taxonomy":"product_cat","embeddable":true,"href":"https:\/\/www.minibini.at\/shop\/wp-json\/wp\/v2\/product_cat?post=1597"},{"taxonomy":"product_tag","embeddable":true,"href":"https:\/\/www.minibini.at\/shop\/wp-json\/wp\/v2\/product_tag?post=1597"}],"curies":[{"name":"wp","href":"https:\/\/api.w.org\/{rel}","templated":true}]}}