{"id":1565,"date":"2020-03-09T18:45:08","date_gmt":"2020-03-09T17:45:08","guid":{"rendered":"https:\/\/www.minibini.at\/shop\/?post_type=product&#038;p=1565"},"modified":"2025-10-28T09:26:44","modified_gmt":"2025-10-28T08:26:44","slug":"maedchen-kleid-im-wald","status":"publish","type":"product","link":"https:\/\/www.minibini.at\/shop\/produkt\/maedchen-kleid-im-wald\/","title":{"rendered":"M\u00e4dchen Kleid &#8222;Im Wald&#8220;"},"content":{"rendered":"<p>Ein M\u00e4dchenkleid mit Fl\u00fcgeln auf den Schultern und Waldtieren als Hauptmotiv. Hochwertige Baumwolle beweist sich als sehr pflegeleicht und ist elastisch, damit sich deine Maus immer gut bewegen kann und gleichzeiting wie eine Prinzessin f\u00fchlt!<\/p>\n","protected":false},"excerpt":{"rendered":"<ul>\n<li>Sch\u00f6nes Design &amp; mit Fl\u00fcgeln an den Schultern<\/li>\n<li>Langarm &#8211; auf Wunsch kurz\u00e4rmlig<\/li>\n<li>Hochwertige Baumwolle &amp; sehr pflegeleicht<\/li>\n<li><a href=\"mailto:kontakt@minibini.at\" target=\"_blank\" rel=\"noopener\">kontakt@minibini.at<\/a> f\u00fcr besondere W\u00fcnsche<\/li>\n<\/ul>\n","protected":false},"featured_media":1569,"comment_status":"open","ping_status":"closed","template":"","meta":[],"product_brand":[],"product_cat":[114],"product_tag":[89,39,88],"class_list":{"0":"post-1565","1":"product","2":"type-product","3":"status-publish","4":"has-post-thumbnail","6":"product_cat-not-published","7":"product_tag-blumenkleid","8":"product_tag-kindermode","9":"product_tag-maedchenkleid","10":"alm-qv-enable","11":"almaira-woo-hover-zoom","12":"almaira-woo-alignment-center","13":"almaira-single-product-tab-horizontal","14":"almaira-shadow-0","15":"almaira-shadow-hover-0","17":"first","18":"onbackorder","19":"shipping-taxable","20":"purchasable","21":"product-type-variable"},"jetpack_sharing_enabled":true,"_links":{"self":[{"href":"https:\/\/www.minibini.at\/shop\/wp-json\/wp\/v2\/product\/1565","targetHints":{"allow":["GET"]}}],"collection":[{"href":"https:\/\/www.minibini.at\/shop\/wp-json\/wp\/v2\/product"}],"about":[{"href":"https:\/\/www.minibini.at\/shop\/wp-json\/wp\/v2\/types\/product"}],"replies":[{"embeddable":true,"href":"https:\/\/www.minibini.at\/shop\/wp-json\/wp\/v2\/comments?post=1565"}],"wp:featuredmedia":[{"embeddable":true,"href":"https:\/\/www.minibini.at\/shop\/wp-json\/wp\/v2\/media\/1569"}],"wp:attachment":[{"href":"https:\/\/www.minibini.at\/shop\/wp-json\/wp\/v2\/media?parent=1565"}],"wp:term":[{"taxonomy":"product_brand","embeddable":true,"href":"https:\/\/www.minibini.at\/shop\/wp-json\/wp\/v2\/product_brand?post=1565"},{"taxonomy":"product_cat","embeddable":true,"href":"https:\/\/www.minibini.at\/shop\/wp-json\/wp\/v2\/product_cat?post=1565"},{"taxonomy":"product_tag","embeddable":true,"href":"https:\/\/www.minibini.at\/shop\/wp-json\/wp\/v2\/product_tag?post=1565"}],"curies":[{"name":"wp","href":"https:\/\/api.w.org\/{rel}","templated":true}]}}