{"id":1265,"date":"2020-03-09T18:43:06","date_gmt":"2020-03-09T17:43:06","guid":{"rendered":"https:\/\/www.minibini.at\/shop\/?post_type=product&#038;p=1265"},"modified":"2023-10-28T13:52:13","modified_gmt":"2023-10-28T11:52:13","slug":"taschen-mia","status":"publish","type":"product","link":"https:\/\/www.minibini.at\/shop\/produkt\/taschen-mia\/","title":{"rendered":"Taschen &#8222;Mia&#8220;"},"content":{"rendered":"<p>Falls du kein Rucksack Fan bist, brauchst du aber trotzdem viel Platz und Ordnung, ist diese Tasche perfekt f\u00fcr dich! Es gibt mehrere M\u00f6glichkeiten, wie du diese Tasche tragen kannst. Wenn du im Stress bist, nimmst du sie einfach bei der Trage oder wenn du einen Stadtspaziergang machst, kannst du sie einfach umh\u00e4ngen und sie fallen lassen. Die Tasche besteht aus Kunstleder und hat eine kleine Tasche auf der Innenseite.<\/p>\n<p>Gr\u00f6\u00dfe: 44x35cm<\/p>\n<p>Die Farben der abgebildeten Artikel k\u00f6nnen vom Original je nach Monitor und Aufl\u00f6sung abweichen, daf\u00fcr k\u00f6nnen wir keine Garantie \u00fcbernehmen.<\/p>\n<p>Wichtig: Hellere Materialien reagieren manchmal empfindlich auf Farb\u00fcbertragung, wenn sie gegen andere Textilmaterialien wie dunkle Jeans, dunklere M\u00e4ntel usw. gerieben werden \u2013 am besten sowas vermeiden \ud83d\ude09 Wir empfehlen au\u00dferdem, dass die Produkte nicht zu lange direktem Sonnenlicht ausgesezt sind.<\/p>\n","protected":false},"excerpt":{"rendered":"<ul>\n<li>Mehrere Tragem\u00f6glichkeiten<\/li>\n<li>Diese Gr\u00f6\u00dfe bietet viel Platz &#8211; 44\u00d735 cm<\/li>\n<li>Kunstleder &amp; kleine Tasche Innen<\/li>\n<li>Verstellbarer Gurt &amp; ein Trageriemen<\/li>\n<li>Farbe auch nach Deinem Wunsch -&gt; <a href=\"mailto:kontakt@minibini.at\" target=\"_blank\" rel=\"noopener\">kontakt@minibini.at<\/a><\/li>\n<\/ul>\n","protected":false},"featured_media":4243,"comment_status":"open","ping_status":"closed","template":"","meta":[],"product_brand":[],"product_cat":[114],"product_tag":[52,49,74],"class_list":{"0":"post-1265","1":"product","2":"type-product","3":"status-publish","4":"has-post-thumbnail","6":"product_cat-not-published","7":"product_tag-damen-tasche","8":"product_tag-frauen-tasche","9":"product_tag-grosse-tasche","10":"alm-qv-enable","11":"almaira-woo-hover-zoom","12":"almaira-woo-alignment-center","13":"almaira-single-product-tab-horizontal","14":"almaira-shadow-0","15":"almaira-shadow-hover-0","17":"first","18":"onbackorder","19":"shipping-taxable","20":"purchasable","21":"product-type-variable"},"jetpack_sharing_enabled":true,"_links":{"self":[{"href":"https:\/\/www.minibini.at\/shop\/wp-json\/wp\/v2\/product\/1265","targetHints":{"allow":["GET"]}}],"collection":[{"href":"https:\/\/www.minibini.at\/shop\/wp-json\/wp\/v2\/product"}],"about":[{"href":"https:\/\/www.minibini.at\/shop\/wp-json\/wp\/v2\/types\/product"}],"replies":[{"embeddable":true,"href":"https:\/\/www.minibini.at\/shop\/wp-json\/wp\/v2\/comments?post=1265"}],"wp:featuredmedia":[{"embeddable":true,"href":"https:\/\/www.minibini.at\/shop\/wp-json\/wp\/v2\/media\/4243"}],"wp:attachment":[{"href":"https:\/\/www.minibini.at\/shop\/wp-json\/wp\/v2\/media?parent=1265"}],"wp:term":[{"taxonomy":"product_brand","embeddable":true,"href":"https:\/\/www.minibini.at\/shop\/wp-json\/wp\/v2\/product_brand?post=1265"},{"taxonomy":"product_cat","embeddable":true,"href":"https:\/\/www.minibini.at\/shop\/wp-json\/wp\/v2\/product_cat?post=1265"},{"taxonomy":"product_tag","embeddable":true,"href":"https:\/\/www.minibini.at\/shop\/wp-json\/wp\/v2\/product_tag?post=1265"}],"curies":[{"name":"wp","href":"https:\/\/api.w.org\/{rel}","templated":true}]}}