{"id":1028,"date":"2020-02-20T20:16:58","date_gmt":"2020-02-20T19:16:58","guid":{"rendered":"https:\/\/www.minibini.at\/shop\/?post_type=product&#038;p=1028"},"modified":"2025-07-04T13:23:55","modified_gmt":"2025-07-04T11:23:55","slug":"set-maus-hoseweste","status":"publish","type":"product","link":"https:\/\/www.minibini.at\/shop\/produkt\/set-maus-hoseweste\/","title":{"rendered":"Kinder Set &#8222;Maus&#8220; (56-92)"},"content":{"rendered":"<p>Cooles Set &#8211; eine Hose, eine zugeh\u00f6rige Weste mit einer Kapuze (sogar mit Ohren), auf Wunsch auch ein Body mit Motiv, eine Haube und ein Dreiecks-Halstuch. Erh\u00e4ltlich in mehreren Gr\u00f6\u00dfen und das coole daran &#8211; das Set w\u00e4chst mit Deinem Kind sogar ein St\u00fcck weit mit.\u00a0 Wenn Dein Kind gr\u00f6\u00dfer wird, kannst Du die Hose einfach bei den F\u00fc\u00dfen und die Weste an den \u00c4rmeln verl\u00e4ngern, dank dem Design.<\/p>\n<p>Das Kinder Set ist mit gro\u00dfer Sorgfalt gen\u00e4ht und h\u00e4lt dank hochwertige Baumwolle sehr lange!<\/p>\n<p style=\"text-align: center;\"><strong>Farben links nach rechts:<\/strong><br \/>\neukalyptus | kokos | koralle | pfirsich | blau | creme | gr\u00fcn | hellgrau | beige |<br \/>\ncognac | haselnuss | olivgr\u00fcn | petrol | hell petrol | t\u00fcrkis | hellblau |<br \/>\npink | lavendel | puderrosa | dunkelrot | rot | ziegelrot | orange | ocker |<br \/>\npastellgelb<\/p>\n<p><img loading=\"lazy\" decoding=\"async\" class=\"aligncenter size-full wp-image-6890\" src=\"https:\/\/www.minibini.at\/shop\/wp-content\/uploads\/2024\/02\/farbentabelle.jpg\" alt=\"\" width=\"700\" height=\"360\" srcset=\"https:\/\/www.minibini.at\/shop\/wp-content\/uploads\/2024\/02\/farbentabelle.jpg 700w, https:\/\/www.minibini.at\/shop\/wp-content\/uploads\/2024\/02\/farbentabelle-300x154.jpg 300w, https:\/\/www.minibini.at\/shop\/wp-content\/uploads\/2024\/02\/farbentabelle-600x309.jpg 600w, https:\/\/www.minibini.at\/shop\/wp-content\/uploads\/2024\/02\/farbentabelle-48x25.jpg 48w\" sizes=\"auto, (max-width: 700px) 100vw, 700px\" \/><\/p>\n","protected":false},"excerpt":{"rendered":"<ul>\n<li>Set, das mit deinem Kind w\u00e4chst<\/li>\n<li>Unterst\u00fctzt zwei bis drei Kindergr\u00f6\u00dfen<\/li>\n<li>Hochwertige Baumwolle &amp; pflegeleicht<\/li>\n<li>Cooles Design &amp; verspielte Details\n<ul>\n<li>Fragen?<br \/>\nkontakt@minibini.at<\/li>\n<li><a href=\"https:\/\/wa.me\/436606202357\">whatsapp direkt<\/a><\/li>\n<\/ul>\n<\/li>\n<\/ul>\n","protected":false},"featured_media":2448,"comment_status":"open","ping_status":"closed","template":"","meta":[],"product_brand":[],"product_cat":[20,250],"product_tag":[44,43,42,40,41,39,45],"class_list":{"0":"post-1028","1":"product","2":"type-product","3":"status-publish","4":"has-post-thumbnail","6":"product_cat-baby-kinder-mode","7":"product_cat-personalisierte-geschenke","8":"product_tag-baby-hose","9":"product_tag-baby-weste","10":"product_tag-babymode","11":"product_tag-kinder-hose","12":"product_tag-kinder-weste","13":"product_tag-kindermode","14":"product_tag-minibini","15":"alm-qv-enable","16":"almaira-woo-hover-zoom","17":"almaira-woo-alignment-center","18":"almaira-single-product-tab-horizontal","19":"almaira-shadow-0","20":"almaira-shadow-hover-0","22":"first","23":"onbackorder","24":"sale","25":"shipping-taxable","26":"purchasable","27":"product-type-variable"},"jetpack_sharing_enabled":true,"_links":{"self":[{"href":"https:\/\/www.minibini.at\/shop\/wp-json\/wp\/v2\/product\/1028","targetHints":{"allow":["GET"]}}],"collection":[{"href":"https:\/\/www.minibini.at\/shop\/wp-json\/wp\/v2\/product"}],"about":[{"href":"https:\/\/www.minibini.at\/shop\/wp-json\/wp\/v2\/types\/product"}],"replies":[{"embeddable":true,"href":"https:\/\/www.minibini.at\/shop\/wp-json\/wp\/v2\/comments?post=1028"}],"wp:featuredmedia":[{"embeddable":true,"href":"https:\/\/www.minibini.at\/shop\/wp-json\/wp\/v2\/media\/2448"}],"wp:attachment":[{"href":"https:\/\/www.minibini.at\/shop\/wp-json\/wp\/v2\/media?parent=1028"}],"wp:term":[{"taxonomy":"product_brand","embeddable":true,"href":"https:\/\/www.minibini.at\/shop\/wp-json\/wp\/v2\/product_brand?post=1028"},{"taxonomy":"product_cat","embeddable":true,"href":"https:\/\/www.minibini.at\/shop\/wp-json\/wp\/v2\/product_cat?post=1028"},{"taxonomy":"product_tag","embeddable":true,"href":"https:\/\/www.minibini.at\/shop\/wp-json\/wp\/v2\/product_tag?post=1028"}],"curies":[{"name":"wp","href":"https:\/\/api.w.org\/{rel}","templated":true}]}}